{"id":1166,"date":"2026-03-20T17:35:28","date_gmt":"2026-03-20T16:35:28","guid":{"rendered":"http:\/\/www.pattymiller.at\/?page_id=1166"},"modified":"2026-03-20T17:35:28","modified_gmt":"2026-03-20T16:35:28","slug":"a-tribute-to-tina-turner","status":"publish","type":"page","link":"https:\/\/www.pattymiller.at\/?page_id=1166","title":{"rendered":"A Tribute to Tina Turner"},"content":{"rendered":"\n<div class=\"wp-block-group\"><div class=\"wp-block-group__inner-container is-layout-constrained wp-block-group-is-layout-constrained\">\n<h4>A Tribute to Tina Turner<\/h4>\n<div id=\"attachment_10892\" style=\"width: 250px\" class=\"wp-caption alignleft\"><a href=\"https:\/\/i0.wp.com\/www.pattymiller.at\/wp-content\/uploads\/2021\/05\/3-pop-Openair_Pop-Openair-IMG_3577.jpg?ssl=1\"><img data-recalc-dims=\"1\" decoding=\"async\" aria-describedby=\"caption-attachment-10892\" class=\"wp-image-10892 size-medium\" src=\"https:\/\/i0.wp.com\/www.pattymiller.at\/wp-content\/uploads\/2021\/05\/3-pop-Openair_Pop-Openair-IMG_3577.jpg?resize=250%2C188&#038;ssl=1\" alt=\"Openair B\u00fchne\" width=\"250\" height=\"188\" srcset=\"https:\/\/i0.wp.com\/www.pattymiller.at\/wp-content\/uploads\/2021\/05\/3-pop-Openair_Pop-Openair-IMG_3577.jpg?resize=250%2C188&amp;ssl=1 250w, https:\/\/i0.wp.com\/www.pattymiller.at\/wp-content\/uploads\/2021\/05\/3-pop-Openair_Pop-Openair-IMG_3577.jpg?w=400&amp;ssl=1 400w\" sizes=\"(max-width: 250px) 100vw, 250px\" \/><\/a><p id=\"caption-attachment-10892\" class=\"wp-caption-text\">Pfingstfest Zwettl<\/p><\/div>\n\nAlle Highlights live aus Tina Tuner&#8217;s jahrelanger Konzertreihe!\nTina Turner auf <a href=\"https:\/\/de.wikipedia.org\/wiki\/Tina_Turner\">wikipedia<\/a> um mehr \u00fcber diese aussergew\u00f6hnliche Frau, S\u00e4ngerin und K\u00fcnstlerin zu Erfahren,\n\n<hr \/>\n\n<h4><\/h4>\n<h4><\/h4>\nLeider musste dieses Programm aus gesundheitlichen Gr\u00fcnden eingestellt werden!\n\nBesuchen Sie als Entsch\u00e4digung die <a href=\"https:\/\/www.pattymiller.at\/audio-live-demos\/\">Audio Demoseite<\/a> von Patty Miller!\n\n\n<hr \/>\n\n<h4><strong>Tina Turner zu Ehren:<\/strong><\/h4>\n<em><strong>Die Band POPADRENALIN<\/strong><\/em> bietet dem Konzertbesucher diese Rock-Oldies!\nStandardbesetzung: Patty Miller (voc.), sowie keys, \u00a0guit., b., dr.,\nDie Standard-Formation ist auf Wunsch variabel!\nViel dazu gibt es nicht zu sagen, besser ist es einfach in die <a href=\"https:\/\/www.pattymiller.at\/audio\/\">Demos<\/a> hinein h\u00f6ren!\n<h4><strong>Eines vorweg:<\/strong><\/h4>\nEs gab keine, wie immer von verschiedensten Formationen versuchte Imitation einer Tina Turner.\n<em>Tina ist nicht zu imitieren<\/em> und wer dies versucht schadet sich und den Konzertbesuchern!\nPopadrenalin huldigte dem, was Tina Turner in ihrem Leben geleistet hat, denn allzu viele Menschen lieben Tina Turner und diese Musik.\n<h4><strong>Kein Double,<\/strong>\u00a0<strong>keine Imitation!<\/strong><\/h4>\nDas machte die Faszination dieser Band aus.\nErstaunlich ist Patty Millers stimmliches Spektrum, in ihren glasklaren, kr\u00e4ftigen und angenehmen H\u00f6hen, in denen sogar noch die Tiefen mitschwingen. G\u00f6nnen Sie sich diese und keine andere Stimme!\nAber Vorsicht, die Stimme von Patty Miller macht s\u00fcchtig!\nDas k\u00f6nnen bereits die vielen Fans von Patty Miller best\u00e4tigen!\n\nDas Bandmotto war stets:\nDie ganze Stadt muss singen!\n\n<hr \/>\n<p style=\"text-align: center;\">Entdecken Sie die atemberaubende vocale Vielfalt von Patty Miller, eine der sch\u00f6nsten, schw\u00e4rzesten und Ausdrucksst\u00e4rksten Stimmen. 4 Oktaven verzaubern das Publikum ab Ton eins!<\/p>\n<p style=\"text-align: center;\">Discover the breathtaking vocal diversity of Patty Miller, one of the most beautiful, blackest and expressive voices. 4 octaves enchant the audience from note one!<\/p>\n<\/div><\/div>\n","protected":false},"excerpt":{"rendered":"<p>A Tribute to Tina Turner Alle Highlights live aus Tina Tuner&#8217;s jahrelanger Konzertreihe! Tina Turner auf wikipedia um mehr \u00fcber diese aussergew\u00f6hnliche Frau, S\u00e4ngerin und K\u00fcnstlerin zu Erfahren, Leider musste dieses Programm aus gesundheitlichen Gr\u00fcnden eingestellt werden! Besuchen Sie als Entsch\u00e4digung die Audio Demoseite von Patty Miller! Tina Turner zu Ehren: Die Band POPADRENALIN bietet &hellip; <\/p>\n<p><a class=\"more-link btn\" href=\"https:\/\/www.pattymiller.at\/?page_id=1166\">Weiterlesen<\/a><\/p>\n","protected":false},"author":2,"featured_media":0,"parent":0,"menu_order":5,"comment_status":"closed","ping_status":"closed","template":"","meta":{"footnotes":""},"class_list":["post-1166","page","type-page","status-publish","hentry","nodate","item-wrap"],"yoast_head":"<!-- This site is optimized with the Yoast SEO Premium plugin v27.6 (Yoast SEO v27.6) - https:\/\/yoast.com\/product\/yoast-seo-premium-wordpress\/ -->\n<title>A Tribute to Tina Turner : Patty Miller vocal &amp; Helmut Hussian Fotografie<\/title>\n<meta name=\"description\" content=\"Patty Miller vocal &amp; Helmut Hussian Fotografie Alle HighLights aus Tina Tuner&#039;s Konzertreihe. Patty Miller mit Quintett oder\u00a0Solo als Highlight buchbar!\" \/>\n<meta name=\"robots\" content=\"index, follow, max-snippet:-1, max-image-preview:large, max-video-preview:-1\" \/>\n<link rel=\"canonical\" href=\"https:\/\/www.pattymiller.at\/?page_id=1166\" \/>\n<meta property=\"og:locale\" content=\"de_DE\" \/>\n<meta property=\"og:type\" content=\"article\" \/>\n<meta property=\"og:title\" content=\"A Tribute to Tina Turner\" \/>\n<meta property=\"og:description\" content=\"Patty Miller vocal &amp; Helmut Hussian Fotografie Alle HighLights aus Tina Tuner&#039;s Konzertreihe. Patty Miller mit Quintett oder\u00a0Solo als Highlight buchbar!\" \/>\n<meta property=\"og:url\" content=\"https:\/\/www.pattymiller.at\/?page_id=1166\" \/>\n<meta property=\"og:site_name\" content=\"Patty Miller vocal &amp; Helmut Hussian Fotografie\" \/>\n<meta property=\"og:image\" content=\"https:\/\/www.pattymiller.at\/wp-content\/uploads\/2021\/05\/3-pop-Openair_Pop-Openair-IMG_3577-250x188.jpg\" \/>\n<meta name=\"twitter:card\" content=\"summary_large_image\" \/>\n<meta name=\"twitter:label1\" content=\"Gesch\u00e4tzte Lesezeit\" \/>\n\t<meta name=\"twitter:data1\" content=\"2\u00a0Minuten\" \/>\n<script type=\"application\/ld+json\" class=\"yoast-schema-graph\">{\"@context\":\"https:\\\/\\\/schema.org\",\"@graph\":[{\"@type\":\"WebPage\",\"@id\":\"https:\\\/\\\/www.pattymiller.at\\\/?page_id=1166\",\"url\":\"https:\\\/\\\/www.pattymiller.at\\\/?page_id=1166\",\"name\":\"A Tribute to Tina Turner : Patty Miller vocal &amp; Helmut Hussian Fotografie\",\"isPartOf\":{\"@id\":\"https:\\\/\\\/www.pattymiller.at\\\/#website\"},\"primaryImageOfPage\":{\"@id\":\"https:\\\/\\\/www.pattymiller.at\\\/?page_id=1166#primaryimage\"},\"image\":{\"@id\":\"https:\\\/\\\/www.pattymiller.at\\\/?page_id=1166#primaryimage\"},\"thumbnailUrl\":\"https:\\\/\\\/www.pattymiller.at\\\/wp-content\\\/uploads\\\/2021\\\/05\\\/3-pop-Openair_Pop-Openair-IMG_3577-250x188.jpg\",\"datePublished\":\"2026-03-20T16:35:28+00:00\",\"description\":\"Patty Miller vocal &amp; Helmut Hussian Fotografie Alle HighLights aus Tina Tuner's Konzertreihe. Patty Miller mit Quintett oder\u00a0Solo als Highlight buchbar!\",\"breadcrumb\":{\"@id\":\"https:\\\/\\\/www.pattymiller.at\\\/?page_id=1166#breadcrumb\"},\"inLanguage\":\"de\",\"potentialAction\":[{\"@type\":\"ReadAction\",\"target\":[\"https:\\\/\\\/www.pattymiller.at\\\/?page_id=1166\"]}]},{\"@type\":\"ImageObject\",\"inLanguage\":\"de\",\"@id\":\"https:\\\/\\\/www.pattymiller.at\\\/?page_id=1166#primaryimage\",\"url\":\"https:\\\/\\\/i0.wp.com\\\/www.pattymiller.at\\\/wp-content\\\/uploads\\\/2021\\\/05\\\/3-pop-Openair_Pop-Openair-IMG_3577.jpg?fit=400%2C300&ssl=1\",\"contentUrl\":\"https:\\\/\\\/i0.wp.com\\\/www.pattymiller.at\\\/wp-content\\\/uploads\\\/2021\\\/05\\\/3-pop-Openair_Pop-Openair-IMG_3577.jpg?fit=400%2C300&ssl=1\",\"width\":400,\"height\":300,\"caption\":\"Openair B\u00fchne\"},{\"@type\":\"BreadcrumbList\",\"@id\":\"https:\\\/\\\/www.pattymiller.at\\\/?page_id=1166#breadcrumb\",\"itemListElement\":[{\"@type\":\"ListItem\",\"position\":1,\"name\":\"Startseite\",\"item\":\"https:\\\/\\\/www.pattymiller.at\\\/\"},{\"@type\":\"ListItem\",\"position\":2,\"name\":\"A Tribute to Tina Turner\"}]},{\"@type\":\"WebSite\",\"@id\":\"https:\\\/\\\/www.pattymiller.at\\\/#website\",\"url\":\"https:\\\/\\\/www.pattymiller.at\\\/\",\"name\":\"Patty Miller vocal &amp; Helmut Hussian Fotografie\",\"description\":\"Unser Weg ist das Ziel - wir arbeiten derzeit daran!\",\"publisher\":{\"@id\":\"https:\\\/\\\/www.pattymiller.at\\\/#\\\/schema\\\/person\\\/1f9bd0a95e4c35fba18a93b2cae5a8f9\"},\"potentialAction\":[{\"@type\":\"SearchAction\",\"target\":{\"@type\":\"EntryPoint\",\"urlTemplate\":\"https:\\\/\\\/www.pattymiller.at\\\/?s={search_term_string}\"},\"query-input\":{\"@type\":\"PropertyValueSpecification\",\"valueRequired\":true,\"valueName\":\"search_term_string\"}}],\"inLanguage\":\"de\"},{\"@type\":[\"Person\",\"Organization\"],\"@id\":\"https:\\\/\\\/www.pattymiller.at\\\/#\\\/schema\\\/person\\\/1f9bd0a95e4c35fba18a93b2cae5a8f9\",\"name\":\"Helmut Hussian\",\"image\":{\"@type\":\"ImageObject\",\"inLanguage\":\"de\",\"@id\":\"https:\\\/\\\/i0.wp.com\\\/www.pattymiller.at\\\/wp-content\\\/uploads\\\/2018\\\/05\\\/cropped-cropped-cropped-cropped-jazzlogo.png?fit=512%2C512&ssl=1\",\"url\":\"https:\\\/\\\/i0.wp.com\\\/www.pattymiller.at\\\/wp-content\\\/uploads\\\/2018\\\/05\\\/cropped-cropped-cropped-cropped-jazzlogo.png?fit=512%2C512&ssl=1\",\"contentUrl\":\"https:\\\/\\\/i0.wp.com\\\/www.pattymiller.at\\\/wp-content\\\/uploads\\\/2018\\\/05\\\/cropped-cropped-cropped-cropped-jazzlogo.png?fit=512%2C512&ssl=1\",\"width\":512,\"height\":512,\"caption\":\"Helmut Hussian\"},\"logo\":{\"@id\":\"https:\\\/\\\/i0.wp.com\\\/www.pattymiller.at\\\/wp-content\\\/uploads\\\/2018\\\/05\\\/cropped-cropped-cropped-cropped-jazzlogo.png?fit=512%2C512&ssl=1\"},\"description\":\"Vieles im Leben ausprobiert, nicht immer das gescheiterte getan. So kam ich zur Musik und zur Fotografie.\",\"sameAs\":[\"http:\\\/\\\/www.pattymiller.at\"],\"knowsLanguage\":[\"Deutsch\"]}]}<\/script>\n<!-- \/ Yoast SEO Premium plugin. -->","yoast_head_json":{"title":"A Tribute to Tina Turner : Patty Miller vocal &amp; Helmut Hussian Fotografie","description":"Patty Miller vocal &amp; Helmut Hussian Fotografie Alle HighLights aus Tina Tuner's Konzertreihe. Patty Miller mit Quintett oder\u00a0Solo als Highlight buchbar!","robots":{"index":"index","follow":"follow","max-snippet":"max-snippet:-1","max-image-preview":"max-image-preview:large","max-video-preview":"max-video-preview:-1"},"canonical":"https:\/\/www.pattymiller.at\/?page_id=1166","og_locale":"de_DE","og_type":"article","og_title":"A Tribute to Tina Turner","og_description":"Patty Miller vocal &amp; Helmut Hussian Fotografie Alle HighLights aus Tina Tuner's Konzertreihe. Patty Miller mit Quintett oder\u00a0Solo als Highlight buchbar!","og_url":"https:\/\/www.pattymiller.at\/?page_id=1166","og_site_name":"Patty Miller vocal &amp; Helmut Hussian Fotografie","og_image":[{"url":"https:\/\/www.pattymiller.at\/wp-content\/uploads\/2021\/05\/3-pop-Openair_Pop-Openair-IMG_3577-250x188.jpg","type":"","width":"","height":""}],"twitter_card":"summary_large_image","twitter_misc":{"Gesch\u00e4tzte Lesezeit":"2\u00a0Minuten"},"schema":{"@context":"https:\/\/schema.org","@graph":[{"@type":"WebPage","@id":"https:\/\/www.pattymiller.at\/?page_id=1166","url":"https:\/\/www.pattymiller.at\/?page_id=1166","name":"A Tribute to Tina Turner : Patty Miller vocal &amp; Helmut Hussian Fotografie","isPartOf":{"@id":"https:\/\/www.pattymiller.at\/#website"},"primaryImageOfPage":{"@id":"https:\/\/www.pattymiller.at\/?page_id=1166#primaryimage"},"image":{"@id":"https:\/\/www.pattymiller.at\/?page_id=1166#primaryimage"},"thumbnailUrl":"https:\/\/www.pattymiller.at\/wp-content\/uploads\/2021\/05\/3-pop-Openair_Pop-Openair-IMG_3577-250x188.jpg","datePublished":"2026-03-20T16:35:28+00:00","description":"Patty Miller vocal &amp; Helmut Hussian Fotografie Alle HighLights aus Tina Tuner's Konzertreihe. Patty Miller mit Quintett oder\u00a0Solo als Highlight buchbar!","breadcrumb":{"@id":"https:\/\/www.pattymiller.at\/?page_id=1166#breadcrumb"},"inLanguage":"de","potentialAction":[{"@type":"ReadAction","target":["https:\/\/www.pattymiller.at\/?page_id=1166"]}]},{"@type":"ImageObject","inLanguage":"de","@id":"https:\/\/www.pattymiller.at\/?page_id=1166#primaryimage","url":"https:\/\/i0.wp.com\/www.pattymiller.at\/wp-content\/uploads\/2021\/05\/3-pop-Openair_Pop-Openair-IMG_3577.jpg?fit=400%2C300&ssl=1","contentUrl":"https:\/\/i0.wp.com\/www.pattymiller.at\/wp-content\/uploads\/2021\/05\/3-pop-Openair_Pop-Openair-IMG_3577.jpg?fit=400%2C300&ssl=1","width":400,"height":300,"caption":"Openair B\u00fchne"},{"@type":"BreadcrumbList","@id":"https:\/\/www.pattymiller.at\/?page_id=1166#breadcrumb","itemListElement":[{"@type":"ListItem","position":1,"name":"Startseite","item":"https:\/\/www.pattymiller.at\/"},{"@type":"ListItem","position":2,"name":"A Tribute to Tina Turner"}]},{"@type":"WebSite","@id":"https:\/\/www.pattymiller.at\/#website","url":"https:\/\/www.pattymiller.at\/","name":"Patty Miller vocal &amp; Helmut Hussian Fotografie","description":"Unser Weg ist das Ziel - wir arbeiten derzeit daran!","publisher":{"@id":"https:\/\/www.pattymiller.at\/#\/schema\/person\/1f9bd0a95e4c35fba18a93b2cae5a8f9"},"potentialAction":[{"@type":"SearchAction","target":{"@type":"EntryPoint","urlTemplate":"https:\/\/www.pattymiller.at\/?s={search_term_string}"},"query-input":{"@type":"PropertyValueSpecification","valueRequired":true,"valueName":"search_term_string"}}],"inLanguage":"de"},{"@type":["Person","Organization"],"@id":"https:\/\/www.pattymiller.at\/#\/schema\/person\/1f9bd0a95e4c35fba18a93b2cae5a8f9","name":"Helmut Hussian","image":{"@type":"ImageObject","inLanguage":"de","@id":"https:\/\/i0.wp.com\/www.pattymiller.at\/wp-content\/uploads\/2018\/05\/cropped-cropped-cropped-cropped-jazzlogo.png?fit=512%2C512&ssl=1","url":"https:\/\/i0.wp.com\/www.pattymiller.at\/wp-content\/uploads\/2018\/05\/cropped-cropped-cropped-cropped-jazzlogo.png?fit=512%2C512&ssl=1","contentUrl":"https:\/\/i0.wp.com\/www.pattymiller.at\/wp-content\/uploads\/2018\/05\/cropped-cropped-cropped-cropped-jazzlogo.png?fit=512%2C512&ssl=1","width":512,"height":512,"caption":"Helmut Hussian"},"logo":{"@id":"https:\/\/i0.wp.com\/www.pattymiller.at\/wp-content\/uploads\/2018\/05\/cropped-cropped-cropped-cropped-jazzlogo.png?fit=512%2C512&ssl=1"},"description":"Vieles im Leben ausprobiert, nicht immer das gescheiterte getan. So kam ich zur Musik und zur Fotografie.","sameAs":["http:\/\/www.pattymiller.at"],"knowsLanguage":["Deutsch"]}]}},"jetpack_sharing_enabled":true,"_links":{"self":[{"href":"https:\/\/www.pattymiller.at\/index.php?rest_route=\/wp\/v2\/pages\/1166","targetHints":{"allow":["GET"]}}],"collection":[{"href":"https:\/\/www.pattymiller.at\/index.php?rest_route=\/wp\/v2\/pages"}],"about":[{"href":"https:\/\/www.pattymiller.at\/index.php?rest_route=\/wp\/v2\/types\/page"}],"author":[{"embeddable":true,"href":"https:\/\/www.pattymiller.at\/index.php?rest_route=\/wp\/v2\/users\/2"}],"replies":[{"embeddable":true,"href":"https:\/\/www.pattymiller.at\/index.php?rest_route=%2Fwp%2Fv2%2Fcomments&post=1166"}],"version-history":[{"count":102,"href":"https:\/\/www.pattymiller.at\/index.php?rest_route=\/wp\/v2\/pages\/1166\/revisions"}],"predecessor-version":[{"id":12119,"href":"https:\/\/www.pattymiller.at\/index.php?rest_route=\/wp\/v2\/pages\/1166\/revisions\/12119"}],"wp:attachment":[{"href":"https:\/\/www.pattymiller.at\/index.php?rest_route=%2Fwp%2Fv2%2Fmedia&parent=1166"}],"curies":[{"name":"wp","href":"https:\/\/api.w.org\/{rel}","templated":true}]}}