{"id":12073,"date":"2026-03-20T17:35:24","date_gmt":"2026-03-20T16:35:24","guid":{"rendered":"https:\/\/www.pattymiller.at\/?page_id=12073"},"modified":"2026-05-05T15:09:49","modified_gmt":"2026-05-05T13:09:49","slug":"patty-miller-fotografie","status":"publish","type":"page","link":"https:\/\/www.pattymiller.at\/?page_id=12073","title":{"rendered":"Fotografie Patty Miller"},"content":{"rendered":"<h4>Meine erste fotografische Arbeit!<\/h4>\n<p><a href=\"https:\/\/i0.wp.com\/www.pattymiller.at\/wp-content\/uploads\/2024\/02\/Your-Caerd.jpg?ssl=1\"><img data-recalc-dims=\"1\" fetchpriority=\"high\" decoding=\"async\" class=\"alignleft size-medium wp-image-13371\" src=\"https:\/\/i0.wp.com\/www.pattymiller.at\/wp-content\/uploads\/2024\/02\/Your-Caerd.jpg?resize=200%2C300&#038;ssl=1\" alt=\"\" width=\"200\" height=\"300\" srcset=\"https:\/\/i0.wp.com\/www.pattymiller.at\/wp-content\/uploads\/2024\/02\/Your-Caerd.jpg?resize=200%2C300&amp;ssl=1 200w, https:\/\/i0.wp.com\/www.pattymiller.at\/wp-content\/uploads\/2024\/02\/Your-Caerd.jpg?resize=683%2C1024&amp;ssl=1 683w, https:\/\/i0.wp.com\/www.pattymiller.at\/wp-content\/uploads\/2024\/02\/Your-Caerd.jpg?resize=768%2C1152&amp;ssl=1 768w, https:\/\/i0.wp.com\/www.pattymiller.at\/wp-content\/uploads\/2024\/02\/Your-Caerd.jpg?resize=1024%2C1536&amp;ssl=1 1024w, https:\/\/i0.wp.com\/www.pattymiller.at\/wp-content\/uploads\/2024\/02\/Your-Caerd.jpg?resize=1365%2C2048&amp;ssl=1 1365w, https:\/\/i0.wp.com\/www.pattymiller.at\/wp-content\/uploads\/2024\/02\/Your-Caerd.jpg?resize=750%2C1125&amp;ssl=1 750w, https:\/\/i0.wp.com\/www.pattymiller.at\/wp-content\/uploads\/2024\/02\/Your-Caerd.jpg?w=1500&amp;ssl=1 1500w, https:\/\/i0.wp.com\/www.pattymiller.at\/wp-content\/uploads\/2024\/02\/Your-Caerd.jpg?w=2250&amp;ssl=1 2250w\" sizes=\"(max-width: 200px) 100vw, 200px\" \/><\/a>Das war eine meiner ersten Arbeiten, eine Komposition einer Geburtstagskarte!<br \/>\nDiese ist auch k\u00e4uflich zu Erwerben \u00a0\u20ac 5,- zzgl versandt !<br \/>\nDer ben\u00f6tigte Text wird von mir eingef\u00fcgt!<\/p>\n<p>Meine ersten Fotos entstanden etwa 2015, als ich von unserem Bandmanager eine Kamera in die Hand gedr\u00fcckt bekam mit den Worten: &#8220;Probiere einmal!&#8221;<br \/>\nEiner meiner Fans meinte damals, &#8220;Nach 10.000 Fotos sehen wir was Du kannst&#8221;.<br \/>\nDurch meine Liebe zur Natur ist das Thema meiner Fotos in erster Linie Natur und Tiere.<br \/>\nMeine Seiten werden in n\u00e4chster Zeit weiter vervollst\u00e4ndigt.<br \/>\nAlso, schau wieder vorbei!<\/p>\n<p style=\"font-weight: 400;\">\n<p>&nbsp;<\/p>\n<p>&nbsp;<\/p>\n<hr \/>\n<p>&nbsp;<\/p>\n","protected":false},"excerpt":{"rendered":"<p>Meine erste fotografische Arbeit! Das war eine meiner ersten Arbeiten, eine Komposition einer Geburtstagskarte! Diese ist auch k\u00e4uflich zu Erwerben \u00a0\u20ac 5,- zzgl versandt ! Der ben\u00f6tigte Text wird von mir eingef\u00fcgt! Meine ersten Fotos entstanden etwa 2015, als ich von unserem Bandmanager eine Kamera in die Hand gedr\u00fcckt bekam mit den Worten: &#8220;Probiere einmal!&#8221; &hellip; <\/p>\n<p><a class=\"more-link btn\" href=\"https:\/\/www.pattymiller.at\/?page_id=12073\">Weiterlesen<\/a><\/p>\n","protected":false},"author":2,"featured_media":0,"parent":0,"menu_order":0,"comment_status":"closed","ping_status":"closed","template":"","meta":{"footnotes":""},"class_list":["post-12073","page","type-page","status-publish","hentry","nodate","item-wrap"],"yoast_head":"<!-- This site is optimized with the Yoast SEO Premium plugin v27.6 (Yoast SEO v27.6) - https:\/\/yoast.com\/product\/yoast-seo-premium-wordpress\/ -->\n<title>Patty Miller fotografie<\/title>\n<meta name=\"description\" content=\"Tauche ein in die Welt meiner Fotografie. Natur und Tiere stehen im Fokus meiner eindrucksvollen Fotos. Begonnen hat aller 2015\" \/>\n<meta name=\"robots\" content=\"index, follow, max-snippet:-1, max-image-preview:large, max-video-preview:-1\" \/>\n<link rel=\"canonical\" href=\"https:\/\/www.pattymiller.at\/?page_id=12073\" \/>\n<meta property=\"og:locale\" content=\"de_DE\" \/>\n<meta property=\"og:type\" content=\"article\" \/>\n<meta property=\"og:title\" content=\"Fotografie Patty Miller\" \/>\n<meta property=\"og:description\" content=\"Tauche ein in die Welt meiner Fotografie. Natur und Tiere stehen im Fokus meiner eindrucksvollen Fotos. Begonnen hat aller 2015\" \/>\n<meta property=\"og:url\" content=\"https:\/\/www.pattymiller.at\/?page_id=12073\" \/>\n<meta property=\"og:site_name\" content=\"Patty Miller vocal &amp; Helmut Hussian Fotografie\" \/>\n<meta property=\"article:modified_time\" content=\"2026-05-05T13:09:49+00:00\" \/>\n<meta property=\"og:image\" content=\"https:\/\/www.pattymiller.at\/wp-content\/uploads\/2024\/02\/Your-Caerd-200x300.jpg\" \/>\n<meta name=\"twitter:card\" content=\"summary_large_image\" \/>\n<meta name=\"twitter:label1\" content=\"Gesch\u00e4tzte Lesezeit\" \/>\n\t<meta name=\"twitter:data1\" content=\"1\u00a0Minute\" \/>\n<script type=\"application\/ld+json\" class=\"yoast-schema-graph\">{\"@context\":\"https:\\\/\\\/schema.org\",\"@graph\":[{\"@type\":\"WebPage\",\"@id\":\"https:\\\/\\\/www.pattymiller.at\\\/?page_id=12073\",\"url\":\"https:\\\/\\\/www.pattymiller.at\\\/?page_id=12073\",\"name\":\"Patty Miller fotografie\",\"isPartOf\":{\"@id\":\"https:\\\/\\\/www.pattymiller.at\\\/#website\"},\"primaryImageOfPage\":{\"@id\":\"https:\\\/\\\/www.pattymiller.at\\\/?page_id=12073#primaryimage\"},\"image\":{\"@id\":\"https:\\\/\\\/www.pattymiller.at\\\/?page_id=12073#primaryimage\"},\"thumbnailUrl\":\"https:\\\/\\\/www.pattymiller.at\\\/wp-content\\\/uploads\\\/2024\\\/02\\\/Your-Caerd-200x300.jpg\",\"datePublished\":\"2026-03-20T16:35:24+00:00\",\"dateModified\":\"2026-05-05T13:09:49+00:00\",\"description\":\"Tauche ein in die Welt meiner Fotografie. Natur und Tiere stehen im Fokus meiner eindrucksvollen Fotos. Begonnen hat aller 2015\",\"breadcrumb\":{\"@id\":\"https:\\\/\\\/www.pattymiller.at\\\/?page_id=12073#breadcrumb\"},\"inLanguage\":\"de\",\"potentialAction\":[{\"@type\":\"ReadAction\",\"target\":[\"https:\\\/\\\/www.pattymiller.at\\\/?page_id=12073\"]}]},{\"@type\":\"ImageObject\",\"inLanguage\":\"de\",\"@id\":\"https:\\\/\\\/www.pattymiller.at\\\/?page_id=12073#primaryimage\",\"url\":\"https:\\\/\\\/i0.wp.com\\\/www.pattymiller.at\\\/wp-content\\\/uploads\\\/2024\\\/02\\\/Your-Caerd.jpg?fit=2687%2C4031&ssl=1\",\"contentUrl\":\"https:\\\/\\\/i0.wp.com\\\/www.pattymiller.at\\\/wp-content\\\/uploads\\\/2024\\\/02\\\/Your-Caerd.jpg?fit=2687%2C4031&ssl=1\",\"width\":2687,\"height\":4031},{\"@type\":\"BreadcrumbList\",\"@id\":\"https:\\\/\\\/www.pattymiller.at\\\/?page_id=12073#breadcrumb\",\"itemListElement\":[{\"@type\":\"ListItem\",\"position\":1,\"name\":\"Startseite\",\"item\":\"https:\\\/\\\/www.pattymiller.at\\\/\"},{\"@type\":\"ListItem\",\"position\":2,\"name\":\"Fotografie Patty Miller\"}]},{\"@type\":\"WebSite\",\"@id\":\"https:\\\/\\\/www.pattymiller.at\\\/#website\",\"url\":\"https:\\\/\\\/www.pattymiller.at\\\/\",\"name\":\"Patty Miller vocal &amp; Helmut Hussian Fotografie\",\"description\":\"Unser Weg ist das Ziel - wir arbeiten derzeit daran!\",\"publisher\":{\"@id\":\"https:\\\/\\\/www.pattymiller.at\\\/#\\\/schema\\\/person\\\/1f9bd0a95e4c35fba18a93b2cae5a8f9\"},\"potentialAction\":[{\"@type\":\"SearchAction\",\"target\":{\"@type\":\"EntryPoint\",\"urlTemplate\":\"https:\\\/\\\/www.pattymiller.at\\\/?s={search_term_string}\"},\"query-input\":{\"@type\":\"PropertyValueSpecification\",\"valueRequired\":true,\"valueName\":\"search_term_string\"}}],\"inLanguage\":\"de\"},{\"@type\":[\"Person\",\"Organization\"],\"@id\":\"https:\\\/\\\/www.pattymiller.at\\\/#\\\/schema\\\/person\\\/1f9bd0a95e4c35fba18a93b2cae5a8f9\",\"name\":\"Helmut Hussian\",\"image\":{\"@type\":\"ImageObject\",\"inLanguage\":\"de\",\"@id\":\"https:\\\/\\\/i0.wp.com\\\/www.pattymiller.at\\\/wp-content\\\/uploads\\\/2018\\\/05\\\/cropped-cropped-cropped-cropped-jazzlogo.png?fit=512%2C512&ssl=1\",\"url\":\"https:\\\/\\\/i0.wp.com\\\/www.pattymiller.at\\\/wp-content\\\/uploads\\\/2018\\\/05\\\/cropped-cropped-cropped-cropped-jazzlogo.png?fit=512%2C512&ssl=1\",\"contentUrl\":\"https:\\\/\\\/i0.wp.com\\\/www.pattymiller.at\\\/wp-content\\\/uploads\\\/2018\\\/05\\\/cropped-cropped-cropped-cropped-jazzlogo.png?fit=512%2C512&ssl=1\",\"width\":512,\"height\":512,\"caption\":\"Helmut Hussian\"},\"logo\":{\"@id\":\"https:\\\/\\\/i0.wp.com\\\/www.pattymiller.at\\\/wp-content\\\/uploads\\\/2018\\\/05\\\/cropped-cropped-cropped-cropped-jazzlogo.png?fit=512%2C512&ssl=1\"},\"description\":\"Vieles im Leben ausprobiert, nicht immer das gescheiterte getan. So kam ich zur Musik und zur Fotografie.\",\"sameAs\":[\"http:\\\/\\\/www.pattymiller.at\"],\"knowsLanguage\":[\"Deutsch\"]}]}<\/script>\n<!-- \/ Yoast SEO Premium plugin. -->","yoast_head_json":{"title":"Patty Miller fotografie","description":"Tauche ein in die Welt meiner Fotografie. Natur und Tiere stehen im Fokus meiner eindrucksvollen Fotos. Begonnen hat aller 2015","robots":{"index":"index","follow":"follow","max-snippet":"max-snippet:-1","max-image-preview":"max-image-preview:large","max-video-preview":"max-video-preview:-1"},"canonical":"https:\/\/www.pattymiller.at\/?page_id=12073","og_locale":"de_DE","og_type":"article","og_title":"Fotografie Patty Miller","og_description":"Tauche ein in die Welt meiner Fotografie. Natur und Tiere stehen im Fokus meiner eindrucksvollen Fotos. Begonnen hat aller 2015","og_url":"https:\/\/www.pattymiller.at\/?page_id=12073","og_site_name":"Patty Miller vocal &amp; Helmut Hussian Fotografie","article_modified_time":"2026-05-05T13:09:49+00:00","og_image":[{"url":"https:\/\/www.pattymiller.at\/wp-content\/uploads\/2024\/02\/Your-Caerd-200x300.jpg","type":"","width":"","height":""}],"twitter_card":"summary_large_image","twitter_misc":{"Gesch\u00e4tzte Lesezeit":"1\u00a0Minute"},"schema":{"@context":"https:\/\/schema.org","@graph":[{"@type":"WebPage","@id":"https:\/\/www.pattymiller.at\/?page_id=12073","url":"https:\/\/www.pattymiller.at\/?page_id=12073","name":"Patty Miller fotografie","isPartOf":{"@id":"https:\/\/www.pattymiller.at\/#website"},"primaryImageOfPage":{"@id":"https:\/\/www.pattymiller.at\/?page_id=12073#primaryimage"},"image":{"@id":"https:\/\/www.pattymiller.at\/?page_id=12073#primaryimage"},"thumbnailUrl":"https:\/\/www.pattymiller.at\/wp-content\/uploads\/2024\/02\/Your-Caerd-200x300.jpg","datePublished":"2026-03-20T16:35:24+00:00","dateModified":"2026-05-05T13:09:49+00:00","description":"Tauche ein in die Welt meiner Fotografie. Natur und Tiere stehen im Fokus meiner eindrucksvollen Fotos. Begonnen hat aller 2015","breadcrumb":{"@id":"https:\/\/www.pattymiller.at\/?page_id=12073#breadcrumb"},"inLanguage":"de","potentialAction":[{"@type":"ReadAction","target":["https:\/\/www.pattymiller.at\/?page_id=12073"]}]},{"@type":"ImageObject","inLanguage":"de","@id":"https:\/\/www.pattymiller.at\/?page_id=12073#primaryimage","url":"https:\/\/i0.wp.com\/www.pattymiller.at\/wp-content\/uploads\/2024\/02\/Your-Caerd.jpg?fit=2687%2C4031&ssl=1","contentUrl":"https:\/\/i0.wp.com\/www.pattymiller.at\/wp-content\/uploads\/2024\/02\/Your-Caerd.jpg?fit=2687%2C4031&ssl=1","width":2687,"height":4031},{"@type":"BreadcrumbList","@id":"https:\/\/www.pattymiller.at\/?page_id=12073#breadcrumb","itemListElement":[{"@type":"ListItem","position":1,"name":"Startseite","item":"https:\/\/www.pattymiller.at\/"},{"@type":"ListItem","position":2,"name":"Fotografie Patty Miller"}]},{"@type":"WebSite","@id":"https:\/\/www.pattymiller.at\/#website","url":"https:\/\/www.pattymiller.at\/","name":"Patty Miller vocal &amp; Helmut Hussian Fotografie","description":"Unser Weg ist das Ziel - wir arbeiten derzeit daran!","publisher":{"@id":"https:\/\/www.pattymiller.at\/#\/schema\/person\/1f9bd0a95e4c35fba18a93b2cae5a8f9"},"potentialAction":[{"@type":"SearchAction","target":{"@type":"EntryPoint","urlTemplate":"https:\/\/www.pattymiller.at\/?s={search_term_string}"},"query-input":{"@type":"PropertyValueSpecification","valueRequired":true,"valueName":"search_term_string"}}],"inLanguage":"de"},{"@type":["Person","Organization"],"@id":"https:\/\/www.pattymiller.at\/#\/schema\/person\/1f9bd0a95e4c35fba18a93b2cae5a8f9","name":"Helmut Hussian","image":{"@type":"ImageObject","inLanguage":"de","@id":"https:\/\/i0.wp.com\/www.pattymiller.at\/wp-content\/uploads\/2018\/05\/cropped-cropped-cropped-cropped-jazzlogo.png?fit=512%2C512&ssl=1","url":"https:\/\/i0.wp.com\/www.pattymiller.at\/wp-content\/uploads\/2018\/05\/cropped-cropped-cropped-cropped-jazzlogo.png?fit=512%2C512&ssl=1","contentUrl":"https:\/\/i0.wp.com\/www.pattymiller.at\/wp-content\/uploads\/2018\/05\/cropped-cropped-cropped-cropped-jazzlogo.png?fit=512%2C512&ssl=1","width":512,"height":512,"caption":"Helmut Hussian"},"logo":{"@id":"https:\/\/i0.wp.com\/www.pattymiller.at\/wp-content\/uploads\/2018\/05\/cropped-cropped-cropped-cropped-jazzlogo.png?fit=512%2C512&ssl=1"},"description":"Vieles im Leben ausprobiert, nicht immer das gescheiterte getan. So kam ich zur Musik und zur Fotografie.","sameAs":["http:\/\/www.pattymiller.at"],"knowsLanguage":["Deutsch"]}]}},"jetpack_sharing_enabled":true,"_links":{"self":[{"href":"https:\/\/www.pattymiller.at\/index.php?rest_route=\/wp\/v2\/pages\/12073","targetHints":{"allow":["GET"]}}],"collection":[{"href":"https:\/\/www.pattymiller.at\/index.php?rest_route=\/wp\/v2\/pages"}],"about":[{"href":"https:\/\/www.pattymiller.at\/index.php?rest_route=\/wp\/v2\/types\/page"}],"author":[{"embeddable":true,"href":"https:\/\/www.pattymiller.at\/index.php?rest_route=\/wp\/v2\/users\/2"}],"replies":[{"embeddable":true,"href":"https:\/\/www.pattymiller.at\/index.php?rest_route=%2Fwp%2Fv2%2Fcomments&post=12073"}],"version-history":[{"count":37,"href":"https:\/\/www.pattymiller.at\/index.php?rest_route=\/wp\/v2\/pages\/12073\/revisions"}],"predecessor-version":[{"id":15665,"href":"https:\/\/www.pattymiller.at\/index.php?rest_route=\/wp\/v2\/pages\/12073\/revisions\/15665"}],"wp:attachment":[{"href":"https:\/\/www.pattymiller.at\/index.php?rest_route=%2Fwp%2Fv2%2Fmedia&parent=12073"}],"curies":[{"name":"wp","href":"https:\/\/api.w.org\/{rel}","templated":true}]}}