{"id":1278,"date":"2026-03-20T17:35:21","date_gmt":"2026-03-20T16:35:21","guid":{"rendered":"http:\/\/www.pattymiller.at\/?page_id=1278"},"modified":"2026-03-20T17:35:21","modified_gmt":"2026-03-20T16:35:21","slug":"unsere-agb","status":"publish","type":"page","link":"https:\/\/www.pattymiller.at\/?page_id=1278","title":{"rendered":"AGB"},"content":{"rendered":"\r\n<h4 class=\"wp-block-heading\">AGB f\u00fcr Musik und Helmut Hussian Fotografie:<br \/>Meine allgemeinen Vertragsbedingungen f\u00fcr Diese sind im Detail noch in Arbeit:<\/h4>\r\n\r\n\r\n\r\n<p>Da diese Thematik mitunter sehr Umfangreich sein kann, haben wir uns entschlossen, dieses Thema bei Bedarf individuell nach ihren Bed\u00fcrfnissen zu behandeln!<\/p>\r\n\r\n\r\n\r\n<p><strong>Grundlegend ist das erste Shooting gratis,<\/strong> die Fotos bleiben im Eigentum (c) beim jeweiligen Fotografen.<br \/>Dem Model stehen die Fotos zur Auswahl zur Verf\u00fcgung, eine Weitergabe dieser, sind auch im Familienkreis, nicht gestattet. Daf\u00fcr ist auf jeden Fall die Genehmigung des Fotografen einzuholen!<br \/>F\u00fcr mehr Erstinformationen ersuche ich um Kontaktaufnahme!<br \/>Hier geht es zu den <a href=\"https:\/\/www.pattymiller.at\/helmut-hussian-fotografie\/\">Fotoseiten<\/a><\/p>\r\n\r\n\r\n\r\n<p>Unsere <a href=\"https:\/\/www.pattymiller.at\">Startseite<\/a><\/p>\r\n\r\n\r\n\r\n<p class=\"has-medium-font-size\">Zu unseren den Cookies:<br \/><strong>Wir verwenden derzeit keine Cookies ! \u00dcberrascht ? Wozu auch&#8230;<\/strong><\/p>\r\n","protected":false},"excerpt":{"rendered":"<p>AGB f\u00fcr Musik und Helmut Hussian Fotografie:Meine allgemeinen Vertragsbedingungen f\u00fcr Diese sind im Detail noch in Arbeit: Da diese Thematik mitunter sehr Umfangreich sein kann, haben wir uns entschlossen, dieses Thema bei Bedarf individuell nach ihren Bed\u00fcrfnissen zu behandeln! Grundlegend ist das erste Shooting gratis, die Fotos bleiben im Eigentum (c) beim jeweiligen Fotografen.Dem Model &hellip; <\/p>\n<p><a class=\"more-link btn\" href=\"https:\/\/www.pattymiller.at\/?page_id=1278\">Weiterlesen<\/a><\/p>\n","protected":false},"author":2,"featured_media":0,"parent":0,"menu_order":0,"comment_status":"closed","ping_status":"closed","template":"","meta":{"footnotes":""},"class_list":["post-1278","page","type-page","status-publish","hentry","nodate","item-wrap"],"yoast_head":"<!-- This site is optimized with the Yoast SEO Premium plugin v27.6 (Yoast SEO v27.6) - https:\/\/yoast.com\/product\/yoast-seo-premium-wordpress\/ -->\n<title>AGB Helmut Hussian Fotografie und L\u00f6sungen f\u00fcr jeden Auftrag<\/title>\n<meta name=\"description\" content=\"AGB von Helmut Hussian f\u00fcr Fotografie wird individuell angepasst. Besuchen Sie unsere Fotoseiten f\u00fcr weitere Informationen.\" \/>\n<meta name=\"robots\" content=\"index, follow, max-snippet:-1, max-image-preview:large, max-video-preview:-1\" \/>\n<link rel=\"canonical\" href=\"https:\/\/www.pattymiller.at\/?page_id=1278\" \/>\n<meta property=\"og:locale\" content=\"de_DE\" \/>\n<meta property=\"og:type\" content=\"article\" \/>\n<meta property=\"og:title\" content=\"AGB\" \/>\n<meta property=\"og:description\" content=\"AGB von Helmut Hussian f\u00fcr Fotografie wird individuell angepasst. Besuchen Sie unsere Fotoseiten f\u00fcr weitere Informationen.\" \/>\n<meta property=\"og:url\" content=\"https:\/\/www.pattymiller.at\/?page_id=1278\" \/>\n<meta property=\"og:site_name\" content=\"Patty Miller vocal &amp; Helmut Hussian Fotografie\" \/>\n<meta name=\"twitter:card\" content=\"summary_large_image\" \/>\n<meta name=\"twitter:label1\" content=\"Gesch\u00e4tzte Lesezeit\" \/>\n\t<meta name=\"twitter:data1\" content=\"1\u00a0Minute\" \/>\n<script type=\"application\/ld+json\" class=\"yoast-schema-graph\">{\"@context\":\"https:\\\/\\\/schema.org\",\"@graph\":[{\"@type\":\"WebPage\",\"@id\":\"https:\\\/\\\/www.pattymiller.at\\\/?page_id=1278\",\"url\":\"https:\\\/\\\/www.pattymiller.at\\\/?page_id=1278\",\"name\":\"AGB Helmut Hussian Fotografie und L\u00f6sungen f\u00fcr jeden Auftrag\",\"isPartOf\":{\"@id\":\"https:\\\/\\\/www.pattymiller.at\\\/#website\"},\"datePublished\":\"2026-03-20T16:35:21+00:00\",\"description\":\"AGB von Helmut Hussian f\u00fcr Fotografie wird individuell angepasst. Besuchen Sie unsere Fotoseiten f\u00fcr weitere Informationen.\",\"breadcrumb\":{\"@id\":\"https:\\\/\\\/www.pattymiller.at\\\/?page_id=1278#breadcrumb\"},\"inLanguage\":\"de\",\"potentialAction\":[{\"@type\":\"ReadAction\",\"target\":[\"https:\\\/\\\/www.pattymiller.at\\\/?page_id=1278\"]}]},{\"@type\":\"BreadcrumbList\",\"@id\":\"https:\\\/\\\/www.pattymiller.at\\\/?page_id=1278#breadcrumb\",\"itemListElement\":[{\"@type\":\"ListItem\",\"position\":1,\"name\":\"Startseite\",\"item\":\"https:\\\/\\\/www.pattymiller.at\\\/\"},{\"@type\":\"ListItem\",\"position\":2,\"name\":\"AGB\"}]},{\"@type\":\"WebSite\",\"@id\":\"https:\\\/\\\/www.pattymiller.at\\\/#website\",\"url\":\"https:\\\/\\\/www.pattymiller.at\\\/\",\"name\":\"Patty Miller vocal &amp; Helmut Hussian Fotografie\",\"description\":\"Unser Weg ist das Ziel - wir arbeiten derzeit daran!\",\"publisher\":{\"@id\":\"https:\\\/\\\/www.pattymiller.at\\\/#\\\/schema\\\/person\\\/1f9bd0a95e4c35fba18a93b2cae5a8f9\"},\"potentialAction\":[{\"@type\":\"SearchAction\",\"target\":{\"@type\":\"EntryPoint\",\"urlTemplate\":\"https:\\\/\\\/www.pattymiller.at\\\/?s={search_term_string}\"},\"query-input\":{\"@type\":\"PropertyValueSpecification\",\"valueRequired\":true,\"valueName\":\"search_term_string\"}}],\"inLanguage\":\"de\"},{\"@type\":[\"Person\",\"Organization\"],\"@id\":\"https:\\\/\\\/www.pattymiller.at\\\/#\\\/schema\\\/person\\\/1f9bd0a95e4c35fba18a93b2cae5a8f9\",\"name\":\"Helmut Hussian\",\"image\":{\"@type\":\"ImageObject\",\"inLanguage\":\"de\",\"@id\":\"https:\\\/\\\/i0.wp.com\\\/www.pattymiller.at\\\/wp-content\\\/uploads\\\/2018\\\/05\\\/cropped-cropped-cropped-cropped-jazzlogo.png?fit=512%2C512&ssl=1\",\"url\":\"https:\\\/\\\/i0.wp.com\\\/www.pattymiller.at\\\/wp-content\\\/uploads\\\/2018\\\/05\\\/cropped-cropped-cropped-cropped-jazzlogo.png?fit=512%2C512&ssl=1\",\"contentUrl\":\"https:\\\/\\\/i0.wp.com\\\/www.pattymiller.at\\\/wp-content\\\/uploads\\\/2018\\\/05\\\/cropped-cropped-cropped-cropped-jazzlogo.png?fit=512%2C512&ssl=1\",\"width\":512,\"height\":512,\"caption\":\"Helmut Hussian\"},\"logo\":{\"@id\":\"https:\\\/\\\/i0.wp.com\\\/www.pattymiller.at\\\/wp-content\\\/uploads\\\/2018\\\/05\\\/cropped-cropped-cropped-cropped-jazzlogo.png?fit=512%2C512&ssl=1\"},\"description\":\"Vieles im Leben ausprobiert, nicht immer das gescheiterte getan. So kam ich zur Musik und zur Fotografie.\",\"sameAs\":[\"http:\\\/\\\/www.pattymiller.at\"],\"knowsLanguage\":[\"Deutsch\"]}]}<\/script>\n<!-- \/ Yoast SEO Premium plugin. -->","yoast_head_json":{"title":"AGB Helmut Hussian Fotografie und L\u00f6sungen f\u00fcr jeden Auftrag","description":"AGB von Helmut Hussian f\u00fcr Fotografie wird individuell angepasst. Besuchen Sie unsere Fotoseiten f\u00fcr weitere Informationen.","robots":{"index":"index","follow":"follow","max-snippet":"max-snippet:-1","max-image-preview":"max-image-preview:large","max-video-preview":"max-video-preview:-1"},"canonical":"https:\/\/www.pattymiller.at\/?page_id=1278","og_locale":"de_DE","og_type":"article","og_title":"AGB","og_description":"AGB von Helmut Hussian f\u00fcr Fotografie wird individuell angepasst. Besuchen Sie unsere Fotoseiten f\u00fcr weitere Informationen.","og_url":"https:\/\/www.pattymiller.at\/?page_id=1278","og_site_name":"Patty Miller vocal &amp; Helmut Hussian Fotografie","twitter_card":"summary_large_image","twitter_misc":{"Gesch\u00e4tzte Lesezeit":"1\u00a0Minute"},"schema":{"@context":"https:\/\/schema.org","@graph":[{"@type":"WebPage","@id":"https:\/\/www.pattymiller.at\/?page_id=1278","url":"https:\/\/www.pattymiller.at\/?page_id=1278","name":"AGB Helmut Hussian Fotografie und L\u00f6sungen f\u00fcr jeden Auftrag","isPartOf":{"@id":"https:\/\/www.pattymiller.at\/#website"},"datePublished":"2026-03-20T16:35:21+00:00","description":"AGB von Helmut Hussian f\u00fcr Fotografie wird individuell angepasst. Besuchen Sie unsere Fotoseiten f\u00fcr weitere Informationen.","breadcrumb":{"@id":"https:\/\/www.pattymiller.at\/?page_id=1278#breadcrumb"},"inLanguage":"de","potentialAction":[{"@type":"ReadAction","target":["https:\/\/www.pattymiller.at\/?page_id=1278"]}]},{"@type":"BreadcrumbList","@id":"https:\/\/www.pattymiller.at\/?page_id=1278#breadcrumb","itemListElement":[{"@type":"ListItem","position":1,"name":"Startseite","item":"https:\/\/www.pattymiller.at\/"},{"@type":"ListItem","position":2,"name":"AGB"}]},{"@type":"WebSite","@id":"https:\/\/www.pattymiller.at\/#website","url":"https:\/\/www.pattymiller.at\/","name":"Patty Miller vocal &amp; Helmut Hussian Fotografie","description":"Unser Weg ist das Ziel - wir arbeiten derzeit daran!","publisher":{"@id":"https:\/\/www.pattymiller.at\/#\/schema\/person\/1f9bd0a95e4c35fba18a93b2cae5a8f9"},"potentialAction":[{"@type":"SearchAction","target":{"@type":"EntryPoint","urlTemplate":"https:\/\/www.pattymiller.at\/?s={search_term_string}"},"query-input":{"@type":"PropertyValueSpecification","valueRequired":true,"valueName":"search_term_string"}}],"inLanguage":"de"},{"@type":["Person","Organization"],"@id":"https:\/\/www.pattymiller.at\/#\/schema\/person\/1f9bd0a95e4c35fba18a93b2cae5a8f9","name":"Helmut Hussian","image":{"@type":"ImageObject","inLanguage":"de","@id":"https:\/\/i0.wp.com\/www.pattymiller.at\/wp-content\/uploads\/2018\/05\/cropped-cropped-cropped-cropped-jazzlogo.png?fit=512%2C512&ssl=1","url":"https:\/\/i0.wp.com\/www.pattymiller.at\/wp-content\/uploads\/2018\/05\/cropped-cropped-cropped-cropped-jazzlogo.png?fit=512%2C512&ssl=1","contentUrl":"https:\/\/i0.wp.com\/www.pattymiller.at\/wp-content\/uploads\/2018\/05\/cropped-cropped-cropped-cropped-jazzlogo.png?fit=512%2C512&ssl=1","width":512,"height":512,"caption":"Helmut Hussian"},"logo":{"@id":"https:\/\/i0.wp.com\/www.pattymiller.at\/wp-content\/uploads\/2018\/05\/cropped-cropped-cropped-cropped-jazzlogo.png?fit=512%2C512&ssl=1"},"description":"Vieles im Leben ausprobiert, nicht immer das gescheiterte getan. So kam ich zur Musik und zur Fotografie.","sameAs":["http:\/\/www.pattymiller.at"],"knowsLanguage":["Deutsch"]}]}},"jetpack_sharing_enabled":true,"_links":{"self":[{"href":"https:\/\/www.pattymiller.at\/index.php?rest_route=\/wp\/v2\/pages\/1278","targetHints":{"allow":["GET"]}}],"collection":[{"href":"https:\/\/www.pattymiller.at\/index.php?rest_route=\/wp\/v2\/pages"}],"about":[{"href":"https:\/\/www.pattymiller.at\/index.php?rest_route=\/wp\/v2\/types\/page"}],"author":[{"embeddable":true,"href":"https:\/\/www.pattymiller.at\/index.php?rest_route=\/wp\/v2\/users\/2"}],"replies":[{"embeddable":true,"href":"https:\/\/www.pattymiller.at\/index.php?rest_route=%2Fwp%2Fv2%2Fcomments&post=1278"}],"version-history":[{"count":46,"href":"https:\/\/www.pattymiller.at\/index.php?rest_route=\/wp\/v2\/pages\/1278\/revisions"}],"predecessor-version":[{"id":15546,"href":"https:\/\/www.pattymiller.at\/index.php?rest_route=\/wp\/v2\/pages\/1278\/revisions\/15546"}],"wp:attachment":[{"href":"https:\/\/www.pattymiller.at\/index.php?rest_route=%2Fwp%2Fv2%2Fmedia&parent=1278"}],"curies":[{"name":"wp","href":"https:\/\/api.w.org\/{rel}","templated":true}]}}