{"id":1279,"date":"2018-08-29T13:07:21","date_gmt":"2018-08-29T11:07:21","guid":{"rendered":"http:\/\/www.pattymiller.at\/?page_id=1279"},"modified":"2026-03-08T16:18:51","modified_gmt":"2026-03-08T15:18:51","slug":"kontakt-impressum","status":"publish","type":"page","link":"https:\/\/www.pattymiller.at\/?page_id=1279","title":{"rendered":"Kontakt &#038; Impressum"},"content":{"rendered":"<h4>Kontakt &amp; Impressum<\/h4>\n<hr \/>\n<h4><span style=\"color: #ffff99;\"><strong><em>Inquiries will only be answered if they describe a precise definition!<\/em><\/strong><\/span><\/h4>\n<p>Bitte kontaktieren Sie uns hier in allen Belangen wie Bandkontakt, Termine, Booking, Presse, Fotografie etc. \u00fcber dieses in planung befindliche Kontaktformular!<\/p>\n<h4>Wir \u00e4ndern demn\u00e4chst die M\u00f6glichkeit uns zu Kontaktieren!<br \/>\nBis dahin stehen die Em Adresse:<br \/>\nhehufoto @ gmail.com \u00a0nur f\u00fcr Fotografie oder<br \/>\nvocal4event @ gmail.com f\u00fcr allgemeine Anfragen zur Verf\u00fcgung!<\/h4>\n<div class='fluentform ff-default fluentform_wrapper_2 ffs_default_wrap'><form data-form_id=\"2\" id=\"fluentform_2\" class=\"frm-fluent-form fluent_form_2 ff-el-form-top ff_form_instance_2_1 ff-form-loading ffs_default\" data-form_instance=\"ff_form_instance_2_1\" method=\"POST\" ><fieldset  style=\"border: none!important;margin: 0!important;padding: 0!important;background-color: transparent!important;box-shadow: none!important;outline: none!important; min-inline-size: 100%;\">\n                    <legend class=\"ff_screen_reader_title\" style=\"display: block; margin: 0!important;padding: 0!important;height: 0!important;text-indent: -999999px;width: 0!important;overflow:hidden;\">Kontaktform (erstellt von XATON Webstudio)<\/legend><p style=\"display: none !important;\" class=\"akismet-fields-container\" data-prefix=\"ak_\"><label>&#916;<textarea name=\"ak_hp_textarea\" cols=\"45\" rows=\"8\" maxlength=\"100\"><\/textarea><\/label><input type=\"hidden\" id=\"ak_js_1\" name=\"ak_js\" value=\"37\"\/><script data-jetpack-boost=\"ignore\" type=\"text\/javascript\">\n\/* <![CDATA[ *\/\ndocument.getElementById( \"ak_js_1\" ).setAttribute( \"value\", ( new Date() ).getTime() );\n\/* ]]> *\/\n<\/script>\n<\/p><input type='hidden' name='__fluent_form_embded_post_id' value='1279' \/><input type=\"hidden\" id=\"_fluentform_2_fluentformnonce\" name=\"_fluentform_2_fluentformnonce\" value=\"fa36768d5f\" \/><input type=\"hidden\" name=\"_wp_http_referer\" value=\"\/index.php?rest_route=%2Fwp%2Fv2%2Fpages%2F1279\" \/><div data-name=\"ff_cn_id_1\"  class='ff-t-container ff-column-container ff_columns_total_2 '><div class='ff-t-cell ff-t-column-1' style='flex-basis: 50%;'><div data-type=\"name-element\" data-name=\"Name\" class=\" ff-field_container ff-name-field-wrapper\" ><div class='ff-t-container'><div class='ff-t-cell '><div class='ff-el-group  ff-el-form-top'><div class=\"ff-el-input--label ff-el-is-required asterisk-right\"><label for='ff_2_Name_first_name_' id='label_ff_2_Name_first_name_' >Name<\/label><\/div><div class='ff-el-input--content'><input type=\"text\" name=\"Name[first_name]\" id=\"ff_2_Name_first_name_\" class=\"ff-el-form-control\" aria-invalid=\"false\" aria-required=true><\/div><\/div><\/div><\/div><\/div><\/div><div class='ff-t-cell ff-t-column-2' style='flex-basis: 50%;'><div class='ff-el-group'><div class=\"ff-el-input--label ff-el-is-required asterisk-right\"><label for='ff_2_Email' id='label_ff_2_Email' aria-label=\"E-mail Adresse\">E-mail Adresse<\/label><\/div><div class='ff-el-input--content'><input type=\"email\" name=\"Email\" id=\"ff_2_Email\" class=\"ff-el-form-control\" data-name=\"Email\"  aria-invalid=\"false\" aria-required=true><\/div><\/div><\/div><\/div><div data-name=\"ff_cn_id_2\"  class='ff-t-container ff-column-container ff_columns_total_1 '><div class='ff-t-cell ff-t-column-1' style='flex-basis: 100%;'><div class='ff-el-group'><div class=\"ff-el-input--label ff-el-is-required asterisk-right\"><label for='ff_2_Nachricht' id='label_ff_2_Nachricht' aria-label=\"Nachricht\">Nachricht<\/label><\/div><div class='ff-el-input--content'><textarea aria-required=\"true\" aria-labelledby=\"label_ff_2_Nachricht\" name=\"Nachricht\" id=\"ff_2_Nachricht\" class=\"ff-el-form-control\" rows=\"6\" cols=\"2\" data-name=\"Nachricht\" ><\/textarea><\/div><\/div><\/div><\/div><div data-name=\"ff_cn_id_3\"  class='ff-t-container ff-column-container ff_columns_total_1 '><div class='ff-t-cell ff-t-column-1' style='flex-basis: 100%;'><div class='ff-el-group    ff-el-input--content'><div class='ff-el-form-check ff-el-tc'><label aria-label='Sie stimmen der Verarbeitung und Speicherung Ihrer pers\u00f6nlichen Daten lt. der g\u00fcltigen Fassung unserer Datenschutzerkl\u00e4rung f\u00fcr Zwecke der Kontaktaufnahme mit Ihnen ausdr\u00fccklich zu. Diese Einwilligung kann jederzeit mit einer Nachricht an uns widerrufen werden. Weitere Details siehe in unserer Datenschutzerkl\u00e4rung.' class='ff-el-form-check-label ff_tc_label' for=gdpr-agreement_895df60a1f4c42e2f64c4a07e8a29b1f><span class='ff_tc_checkbox'><input type=\"checkbox\" name=\"gdpr-agreement\" class=\"ff-el-form-check-input ff_gdpr_field\" data-name=\"gdpr-agreement\" id=\"gdpr-agreement_895df60a1f4c42e2f64c4a07e8a29b1f\"  value='on' aria-invalid='false' aria-required=true><\/span> <div class='ff_t_c'>Sie stimmen der Verarbeitung und Speicherung Ihrer pers\u00f6nlichen Daten lt. der g\u00fcltigen Fassung unserer Datenschutzerkl\u00e4rung f\u00fcr Zwecke der Kontaktaufnahme mit Ihnen ausdr\u00fccklich zu. Diese Einwilligung kann jederzeit mit einer Nachricht an uns widerrufen werden. Weitere Details siehe in unserer Datenschutzerkl\u00e4rung.\n<\/div><\/label><\/div><\/div><\/div><\/div><div data-name=\"ff_cn_id_4\"  class='ff-t-container ff-column-container ff_columns_total_1 '><div class='ff-t-cell ff-t-column-1' style='flex-basis: 100%;'><div class='ff-el-group ' ><div class='ff-el-input--content'><div data-fluent_id='2' name='g-recaptcha-response'><div\n\t\tdata-sitekey='6LeLeF0UAAAAAOHFoUY_A7F2WxlCshSVu5YRTiiK'\n\t\tid='fluentform-recaptcha-2-1'\n\t\tclass='ff-el-recaptcha g-recaptcha'\n\t\tdata-callback='fluentFormrecaptchaSuccessCallback'><\/div><\/div><\/div><\/div><\/div><\/div><div class='ff-el-group ff-text-left ff_submit_btn_wrapper'><button type=\"submit\" class=\"ff-btn ff-btn-submit ff-btn-md ff_btn_style\"  aria-label=\"Senden\">Senden<\/button><\/div><\/fieldset><\/form><div id='fluentform_2_errors' class='ff-errors-in-stack ff_form_instance_2_1 ff-form-loading_errors ff_form_instance_2_1_errors'><\/div><\/div>            <script data-jetpack-boost=\"ignore\" type=\"text\/javascript\">\n                window.fluent_form_ff_form_instance_2_1 = {\"id\":\"2\",\"ajaxUrl\":\"https:\\\/\\\/www.pattymiller.at\\\/wp-admin\\\/admin-ajax.php\",\"settings\":{\"layout\":{\"labelPlacement\":\"top\",\"helpMessagePlacement\":\"with_label\",\"errorMessagePlacement\":\"inline\",\"asteriskPlacement\":\"asterisk-right\"},\"restrictions\":{\"denyEmptySubmission\":{\"enabled\":false}}},\"form_instance\":\"ff_form_instance_2_1\",\"form_id_selector\":\"fluentform_2\",\"rules\":{\"Name[first_name]\":{\"required\":{\"value\":true,\"message\":\"Dieses Feld ist erforderlich\",\"global\":false,\"global_message\":\"Dieses Feld ist erforderlich\"}},\"Name[middle_name]\":{\"required\":{\"value\":false,\"message\":\"Dieses Feld ist erforderlich\",\"global\":false,\"global_message\":\"Dieses Feld ist erforderlich\"}},\"Name[last_name]\":{\"required\":{\"value\":false,\"message\":\"Dieses Feld ist erforderlich\",\"global\":false,\"global_message\":\"Dieses Feld ist erforderlich\"}},\"Email\":{\"required\":{\"value\":true,\"message\":\"Dieses Feld ist erforderlich\",\"global\":false,\"global_message\":\"Dieses Feld ist erforderlich\"},\"email\":{\"value\":true,\"message\":\"Dieses Feld muss eine g\\u00fcltige E-Mail-Adresse enthalten\",\"global\":false,\"global_message\":\"Dieses Feld muss eine g\\u00fcltige E-Mail-Adresse enthalten\"}},\"Nachricht\":{\"required\":{\"value\":true,\"message\":\"Dieses Feld ist erforderlich\",\"global\":false,\"global_message\":\"Dieses Feld ist erforderlich\"}},\"gdpr-agreement\":{\"required\":{\"value\":true,\"message\":\"Dieses Feld ist erforderlich\",\"global\":false,\"global_message\":\"Dieses Feld ist erforderlich\"}},\"g-recaptcha-response\":[]},\"debounce_time\":300};\n                            <\/script>\n            \n<hr \/>\n<p>Datenschutzhinweis:<\/p>\n<p>Wenn Sie uns eine E-Mail per Kontaktformular senden, werden Ihre Daten nur insoweit erhoben, gespeichert und verarbeitet, wie dies f\u00fcr die Abwicklung Ihrer Anfragen und f\u00fcr die Korrespondenz mit Ihnen erforderlich ist. Mehr nicht!<\/p>\n<p>Aus Gr\u00fcnden des Datenschutzes ist dazu Ihre Einwilligung erforderlich. Wir d\u00fcrften ansonnsten nicht einmal Antworten!<br \/>\nMit dem <strong>Absenden\u00a0<\/strong>des Formulars erkl\u00e4ren Sie sich mit der Verarbeitung Ihrer eingegebenen Daten einverstanden. Wir verwenden KEINE Cookies<\/p>\n<p>Wir behandeln Ihre Daten entsprechend den Bestimmungen des Datenschutzrechts und treffen generell gr\u00f6\u00dftm\u00f6gliche Vorkehrungen f\u00fcr deren Sicherheit. Ihre Daten verlassen nicht unsere Datenbank!<\/p>\n<p>Im \u00dcbrigen verweisen wir auf unsere Datenschutzerkl\u00e4rung\u00a0.<\/p>\n","protected":false},"excerpt":{"rendered":"<p>Kontakt &amp; Impressum Inquiries will only be answered if they describe a precise definition! Bitte kontaktieren Sie uns hier in allen Belangen wie Bandkontakt, Termine, Booking, Presse, Fotografie etc. \u00fcber dieses in planung befindliche Kontaktformular! Wir \u00e4ndern demn\u00e4chst die M\u00f6glichkeit uns zu Kontaktieren! Bis dahin stehen die Em Adresse: hehufoto @ gmail.com \u00a0nur f\u00fcr Fotografie &hellip; <\/p>\n<p><a class=\"more-link btn\" href=\"https:\/\/www.pattymiller.at\/?page_id=1279\">Weiterlesen<\/a><\/p>\n","protected":false},"author":2,"featured_media":0,"parent":0,"menu_order":0,"comment_status":"closed","ping_status":"closed","template":"page-with-sidebar","meta":{"footnotes":""},"class_list":["post-1279","page","type-page","status-publish","hentry","nodate","item-wrap"],"yoast_head":"<!-- This site is optimized with the Yoast SEO Premium plugin v27.6 (Yoast SEO v27.6) - https:\/\/yoast.com\/product\/yoast-seo-premium-wordpress\/ -->\n<title>Kontaktm\u00f6glichkeiten f\u00fcr Fotografie und Termine : Patty Miller vocal &amp; Helmut Hussian Fotografie<\/title>\n<meta name=\"description\" content=\"Kontaktieren Sie mich f\u00fcr Bandkontakte, Termine und Buchungen. Wir freuen uns auf Ihre Anfrage \u00fcber mein Kontaktformular.\" \/>\n<meta name=\"robots\" content=\"index, follow, max-snippet:-1, max-image-preview:large, max-video-preview:-1\" \/>\n<link rel=\"canonical\" href=\"https:\/\/www.pattymiller.at\/?page_id=1279\" \/>\n<meta property=\"og:locale\" content=\"de_DE\" \/>\n<meta property=\"og:type\" content=\"article\" \/>\n<meta property=\"og:title\" content=\"Kontakt &amp; Impressum\" \/>\n<meta property=\"og:description\" content=\"Kontaktieren Sie mich f\u00fcr Bandkontakte, Termine und Buchungen. Wir freuen uns auf Ihre Anfrage \u00fcber mein Kontaktformular.\" \/>\n<meta property=\"og:url\" content=\"https:\/\/www.pattymiller.at\/?page_id=1279\" \/>\n<meta property=\"og:site_name\" content=\"Patty Miller vocal &amp; Helmut Hussian Fotografie\" \/>\n<meta property=\"article:modified_time\" content=\"2026-03-08T15:18:51+00:00\" \/>\n<meta name=\"twitter:card\" content=\"summary_large_image\" \/>\n<meta name=\"twitter:label1\" content=\"Gesch\u00e4tzte Lesezeit\" \/>\n\t<meta name=\"twitter:data1\" content=\"1\u00a0Minute\" \/>\n<script type=\"application\/ld+json\" class=\"yoast-schema-graph\">{\"@context\":\"https:\\\/\\\/schema.org\",\"@graph\":[{\"@type\":\"WebPage\",\"@id\":\"https:\\\/\\\/www.pattymiller.at\\\/?page_id=1279\",\"url\":\"https:\\\/\\\/www.pattymiller.at\\\/?page_id=1279\",\"name\":\"Kontaktm\u00f6glichkeiten f\u00fcr Fotografie und Termine : Patty Miller vocal &amp; Helmut Hussian Fotografie\",\"isPartOf\":{\"@id\":\"https:\\\/\\\/www.pattymiller.at\\\/#website\"},\"datePublished\":\"2018-08-29T11:07:21+00:00\",\"dateModified\":\"2026-03-08T15:18:51+00:00\",\"description\":\"Kontaktieren Sie mich f\u00fcr Bandkontakte, Termine und Buchungen. Wir freuen uns auf Ihre Anfrage \u00fcber mein Kontaktformular.\",\"breadcrumb\":{\"@id\":\"https:\\\/\\\/www.pattymiller.at\\\/?page_id=1279#breadcrumb\"},\"inLanguage\":\"de\",\"potentialAction\":[{\"@type\":\"ReadAction\",\"target\":[\"https:\\\/\\\/www.pattymiller.at\\\/?page_id=1279\"]}]},{\"@type\":\"BreadcrumbList\",\"@id\":\"https:\\\/\\\/www.pattymiller.at\\\/?page_id=1279#breadcrumb\",\"itemListElement\":[{\"@type\":\"ListItem\",\"position\":1,\"name\":\"Startseite\",\"item\":\"https:\\\/\\\/www.pattymiller.at\\\/\"},{\"@type\":\"ListItem\",\"position\":2,\"name\":\"Kontakt &#038; Impressum\"}]},{\"@type\":\"WebSite\",\"@id\":\"https:\\\/\\\/www.pattymiller.at\\\/#website\",\"url\":\"https:\\\/\\\/www.pattymiller.at\\\/\",\"name\":\"Patty Miller vocal &amp; Helmut Hussian Fotografie\",\"description\":\"Unser Weg ist das Ziel - wir arbeiten derzeit daran!\",\"publisher\":{\"@id\":\"https:\\\/\\\/www.pattymiller.at\\\/#\\\/schema\\\/person\\\/1f9bd0a95e4c35fba18a93b2cae5a8f9\"},\"potentialAction\":[{\"@type\":\"SearchAction\",\"target\":{\"@type\":\"EntryPoint\",\"urlTemplate\":\"https:\\\/\\\/www.pattymiller.at\\\/?s={search_term_string}\"},\"query-input\":{\"@type\":\"PropertyValueSpecification\",\"valueRequired\":true,\"valueName\":\"search_term_string\"}}],\"inLanguage\":\"de\"},{\"@type\":[\"Person\",\"Organization\"],\"@id\":\"https:\\\/\\\/www.pattymiller.at\\\/#\\\/schema\\\/person\\\/1f9bd0a95e4c35fba18a93b2cae5a8f9\",\"name\":\"Helmut Hussian\",\"image\":{\"@type\":\"ImageObject\",\"inLanguage\":\"de\",\"@id\":\"https:\\\/\\\/i0.wp.com\\\/www.pattymiller.at\\\/wp-content\\\/uploads\\\/2018\\\/05\\\/cropped-cropped-cropped-cropped-jazzlogo.png?fit=512%2C512&ssl=1\",\"url\":\"https:\\\/\\\/i0.wp.com\\\/www.pattymiller.at\\\/wp-content\\\/uploads\\\/2018\\\/05\\\/cropped-cropped-cropped-cropped-jazzlogo.png?fit=512%2C512&ssl=1\",\"contentUrl\":\"https:\\\/\\\/i0.wp.com\\\/www.pattymiller.at\\\/wp-content\\\/uploads\\\/2018\\\/05\\\/cropped-cropped-cropped-cropped-jazzlogo.png?fit=512%2C512&ssl=1\",\"width\":512,\"height\":512,\"caption\":\"Helmut Hussian\"},\"logo\":{\"@id\":\"https:\\\/\\\/i0.wp.com\\\/www.pattymiller.at\\\/wp-content\\\/uploads\\\/2018\\\/05\\\/cropped-cropped-cropped-cropped-jazzlogo.png?fit=512%2C512&ssl=1\"},\"description\":\"Vieles im Leben ausprobiert, nicht immer das gescheiterte getan. So kam ich zur Musik und zur Fotografie.\",\"sameAs\":[\"http:\\\/\\\/www.pattymiller.at\"],\"knowsLanguage\":[\"Deutsch\"]}]}<\/script>\n<!-- \/ Yoast SEO Premium plugin. -->","yoast_head_json":{"title":"Kontaktm\u00f6glichkeiten f\u00fcr Fotografie und Termine : Patty Miller vocal &amp; Helmut Hussian Fotografie","description":"Kontaktieren Sie mich f\u00fcr Bandkontakte, Termine und Buchungen. Wir freuen uns auf Ihre Anfrage \u00fcber mein Kontaktformular.","robots":{"index":"index","follow":"follow","max-snippet":"max-snippet:-1","max-image-preview":"max-image-preview:large","max-video-preview":"max-video-preview:-1"},"canonical":"https:\/\/www.pattymiller.at\/?page_id=1279","og_locale":"de_DE","og_type":"article","og_title":"Kontakt & Impressum","og_description":"Kontaktieren Sie mich f\u00fcr Bandkontakte, Termine und Buchungen. Wir freuen uns auf Ihre Anfrage \u00fcber mein Kontaktformular.","og_url":"https:\/\/www.pattymiller.at\/?page_id=1279","og_site_name":"Patty Miller vocal &amp; Helmut Hussian Fotografie","article_modified_time":"2026-03-08T15:18:51+00:00","twitter_card":"summary_large_image","twitter_misc":{"Gesch\u00e4tzte Lesezeit":"1\u00a0Minute"},"schema":{"@context":"https:\/\/schema.org","@graph":[{"@type":"WebPage","@id":"https:\/\/www.pattymiller.at\/?page_id=1279","url":"https:\/\/www.pattymiller.at\/?page_id=1279","name":"Kontaktm\u00f6glichkeiten f\u00fcr Fotografie und Termine : Patty Miller vocal &amp; Helmut Hussian Fotografie","isPartOf":{"@id":"https:\/\/www.pattymiller.at\/#website"},"datePublished":"2018-08-29T11:07:21+00:00","dateModified":"2026-03-08T15:18:51+00:00","description":"Kontaktieren Sie mich f\u00fcr Bandkontakte, Termine und Buchungen. Wir freuen uns auf Ihre Anfrage \u00fcber mein Kontaktformular.","breadcrumb":{"@id":"https:\/\/www.pattymiller.at\/?page_id=1279#breadcrumb"},"inLanguage":"de","potentialAction":[{"@type":"ReadAction","target":["https:\/\/www.pattymiller.at\/?page_id=1279"]}]},{"@type":"BreadcrumbList","@id":"https:\/\/www.pattymiller.at\/?page_id=1279#breadcrumb","itemListElement":[{"@type":"ListItem","position":1,"name":"Startseite","item":"https:\/\/www.pattymiller.at\/"},{"@type":"ListItem","position":2,"name":"Kontakt &#038; Impressum"}]},{"@type":"WebSite","@id":"https:\/\/www.pattymiller.at\/#website","url":"https:\/\/www.pattymiller.at\/","name":"Patty Miller vocal &amp; Helmut Hussian Fotografie","description":"Unser Weg ist das Ziel - wir arbeiten derzeit daran!","publisher":{"@id":"https:\/\/www.pattymiller.at\/#\/schema\/person\/1f9bd0a95e4c35fba18a93b2cae5a8f9"},"potentialAction":[{"@type":"SearchAction","target":{"@type":"EntryPoint","urlTemplate":"https:\/\/www.pattymiller.at\/?s={search_term_string}"},"query-input":{"@type":"PropertyValueSpecification","valueRequired":true,"valueName":"search_term_string"}}],"inLanguage":"de"},{"@type":["Person","Organization"],"@id":"https:\/\/www.pattymiller.at\/#\/schema\/person\/1f9bd0a95e4c35fba18a93b2cae5a8f9","name":"Helmut Hussian","image":{"@type":"ImageObject","inLanguage":"de","@id":"https:\/\/i0.wp.com\/www.pattymiller.at\/wp-content\/uploads\/2018\/05\/cropped-cropped-cropped-cropped-jazzlogo.png?fit=512%2C512&ssl=1","url":"https:\/\/i0.wp.com\/www.pattymiller.at\/wp-content\/uploads\/2018\/05\/cropped-cropped-cropped-cropped-jazzlogo.png?fit=512%2C512&ssl=1","contentUrl":"https:\/\/i0.wp.com\/www.pattymiller.at\/wp-content\/uploads\/2018\/05\/cropped-cropped-cropped-cropped-jazzlogo.png?fit=512%2C512&ssl=1","width":512,"height":512,"caption":"Helmut Hussian"},"logo":{"@id":"https:\/\/i0.wp.com\/www.pattymiller.at\/wp-content\/uploads\/2018\/05\/cropped-cropped-cropped-cropped-jazzlogo.png?fit=512%2C512&ssl=1"},"description":"Vieles im Leben ausprobiert, nicht immer das gescheiterte getan. So kam ich zur Musik und zur Fotografie.","sameAs":["http:\/\/www.pattymiller.at"],"knowsLanguage":["Deutsch"]}]}},"jetpack_sharing_enabled":true,"_links":{"self":[{"href":"https:\/\/www.pattymiller.at\/index.php?rest_route=\/wp\/v2\/pages\/1279","targetHints":{"allow":["GET"]}}],"collection":[{"href":"https:\/\/www.pattymiller.at\/index.php?rest_route=\/wp\/v2\/pages"}],"about":[{"href":"https:\/\/www.pattymiller.at\/index.php?rest_route=\/wp\/v2\/types\/page"}],"author":[{"embeddable":true,"href":"https:\/\/www.pattymiller.at\/index.php?rest_route=\/wp\/v2\/users\/2"}],"replies":[{"embeddable":true,"href":"https:\/\/www.pattymiller.at\/index.php?rest_route=%2Fwp%2Fv2%2Fcomments&post=1279"}],"version-history":[{"count":65,"href":"https:\/\/www.pattymiller.at\/index.php?rest_route=\/wp\/v2\/pages\/1279\/revisions"}],"predecessor-version":[{"id":15138,"href":"https:\/\/www.pattymiller.at\/index.php?rest_route=\/wp\/v2\/pages\/1279\/revisions\/15138"}],"wp:attachment":[{"href":"https:\/\/www.pattymiller.at\/index.php?rest_route=%2Fwp%2Fv2%2Fmedia&parent=1279"}],"curies":[{"name":"wp","href":"https:\/\/api.w.org\/{rel}","templated":true}]}}