{"id":13486,"date":"2024-03-09T10:11:41","date_gmt":"2024-03-09T09:11:41","guid":{"rendered":"https:\/\/www.pattymiller.at\/?page_id=13486"},"modified":"2026-03-08T16:18:51","modified_gmt":"2026-03-08T15:18:51","slug":"gebrauchtes-foto-u-musik-equipement-zu-verkaufen","status":"publish","type":"page","link":"https:\/\/www.pattymiller.at\/?page_id=13486","title":{"rendered":"Gebrauchtes zu Verkaufen"},"content":{"rendered":"<p>Unsere gebrauchte Fotoausr\u00fcstung zu Verkaufen, geeignet f\u00fcr M42, Canon und Olympus!<\/p>\n<p><strong>F\u00fcr Canon:<\/strong><br \/>\n<strong>M42 TOKINA SPIEGELTELE 500MM 8.0<\/strong> \u2013 RMC im Ledercase mit Trageriemen<br \/>\n\u20ac 70,- zzgl. Versand<br \/>\n<strong>Gedox Trigger<\/strong> NEUWERTIG, leider falsch geliefert<br \/>\n\u20ac 70,- zzgl. Versand<\/p>\n<p><strong>Tokina Korrekturfilter-Set 35,5 MM FFilter<\/strong><br \/>\n1x Skylight<br \/>\n1x ND2<br \/>\n1x ND4<br \/>\n\u20ac 20,- je Filter zzgl. Versand<\/p>\n<p><strong>Objektivadapter, Manueller Fokus Kompatibel mit M42<\/strong><br \/>\nf\u00fcr Mount Objektiv wie Canon EOS EF EF-S<br \/>\nMount Kamerageh\u00e4use, M42 auf EF, M42 auf EOS<br \/>\n\u20ac 20,- zzgl. Versand<\/p>\n<p><strong>Peugeot 307 sw (Kombi)<\/strong><br \/>\nBenzin, Schalter, 184.000 Km<br \/>\nBj 2006<br \/>\nPreis auf Anfrage<\/p>\n","protected":false},"excerpt":{"rendered":"<p>Unsere gebrauchte Fotoausr\u00fcstung zu Verkaufen, geeignet f\u00fcr M42, Canon und Olympus! F\u00fcr Canon: M42 TOKINA SPIEGELTELE 500MM 8.0 \u2013 RMC im Ledercase mit Trageriemen \u20ac 70,- zzgl. Versand Gedox Trigger NEUWERTIG, leider falsch geliefert \u20ac 70,- zzgl. Versand Tokina Korrekturfilter-Set 35,5 MM FFilter 1x Skylight 1x ND2 1x ND4 \u20ac 20,- je Filter zzgl. Versand &hellip; <\/p>\n<p><a class=\"more-link btn\" href=\"https:\/\/www.pattymiller.at\/?page_id=13486\">Weiterlesen<\/a><\/p>\n","protected":false},"author":2,"featured_media":0,"parent":0,"menu_order":0,"comment_status":"closed","ping_status":"closed","template":"page-with-sidebar","meta":{"footnotes":""},"class_list":["post-13486","page","type-page","status-publish","hentry","nodate","item-wrap"],"yoast_head":"<!-- This site is optimized with the Yoast SEO Premium plugin v27.6 (Yoast SEO v27.6) - https:\/\/yoast.com\/product\/yoast-seo-premium-wordpress\/ -->\n<title>GebrauchteGebrauchtes Foto-,u.Musik Equipement zu Verkaufen. M42, Canon und Olympus<\/title>\n<meta name=\"description\" content=\"Gebrauchtes Foto Equipment f\u00fcr Canon und Olympus zu g\u00fcnstigen Preisen. Wir helfen gerne weiter! Verpassen Sie nicht die Angebote!\" \/>\n<meta name=\"robots\" content=\"index, follow, max-snippet:-1, max-image-preview:large, max-video-preview:-1\" \/>\n<link rel=\"canonical\" href=\"https:\/\/www.pattymiller.at\/?page_id=13486\" \/>\n<meta property=\"og:locale\" content=\"de_DE\" \/>\n<meta property=\"og:type\" content=\"article\" \/>\n<meta property=\"og:title\" content=\"Gebrauchtes zu Verkaufen\" \/>\n<meta property=\"og:description\" content=\"Gebrauchtes Foto Equipment f\u00fcr Canon und Olympus zu g\u00fcnstigen Preisen. Wir helfen gerne weiter! Verpassen Sie nicht die Angebote!\" \/>\n<meta property=\"og:url\" content=\"https:\/\/www.pattymiller.at\/?page_id=13486\" \/>\n<meta property=\"og:site_name\" content=\"Patty Miller vocal &amp; Helmut Hussian Fotografie\" \/>\n<meta property=\"article:modified_time\" content=\"2026-03-08T15:18:51+00:00\" \/>\n<meta name=\"twitter:card\" content=\"summary_large_image\" \/>\n<meta name=\"twitter:label1\" content=\"Gesch\u00e4tzte Lesezeit\" \/>\n\t<meta name=\"twitter:data1\" content=\"1\u00a0Minute\" \/>\n<script type=\"application\/ld+json\" class=\"yoast-schema-graph\">{\"@context\":\"https:\\\/\\\/schema.org\",\"@graph\":[{\"@type\":\"WebPage\",\"@id\":\"https:\\\/\\\/www.pattymiller.at\\\/?page_id=13486\",\"url\":\"https:\\\/\\\/www.pattymiller.at\\\/?page_id=13486\",\"name\":\"GebrauchteGebrauchtes Foto-,u.Musik Equipement zu Verkaufen. M42, Canon und Olympus\",\"isPartOf\":{\"@id\":\"https:\\\/\\\/www.pattymiller.at\\\/#website\"},\"datePublished\":\"2024-03-09T09:11:41+00:00\",\"dateModified\":\"2026-03-08T15:18:51+00:00\",\"description\":\"Gebrauchtes Foto Equipment f\u00fcr Canon und Olympus zu g\u00fcnstigen Preisen. Wir helfen gerne weiter! Verpassen Sie nicht die Angebote!\",\"breadcrumb\":{\"@id\":\"https:\\\/\\\/www.pattymiller.at\\\/?page_id=13486#breadcrumb\"},\"inLanguage\":\"de\",\"potentialAction\":[{\"@type\":\"ReadAction\",\"target\":[\"https:\\\/\\\/www.pattymiller.at\\\/?page_id=13486\"]}]},{\"@type\":\"BreadcrumbList\",\"@id\":\"https:\\\/\\\/www.pattymiller.at\\\/?page_id=13486#breadcrumb\",\"itemListElement\":[{\"@type\":\"ListItem\",\"position\":1,\"name\":\"Startseite\",\"item\":\"https:\\\/\\\/www.pattymiller.at\\\/\"},{\"@type\":\"ListItem\",\"position\":2,\"name\":\"Gebrauchtes zu Verkaufen\"}]},{\"@type\":\"WebSite\",\"@id\":\"https:\\\/\\\/www.pattymiller.at\\\/#website\",\"url\":\"https:\\\/\\\/www.pattymiller.at\\\/\",\"name\":\"Patty Miller vocal &amp; Helmut Hussian Fotografie\",\"description\":\"Unser Weg ist das Ziel - wir arbeiten derzeit daran!\",\"publisher\":{\"@id\":\"https:\\\/\\\/www.pattymiller.at\\\/#\\\/schema\\\/person\\\/1f9bd0a95e4c35fba18a93b2cae5a8f9\"},\"potentialAction\":[{\"@type\":\"SearchAction\",\"target\":{\"@type\":\"EntryPoint\",\"urlTemplate\":\"https:\\\/\\\/www.pattymiller.at\\\/?s={search_term_string}\"},\"query-input\":{\"@type\":\"PropertyValueSpecification\",\"valueRequired\":true,\"valueName\":\"search_term_string\"}}],\"inLanguage\":\"de\"},{\"@type\":[\"Person\",\"Organization\"],\"@id\":\"https:\\\/\\\/www.pattymiller.at\\\/#\\\/schema\\\/person\\\/1f9bd0a95e4c35fba18a93b2cae5a8f9\",\"name\":\"Helmut Hussian\",\"image\":{\"@type\":\"ImageObject\",\"inLanguage\":\"de\",\"@id\":\"https:\\\/\\\/i0.wp.com\\\/www.pattymiller.at\\\/wp-content\\\/uploads\\\/2018\\\/05\\\/cropped-cropped-cropped-cropped-jazzlogo.png?fit=512%2C512&ssl=1\",\"url\":\"https:\\\/\\\/i0.wp.com\\\/www.pattymiller.at\\\/wp-content\\\/uploads\\\/2018\\\/05\\\/cropped-cropped-cropped-cropped-jazzlogo.png?fit=512%2C512&ssl=1\",\"contentUrl\":\"https:\\\/\\\/i0.wp.com\\\/www.pattymiller.at\\\/wp-content\\\/uploads\\\/2018\\\/05\\\/cropped-cropped-cropped-cropped-jazzlogo.png?fit=512%2C512&ssl=1\",\"width\":512,\"height\":512,\"caption\":\"Helmut Hussian\"},\"logo\":{\"@id\":\"https:\\\/\\\/i0.wp.com\\\/www.pattymiller.at\\\/wp-content\\\/uploads\\\/2018\\\/05\\\/cropped-cropped-cropped-cropped-jazzlogo.png?fit=512%2C512&ssl=1\"},\"description\":\"Vieles im Leben ausprobiert, nicht immer das gescheiterte getan. So kam ich zur Musik und zur Fotografie.\",\"sameAs\":[\"http:\\\/\\\/www.pattymiller.at\"],\"knowsLanguage\":[\"Deutsch\"]}]}<\/script>\n<!-- \/ Yoast SEO Premium plugin. -->","yoast_head_json":{"title":"GebrauchteGebrauchtes Foto-,u.Musik Equipement zu Verkaufen. M42, Canon und Olympus","description":"Gebrauchtes Foto Equipment f\u00fcr Canon und Olympus zu g\u00fcnstigen Preisen. Wir helfen gerne weiter! Verpassen Sie nicht die Angebote!","robots":{"index":"index","follow":"follow","max-snippet":"max-snippet:-1","max-image-preview":"max-image-preview:large","max-video-preview":"max-video-preview:-1"},"canonical":"https:\/\/www.pattymiller.at\/?page_id=13486","og_locale":"de_DE","og_type":"article","og_title":"Gebrauchtes zu Verkaufen","og_description":"Gebrauchtes Foto Equipment f\u00fcr Canon und Olympus zu g\u00fcnstigen Preisen. Wir helfen gerne weiter! Verpassen Sie nicht die Angebote!","og_url":"https:\/\/www.pattymiller.at\/?page_id=13486","og_site_name":"Patty Miller vocal &amp; Helmut Hussian Fotografie","article_modified_time":"2026-03-08T15:18:51+00:00","twitter_card":"summary_large_image","twitter_misc":{"Gesch\u00e4tzte Lesezeit":"1\u00a0Minute"},"schema":{"@context":"https:\/\/schema.org","@graph":[{"@type":"WebPage","@id":"https:\/\/www.pattymiller.at\/?page_id=13486","url":"https:\/\/www.pattymiller.at\/?page_id=13486","name":"GebrauchteGebrauchtes Foto-,u.Musik Equipement zu Verkaufen. M42, Canon und Olympus","isPartOf":{"@id":"https:\/\/www.pattymiller.at\/#website"},"datePublished":"2024-03-09T09:11:41+00:00","dateModified":"2026-03-08T15:18:51+00:00","description":"Gebrauchtes Foto Equipment f\u00fcr Canon und Olympus zu g\u00fcnstigen Preisen. Wir helfen gerne weiter! Verpassen Sie nicht die Angebote!","breadcrumb":{"@id":"https:\/\/www.pattymiller.at\/?page_id=13486#breadcrumb"},"inLanguage":"de","potentialAction":[{"@type":"ReadAction","target":["https:\/\/www.pattymiller.at\/?page_id=13486"]}]},{"@type":"BreadcrumbList","@id":"https:\/\/www.pattymiller.at\/?page_id=13486#breadcrumb","itemListElement":[{"@type":"ListItem","position":1,"name":"Startseite","item":"https:\/\/www.pattymiller.at\/"},{"@type":"ListItem","position":2,"name":"Gebrauchtes zu Verkaufen"}]},{"@type":"WebSite","@id":"https:\/\/www.pattymiller.at\/#website","url":"https:\/\/www.pattymiller.at\/","name":"Patty Miller vocal &amp; Helmut Hussian Fotografie","description":"Unser Weg ist das Ziel - wir arbeiten derzeit daran!","publisher":{"@id":"https:\/\/www.pattymiller.at\/#\/schema\/person\/1f9bd0a95e4c35fba18a93b2cae5a8f9"},"potentialAction":[{"@type":"SearchAction","target":{"@type":"EntryPoint","urlTemplate":"https:\/\/www.pattymiller.at\/?s={search_term_string}"},"query-input":{"@type":"PropertyValueSpecification","valueRequired":true,"valueName":"search_term_string"}}],"inLanguage":"de"},{"@type":["Person","Organization"],"@id":"https:\/\/www.pattymiller.at\/#\/schema\/person\/1f9bd0a95e4c35fba18a93b2cae5a8f9","name":"Helmut Hussian","image":{"@type":"ImageObject","inLanguage":"de","@id":"https:\/\/i0.wp.com\/www.pattymiller.at\/wp-content\/uploads\/2018\/05\/cropped-cropped-cropped-cropped-jazzlogo.png?fit=512%2C512&ssl=1","url":"https:\/\/i0.wp.com\/www.pattymiller.at\/wp-content\/uploads\/2018\/05\/cropped-cropped-cropped-cropped-jazzlogo.png?fit=512%2C512&ssl=1","contentUrl":"https:\/\/i0.wp.com\/www.pattymiller.at\/wp-content\/uploads\/2018\/05\/cropped-cropped-cropped-cropped-jazzlogo.png?fit=512%2C512&ssl=1","width":512,"height":512,"caption":"Helmut Hussian"},"logo":{"@id":"https:\/\/i0.wp.com\/www.pattymiller.at\/wp-content\/uploads\/2018\/05\/cropped-cropped-cropped-cropped-jazzlogo.png?fit=512%2C512&ssl=1"},"description":"Vieles im Leben ausprobiert, nicht immer das gescheiterte getan. So kam ich zur Musik und zur Fotografie.","sameAs":["http:\/\/www.pattymiller.at"],"knowsLanguage":["Deutsch"]}]}},"jetpack_sharing_enabled":true,"_links":{"self":[{"href":"https:\/\/www.pattymiller.at\/index.php?rest_route=\/wp\/v2\/pages\/13486","targetHints":{"allow":["GET"]}}],"collection":[{"href":"https:\/\/www.pattymiller.at\/index.php?rest_route=\/wp\/v2\/pages"}],"about":[{"href":"https:\/\/www.pattymiller.at\/index.php?rest_route=\/wp\/v2\/types\/page"}],"author":[{"embeddable":true,"href":"https:\/\/www.pattymiller.at\/index.php?rest_route=\/wp\/v2\/users\/2"}],"replies":[{"embeddable":true,"href":"https:\/\/www.pattymiller.at\/index.php?rest_route=%2Fwp%2Fv2%2Fcomments&post=13486"}],"version-history":[{"count":13,"href":"https:\/\/www.pattymiller.at\/index.php?rest_route=\/wp\/v2\/pages\/13486\/revisions"}],"predecessor-version":[{"id":15051,"href":"https:\/\/www.pattymiller.at\/index.php?rest_route=\/wp\/v2\/pages\/13486\/revisions\/15051"}],"wp:attachment":[{"href":"https:\/\/www.pattymiller.at\/index.php?rest_route=%2Fwp%2Fv2%2Fmedia&parent=13486"}],"curies":[{"name":"wp","href":"https:\/\/api.w.org\/{rel}","templated":true}]}}