{"id":13771,"date":"2026-03-19T17:00:46","date_gmt":"2026-03-19T16:00:46","guid":{"rendered":"https:\/\/www.pattymiller.at\/?page_id=13771"},"modified":"2026-05-05T16:51:52","modified_gmt":"2026-05-05T14:51:52","slug":"mein-angebot-in-sachen-fotografie","status":"publish","type":"page","link":"https:\/\/www.pattymiller.at\/?page_id=13771","title":{"rendered":"Buchungsanfrage Fotografie"},"content":{"rendered":"<p>Buchen Sie Helmut Hussian!<\/p>\n<p>Die Voraussetzungen und mein Angebot ist klar und einfach:<br \/>\nIch bin semiporfessioneller Hobbyfotograf, also kein Berufsfotograf.<br \/>\nDas bedeutet weniger Flexibilit\u00e4t, was Fotoauftr\u00e4ge betrifft.<br \/>\nEs spielen nat\u00fcrlich die steuerlichen Gesichtspunkte eine gro\u00dfe Rolle.<br \/>\nAls Kleinunternehmer ist bei Erreichen der steuerlichen Obergrenze das Ende des j\u00e4hrlichen Umsatzes erreicht!<br \/>\nF\u00fcr mich spielt es keine Rolle ob Du mich f\u00fcr ein Foto oder f\u00fcr l\u00e4nger ben\u00f6tigst!<\/p>\n<p><em><strong>Ein Beispiel dazu:<\/strong><\/em><br \/>\nEs komme eine Anfrage zu einem Projekt und eine Anfrage zu einem Angebot von mir.<br \/>\nBis zu einem gewissen Aufwand mache ich dies gerne. \u00dcbersteigt dar Auftrag aber meine M\u00f6glichkeiten, vermittle ich den Auftrag an einem befreundeten Berufsfotografen. Dieser Erledigt den Auftrag und ich bin dann nur sporadisch und kostenlos als zweite Kamera dabei. Dies ergibt meisst ganz entspannte Fotos z.B. eines Brautpaares.<\/p>\n<p><span style=\"color: #000000;\"><a style=\"color: #000000;\" href=\"https:\/\/www.pattymiller.at\/helmut-hussian-fotografie\/\">Zur\u00fcck\/Back to \u00fcber mich<\/a><\/span><\/p>\n","protected":false},"excerpt":{"rendered":"<p>Buchen Sie Helmut Hussian! Die Voraussetzungen und mein Angebot ist klar und einfach: Ich bin semiporfessioneller Hobbyfotograf, also kein Berufsfotograf. Das bedeutet weniger Flexibilit\u00e4t, was Fotoauftr\u00e4ge betrifft. Es spielen nat\u00fcrlich die steuerlichen Gesichtspunkte eine gro\u00dfe Rolle. Als Kleinunternehmer ist bei Erreichen der steuerlichen Obergrenze das Ende des j\u00e4hrlichen Umsatzes erreicht! F\u00fcr mich spielt es keine &hellip; <\/p>\n<p><a class=\"more-link btn\" href=\"https:\/\/www.pattymiller.at\/?page_id=13771\">Weiterlesen<\/a><\/p>\n","protected":false},"author":2,"featured_media":0,"parent":0,"menu_order":0,"comment_status":"closed","ping_status":"closed","template":"","meta":{"footnotes":""},"class_list":["post-13771","page","type-page","status-publish","hentry","nodate","item-wrap"],"yoast_head":"<!-- This site is optimized with the Yoast SEO Premium plugin v27.6 (Yoast SEO v27.6) - https:\/\/yoast.com\/product\/yoast-seo-premium-wordpress\/ -->\n<title>Buchen Sie Helmut Hussian : Patty Miller vocal &amp; Helmut Hussian Fotografie<\/title>\n<meta name=\"description\" content=\"Mein Angebot in Sachen Fotografie ist einfach und klar. Ich arbeite als Hobbyfotograf mit einem Netzwerk von Berufsfotografen.\" \/>\n<meta name=\"robots\" content=\"index, follow, max-snippet:-1, max-image-preview:large, max-video-preview:-1\" \/>\n<link rel=\"canonical\" href=\"https:\/\/www.pattymiller.at\/?page_id=13771\" \/>\n<meta property=\"og:locale\" content=\"de_DE\" \/>\n<meta property=\"og:type\" content=\"article\" \/>\n<meta property=\"og:title\" content=\"Buchungsanfrage Fotografie\" \/>\n<meta property=\"og:description\" content=\"Mein Angebot in Sachen Fotografie ist einfach und klar. Ich arbeite als Hobbyfotograf mit einem Netzwerk von Berufsfotografen.\" \/>\n<meta property=\"og:url\" content=\"https:\/\/www.pattymiller.at\/?page_id=13771\" \/>\n<meta property=\"og:site_name\" content=\"Patty Miller vocal &amp; Helmut Hussian Fotografie\" \/>\n<meta property=\"article:modified_time\" content=\"2026-05-05T14:51:52+00:00\" \/>\n<meta name=\"twitter:card\" content=\"summary_large_image\" \/>\n<meta name=\"twitter:label1\" content=\"Gesch\u00e4tzte Lesezeit\" \/>\n\t<meta name=\"twitter:data1\" content=\"1\u00a0Minute\" \/>\n<script type=\"application\/ld+json\" class=\"yoast-schema-graph\">{\"@context\":\"https:\\\/\\\/schema.org\",\"@graph\":[{\"@type\":\"WebPage\",\"@id\":\"https:\\\/\\\/www.pattymiller.at\\\/?page_id=13771\",\"url\":\"https:\\\/\\\/www.pattymiller.at\\\/?page_id=13771\",\"name\":\"Buchen Sie Helmut Hussian : Patty Miller vocal &amp; Helmut Hussian Fotografie\",\"isPartOf\":{\"@id\":\"https:\\\/\\\/www.pattymiller.at\\\/#website\"},\"datePublished\":\"2026-03-19T16:00:46+00:00\",\"dateModified\":\"2026-05-05T14:51:52+00:00\",\"description\":\"Mein Angebot in Sachen Fotografie ist einfach und klar. Ich arbeite als Hobbyfotograf mit einem Netzwerk von Berufsfotografen.\",\"breadcrumb\":{\"@id\":\"https:\\\/\\\/www.pattymiller.at\\\/?page_id=13771#breadcrumb\"},\"inLanguage\":\"de\",\"potentialAction\":[{\"@type\":\"ReadAction\",\"target\":[\"https:\\\/\\\/www.pattymiller.at\\\/?page_id=13771\"]}]},{\"@type\":\"BreadcrumbList\",\"@id\":\"https:\\\/\\\/www.pattymiller.at\\\/?page_id=13771#breadcrumb\",\"itemListElement\":[{\"@type\":\"ListItem\",\"position\":1,\"name\":\"Startseite\",\"item\":\"https:\\\/\\\/www.pattymiller.at\\\/\"},{\"@type\":\"ListItem\",\"position\":2,\"name\":\"Buchungsanfrage Fotografie\"}]},{\"@type\":\"WebSite\",\"@id\":\"https:\\\/\\\/www.pattymiller.at\\\/#website\",\"url\":\"https:\\\/\\\/www.pattymiller.at\\\/\",\"name\":\"Patty Miller vocal &amp; Helmut Hussian Fotografie\",\"description\":\"Unser Weg ist das Ziel - wir arbeiten derzeit daran!\",\"publisher\":{\"@id\":\"https:\\\/\\\/www.pattymiller.at\\\/#\\\/schema\\\/person\\\/1f9bd0a95e4c35fba18a93b2cae5a8f9\"},\"potentialAction\":[{\"@type\":\"SearchAction\",\"target\":{\"@type\":\"EntryPoint\",\"urlTemplate\":\"https:\\\/\\\/www.pattymiller.at\\\/?s={search_term_string}\"},\"query-input\":{\"@type\":\"PropertyValueSpecification\",\"valueRequired\":true,\"valueName\":\"search_term_string\"}}],\"inLanguage\":\"de\"},{\"@type\":[\"Person\",\"Organization\"],\"@id\":\"https:\\\/\\\/www.pattymiller.at\\\/#\\\/schema\\\/person\\\/1f9bd0a95e4c35fba18a93b2cae5a8f9\",\"name\":\"Helmut Hussian\",\"image\":{\"@type\":\"ImageObject\",\"inLanguage\":\"de\",\"@id\":\"https:\\\/\\\/i0.wp.com\\\/www.pattymiller.at\\\/wp-content\\\/uploads\\\/2018\\\/05\\\/cropped-cropped-cropped-cropped-jazzlogo.png?fit=512%2C512&ssl=1\",\"url\":\"https:\\\/\\\/i0.wp.com\\\/www.pattymiller.at\\\/wp-content\\\/uploads\\\/2018\\\/05\\\/cropped-cropped-cropped-cropped-jazzlogo.png?fit=512%2C512&ssl=1\",\"contentUrl\":\"https:\\\/\\\/i0.wp.com\\\/www.pattymiller.at\\\/wp-content\\\/uploads\\\/2018\\\/05\\\/cropped-cropped-cropped-cropped-jazzlogo.png?fit=512%2C512&ssl=1\",\"width\":512,\"height\":512,\"caption\":\"Helmut Hussian\"},\"logo\":{\"@id\":\"https:\\\/\\\/i0.wp.com\\\/www.pattymiller.at\\\/wp-content\\\/uploads\\\/2018\\\/05\\\/cropped-cropped-cropped-cropped-jazzlogo.png?fit=512%2C512&ssl=1\"},\"description\":\"Vieles im Leben ausprobiert, nicht immer das gescheiterte getan. So kam ich zur Musik und zur Fotografie.\",\"sameAs\":[\"http:\\\/\\\/www.pattymiller.at\"],\"knowsLanguage\":[\"Deutsch\"]}]}<\/script>\n<!-- \/ Yoast SEO Premium plugin. -->","yoast_head_json":{"title":"Buchen Sie Helmut Hussian : Patty Miller vocal &amp; Helmut Hussian Fotografie","description":"Mein Angebot in Sachen Fotografie ist einfach und klar. Ich arbeite als Hobbyfotograf mit einem Netzwerk von Berufsfotografen.","robots":{"index":"index","follow":"follow","max-snippet":"max-snippet:-1","max-image-preview":"max-image-preview:large","max-video-preview":"max-video-preview:-1"},"canonical":"https:\/\/www.pattymiller.at\/?page_id=13771","og_locale":"de_DE","og_type":"article","og_title":"Buchungsanfrage Fotografie","og_description":"Mein Angebot in Sachen Fotografie ist einfach und klar. Ich arbeite als Hobbyfotograf mit einem Netzwerk von Berufsfotografen.","og_url":"https:\/\/www.pattymiller.at\/?page_id=13771","og_site_name":"Patty Miller vocal &amp; Helmut Hussian Fotografie","article_modified_time":"2026-05-05T14:51:52+00:00","twitter_card":"summary_large_image","twitter_misc":{"Gesch\u00e4tzte Lesezeit":"1\u00a0Minute"},"schema":{"@context":"https:\/\/schema.org","@graph":[{"@type":"WebPage","@id":"https:\/\/www.pattymiller.at\/?page_id=13771","url":"https:\/\/www.pattymiller.at\/?page_id=13771","name":"Buchen Sie Helmut Hussian : Patty Miller vocal &amp; Helmut Hussian Fotografie","isPartOf":{"@id":"https:\/\/www.pattymiller.at\/#website"},"datePublished":"2026-03-19T16:00:46+00:00","dateModified":"2026-05-05T14:51:52+00:00","description":"Mein Angebot in Sachen Fotografie ist einfach und klar. Ich arbeite als Hobbyfotograf mit einem Netzwerk von Berufsfotografen.","breadcrumb":{"@id":"https:\/\/www.pattymiller.at\/?page_id=13771#breadcrumb"},"inLanguage":"de","potentialAction":[{"@type":"ReadAction","target":["https:\/\/www.pattymiller.at\/?page_id=13771"]}]},{"@type":"BreadcrumbList","@id":"https:\/\/www.pattymiller.at\/?page_id=13771#breadcrumb","itemListElement":[{"@type":"ListItem","position":1,"name":"Startseite","item":"https:\/\/www.pattymiller.at\/"},{"@type":"ListItem","position":2,"name":"Buchungsanfrage Fotografie"}]},{"@type":"WebSite","@id":"https:\/\/www.pattymiller.at\/#website","url":"https:\/\/www.pattymiller.at\/","name":"Patty Miller vocal &amp; Helmut Hussian Fotografie","description":"Unser Weg ist das Ziel - wir arbeiten derzeit daran!","publisher":{"@id":"https:\/\/www.pattymiller.at\/#\/schema\/person\/1f9bd0a95e4c35fba18a93b2cae5a8f9"},"potentialAction":[{"@type":"SearchAction","target":{"@type":"EntryPoint","urlTemplate":"https:\/\/www.pattymiller.at\/?s={search_term_string}"},"query-input":{"@type":"PropertyValueSpecification","valueRequired":true,"valueName":"search_term_string"}}],"inLanguage":"de"},{"@type":["Person","Organization"],"@id":"https:\/\/www.pattymiller.at\/#\/schema\/person\/1f9bd0a95e4c35fba18a93b2cae5a8f9","name":"Helmut Hussian","image":{"@type":"ImageObject","inLanguage":"de","@id":"https:\/\/i0.wp.com\/www.pattymiller.at\/wp-content\/uploads\/2018\/05\/cropped-cropped-cropped-cropped-jazzlogo.png?fit=512%2C512&ssl=1","url":"https:\/\/i0.wp.com\/www.pattymiller.at\/wp-content\/uploads\/2018\/05\/cropped-cropped-cropped-cropped-jazzlogo.png?fit=512%2C512&ssl=1","contentUrl":"https:\/\/i0.wp.com\/www.pattymiller.at\/wp-content\/uploads\/2018\/05\/cropped-cropped-cropped-cropped-jazzlogo.png?fit=512%2C512&ssl=1","width":512,"height":512,"caption":"Helmut Hussian"},"logo":{"@id":"https:\/\/i0.wp.com\/www.pattymiller.at\/wp-content\/uploads\/2018\/05\/cropped-cropped-cropped-cropped-jazzlogo.png?fit=512%2C512&ssl=1"},"description":"Vieles im Leben ausprobiert, nicht immer das gescheiterte getan. So kam ich zur Musik und zur Fotografie.","sameAs":["http:\/\/www.pattymiller.at"],"knowsLanguage":["Deutsch"]}]}},"jetpack_sharing_enabled":true,"_links":{"self":[{"href":"https:\/\/www.pattymiller.at\/index.php?rest_route=\/wp\/v2\/pages\/13771","targetHints":{"allow":["GET"]}}],"collection":[{"href":"https:\/\/www.pattymiller.at\/index.php?rest_route=\/wp\/v2\/pages"}],"about":[{"href":"https:\/\/www.pattymiller.at\/index.php?rest_route=\/wp\/v2\/types\/page"}],"author":[{"embeddable":true,"href":"https:\/\/www.pattymiller.at\/index.php?rest_route=\/wp\/v2\/users\/2"}],"replies":[{"embeddable":true,"href":"https:\/\/www.pattymiller.at\/index.php?rest_route=%2Fwp%2Fv2%2Fcomments&post=13771"}],"version-history":[{"count":15,"href":"https:\/\/www.pattymiller.at\/index.php?rest_route=\/wp\/v2\/pages\/13771\/revisions"}],"predecessor-version":[{"id":15706,"href":"https:\/\/www.pattymiller.at\/index.php?rest_route=\/wp\/v2\/pages\/13771\/revisions\/15706"}],"wp:attachment":[{"href":"https:\/\/www.pattymiller.at\/index.php?rest_route=%2Fwp%2Fv2%2Fmedia&parent=13771"}],"curies":[{"name":"wp","href":"https:\/\/api.w.org\/{rel}","templated":true}]}}