{"id":14305,"date":"2025-07-10T11:05:27","date_gmt":"2025-07-10T09:05:27","guid":{"rendered":"https:\/\/www.pattymiller.at\/?page_id=14305"},"modified":"2026-05-06T22:59:47","modified_gmt":"2026-05-06T20:59:47","slug":"architektur-patty-miller","status":"publish","type":"page","link":"https:\/\/www.pattymiller.at\/?page_id=14305","title":{"rendered":"Architektur Patty Miller"},"content":{"rendered":"<p>Architektur ist eine Faszination im Zeitraffer der Geschichte.<br \/>\nAls K\u00fcnstlerin liebe ich auch ausgefallene und sch\u00f6ne Architektur.<br \/>\nHier eine kleine Auswahl, mehr in K\u00fcrze:<br \/>\n<div id=\"envira-gallery-wrap-14299\" class=\"envira-gallery-wrap envira-lazy-loading-enabled envira-layout-automatic\" itemscope itemtype=\"https:\/\/schema.org\/ImageGallery\"><div class=\"envira-loader\"><div><\/div><div><\/div><div><\/div><div><\/div><\/div><div id=\"envira-gallery-14299\" class=\"envira-gallery-public envira-gallery-0-columns envira-clear envira-gallery-justified-public\" data-envira-id=\"14299\" data-gallery-config='{\"type\":\"default\",\"layout\":\"automatic\",\"columns\":\"0\",\"gallery_theme\":\"base\",\"justified_margins\":15,\"justified_last_row\":\"nojustify\",\"lazy_loading\":1,\"lazy_loading_delay\":500,\"gutter\":10,\"gutter_mobile\":0,\"margin\":10,\"image_size\":\"2048x2048\",\"square_size\":300,\"crop_width\":2560,\"crop_height\":2560,\"crop\":0,\"crop_position\":\"c\",\"show_more_text\":\"Click for more\",\"additional_copy_0\":0,\"additional_copy_title\":0,\"additional_copy_caption\":0,\"additional_copy_title_caption\":0,\"additional_copy_0_mobile\":0,\"additional_copy_title_mobile\":0,\"additional_copy_caption_mobile\":0,\"additional_copy_title_caption_mobile\":0,\"gallery_column_title_caption\":\"0\",\"gallery_column_title_caption_mobile\":\"0\",\"additional_copy_automatic_0\":0,\"additional_copy_automatic_title\":0,\"additional_copy_automatic_caption\":0,\"additional_copy_automatic_title_caption\":0,\"additional_copy_automatic_0_mobile\":0,\"additional_copy_automatic_title_mobile\":0,\"additional_copy_automatic_caption_mobile\":0,\"additional_copy_automatic_title_caption_mobile\":0,\"gallery_automatic_title_caption\":\"title\",\"gallery_automatic_title_caption_mobile\":\"0\",\"justified_row_height\":180,\"description_position\":\"below\",\"description\":\"Alle Fotos (c): Patty Miller\",\"random\":\"0\",\"sort_order\":\"0\",\"sorting_direction\":\"ASC\",\"image_sizes_random\":[],\"isotope\":0,\"lightbox_enabled\":1,\"gallery_link_enabled\":1,\"lightbox_theme\":\"captioned\",\"lightbox_image_size\":\"2048x2048\",\"title_display\":\"over\",\"lightbox_title_caption\":\"title\",\"arrows\":1,\"arrows_position\":\"inside\",\"toolbar\":1,\"toolbar_title\":1,\"toolbar_position\":\"top\",\"loop\":1,\"lightbox_open_close_effect\":\"fade\",\"effect\":\"fade\",\"supersize\":0,\"thumbnails_toggle\":0,\"thumbnails_hide\":0,\"image_counter\":0,\"lightbox_html_caption\":0,\"thumbnails\":1,\"thumbnails_width\":\"auto\",\"thumbnails_height\":\"auto\",\"thumbnails_position\":\"bottom\",\"thumbnails_custom_size\":0,\"mobile\":1,\"mobile_width\":320,\"mobile_height\":240,\"mobile_lightbox\":1,\"mobile_gallery_link_enabled\":0,\"mobile_arrows\":1,\"mobile_toolbar\":1,\"mobile_thumbnails\":1,\"mobile_touchwipe_close\":0,\"mobile_thumbnails_width\":75,\"mobile_thumbnails_height\":50,\"mobile_justified_row_height\":80,\"keyboard\":true,\"standalone_template\":\"\",\"classes\":[\"\"],\"rtl\":0,\"slug\":\"patty-miller-architektur\",\"protection\":1,\"protection_popup\":0,\"protection_message\":\"\",\"protection_title\":\"\",\"protection_button_text\":\"\",\"slideshow\":0,\"autoplay\":0,\"slideshow_hover\":0,\"ss_speed\":5000,\"watermarking\":false,\"watermarking_image_id\":0,\"watermarking_position\":\"top-left\",\"watermarking_margin\":10,\"watermarking_text\":\"Some Text\",\"watermarking_font\":\"Oleo Script\",\"watermarking_font_size\":150,\"watermarking_color\":\"rgba(0,175,85,0.77)\",\"watermarking_rotation\":0,\"watermarking_repeat\":false,\"watermarking_image_scale\":100,\"watermarking_type\":\"image\",\"watermarking_keep_original\":true,\"watermarking_existing_images\":true,\"zoom\":0,\"zoom_hover\":0,\"zoom_position\":\"upper-left\",\"zoom_type\":\"basic\",\"zoom_effect\":\"fade-in\",\"zoom_lens_shape\":\"round\",\"zoom_lens_cursor\":1,\"zoom_window_size\":\"medium\",\"zoom_tint_color\":\"\",\"zoom_tint_color_opacity\":\"25\",\"zoom_mousewheel\":0,\"zoom_size\":200,\"mobile_zoom\":0,\"videos_play_icon\":0,\"videos_play_icon_thumbnails\":0,\"videos_autoplay\":0,\"videos_enlarge\":0,\"videos_playpause\":1,\"videos_progress\":1,\"videos_current\":1,\"videos_duration\":1,\"videos_volume\":1,\"videos_controls\":1,\"videos_fullscreen\":1,\"videos_download\":1,\"justified_gallery_theme\":false,\"gallery_id\":\"14299\"}' data-gallery-images='[{\"status\":\"active\",\"src\":\"https:\\\/\\\/www.pattymiller.at\\\/wp-content\\\/uploads\\\/2025\\\/07\\\/Graz-Hauptbahnhof-nachts_MG_4542-Kopie-1.jpg\",\"title\":\"Graz Hauptbahnhof nachts_MG_4542 Kopie\",\"link\":\"https:\\\/\\\/www.pattymiller.at\\\/wp-content\\\/uploads\\\/2025\\\/07\\\/Graz-Hauptbahnhof-nachts_MG_4542-Kopie-1.jpg\",\"alt\":\"\",\"caption\":false,\"thumb\":\"https:\\\/\\\/www.pattymiller.at\\\/wp-content\\\/uploads\\\/2025\\\/07\\\/Graz-Hauptbahnhof-nachts_MG_4542-Kopie-1-75x50_c.jpg\",\"meta\":{\"aperture\":\"4\",\"credit\":\"HUSSIAN Helmut\",\"camera\":\"Canon EOS 600D\",\"caption\":\"\",\"created_timestamp\":\"1483726949\",\"copyright\":\"all rights reserved\",\"focal_length\":\"33\",\"iso\":\"100\",\"shutter_speed\":\"0.025\",\"title\":\"\",\"orientation\":\"1\",\"keywords\":null,\"resized_images\":null},\"thumbnail\":\"https:\\\/\\\/www.pattymiller.at\\\/wp-content\\\/uploads\\\/2025\\\/07\\\/Graz-Hauptbahnhof-nachts_MG_4542-Kopie-1-150x150.jpg\",\"medium\":\"https:\\\/\\\/www.pattymiller.at\\\/wp-content\\\/uploads\\\/2025\\\/07\\\/Graz-Hauptbahnhof-nachts_MG_4542-Kopie-1-250x167.jpg\",\"medium_large\":\"https:\\\/\\\/www.pattymiller.at\\\/wp-content\\\/uploads\\\/2025\\\/07\\\/Graz-Hauptbahnhof-nachts_MG_4542-Kopie-1-768x512.jpg\",\"large\":\"https:\\\/\\\/www.pattymiller.at\\\/wp-content\\\/uploads\\\/2025\\\/07\\\/Graz-Hauptbahnhof-nachts_MG_4542-Kopie-1-1024x683.jpg\",\"1536x1536\":\"https:\\\/\\\/www.pattymiller.at\\\/wp-content\\\/uploads\\\/2025\\\/07\\\/Graz-Hauptbahnhof-nachts_MG_4542-Kopie-1-1536x1024.jpg\",\"2048x2048\":\"https:\\\/\\\/www.pattymiller.at\\\/wp-content\\\/uploads\\\/2025\\\/07\\\/Graz-Hauptbahnhof-nachts_MG_4542-Kopie-1.jpg\",\"graphene_slider\":\"https:\\\/\\\/www.pattymiller.at\\\/wp-content\\\/uploads\\\/2025\\\/07\\\/Graz-Hauptbahnhof-nachts_MG_4542-Kopie-1-750x400.jpg\",\"graphene_featured_image\":\"https:\\\/\\\/www.pattymiller.at\\\/wp-content\\\/uploads\\\/2025\\\/07\\\/Graz-Hauptbahnhof-nachts_MG_4542-Kopie-1-750x500.jpg\",\"graphene-homepage-pane\":\"https:\\\/\\\/www.pattymiller.at\\\/wp-content\\\/uploads\\\/2025\\\/07\\\/Graz-Hauptbahnhof-nachts_MG_4542-Kopie-1.jpg\",\"post-thumbnail\":\"https:\\\/\\\/www.pattymiller.at\\\/wp-content\\\/uploads\\\/2025\\\/07\\\/Graz-Hauptbahnhof-nachts_MG_4542-Kopie-1-1170x240.jpg\",\"picu-thumbnail\":\"https:\\\/\\\/www.pattymiller.at\\\/wp-content\\\/uploads\\\/2025\\\/07\\\/Graz-Hauptbahnhof-nachts_MG_4542-Kopie-1.jpg\",\"picu-small\":\"https:\\\/\\\/www.pattymiller.at\\\/wp-content\\\/uploads\\\/2025\\\/07\\\/Graz-Hauptbahnhof-nachts_MG_4542-Kopie-1.jpg\",\"picu-medium\":\"https:\\\/\\\/www.pattymiller.at\\\/wp-content\\\/uploads\\\/2025\\\/07\\\/Graz-Hauptbahnhof-nachts_MG_4542-Kopie-1.jpg\",\"picu-large\":\"https:\\\/\\\/www.pattymiller.at\\\/wp-content\\\/uploads\\\/2025\\\/07\\\/Graz-Hauptbahnhof-nachts_MG_4542-Kopie-1.jpg\",\"full\":\"https:\\\/\\\/www.pattymiller.at\\\/wp-content\\\/uploads\\\/2025\\\/07\\\/Graz-Hauptbahnhof-nachts_MG_4542-Kopie-1.jpg\",\"index\":0,\"id\":14722,\"video\":false,\"opts\":{\"caption\":\"\",\"thumb\":\"https:\\\/\\\/www.pattymiller.at\\\/wp-content\\\/uploads\\\/2025\\\/07\\\/Graz-Hauptbahnhof-nachts_MG_4542-Kopie-1-75x50_c.jpg\",\"title\":\"Graz Hauptbahnhof nachts_MG_4542 Kopie\"},\"gallery_id\":\"14299\"}]' data-lightbox-theme='{&quot;arrows&quot;:1,&quot;margins&quot;:[220,0],&quot;gutter&quot;:&quot;50&quot;,&quot;base_template&quot;:&quot;&lt;div id=\\&quot;envirabox-14299\\&quot; data-envirabox-id=\\&quot;14299\\&quot; class=\\&quot;envirabox-container envirabox-theme-captioned envirabox-wrap\\&quot; role=\\&quot;dialog\\&quot;&gt;&lt;div class=\\&quot;envirabox-bg\\&quot;&gt;&lt;\\\/div&gt;&lt;div class=\\&quot;envirabox-outer\\&quot;&gt;&lt;div class=\\&quot;envirabox-inner\\&quot;&gt;&lt;div id=\\&quot;envirabox-buttons\\&quot; class=\\&quot;envirabox-infobar top\\&quot;&gt;&lt;ul&gt;&lt;li&gt;&lt;a data-envirabox-prev class=\\&quot;btnPrev\\&quot; title=\\&quot;Previous\\&quot; href=\\&quot;#\\&quot;&gt;&lt;\\\/a&gt;&lt;\\\/li&gt;&lt;li&gt;&lt;a data-envirabox-next class=\\&quot;btnNext\\&quot; title=\\&quot;Next\\&quot; href=\\&quot;#\\&quot;&gt;&lt;\\\/a&gt;&lt;\\\/li&gt;&lt;li id=\\&quot;envirabox-buttons-title\\&quot;&gt;&lt;span&gt;Patty Miller Architektur ??&lt;\\\/span&gt;&lt;\\\/li&gt;&lt;li&gt;&lt;a data-envirabox-close class=\\&quot;btnClose\\&quot; title=\\&quot;Close\\&quot; href=\\&quot;javascript:;\\&quot;&gt;&lt;\\\/a&gt;&lt;\\\/li&gt;&lt;\\\/ul&gt;&lt;\\\/div&gt;&lt;div class=\\&quot;envirabox-position-overlay envira-gallery-top-left\\&quot;&gt;&lt;\\\/div&gt;&lt;div class=\\&quot;envirabox-position-overlay envira-gallery-top-right\\&quot;&gt;&lt;\\\/div&gt;&lt;div class=\\&quot;envirabox-position-overlay envira-gallery-bottom-left\\&quot;&gt;&lt;\\\/div&gt;&lt;div class=\\&quot;envirabox-position-overlay envira-gallery-bottom-right\\&quot;&gt;&lt;\\\/div&gt;&lt;div class=\\&quot;envirabox-stage\\&quot;&gt;&lt;\\\/div&gt;&lt;\\\/div&gt;&lt;\\\/div&gt;&lt;\\\/div&gt;&quot;,&quot;load_all&quot;:false,&quot;error_template&quot;:&quot;&lt;div class=\\&quot;envirabox-error\\&quot;&gt;&lt;p&gt;{{ERROR}}&lt;p&gt;&lt;\\\/div&gt;&quot;,&quot;inner_caption&quot;:true,&quot;caption_position&quot;:&quot;over&quot;,&quot;thumbs_position&quot;:&quot;bottom&quot;,&quot;arrow_position&quot;:&quot;inside&quot;,&quot;toolbar&quot;:false,&quot;infobar&quot;:true,&quot;show_smallbtn&quot;:true,&quot;idle_time&quot;:false,&quot;click_content&quot;:false,&quot;click_slide&quot;:false,&quot;click_outside&quot;:false,&quot;animation_duration&quot;:false,&quot;transition_duration&quot;:false,&quot;small_btn_template&quot;:&quot;&lt;a data-envirabox-close class=\\&quot;envirabox-item envirabox-close envirabox-button--close\\&quot; title=\\&quot;Close\\&quot; href=\\&quot;#\\&quot;&gt;&lt;\\\/a&gt;&quot;}' data-parsed-attrs='{\"slug\":\"patty-miller-architektur\",\"cache\":true}'><div id=\"envira-gallery-item-14722\" class=\"envira-gallery-item envira-gallery-item-1 envira-lazy-load\" style=\"padding-left: 5px; padding-bottom: 10px; padding-right: 5px;\"  itemscope itemtype=\"https:\/\/schema.org\/ImageObject\"><div class=\"envira-gallery-item-inner\"><div class=\"envira-gallery-position-overlay envira-gallery-top-left\"><\/div><div class=\"envira-gallery-position-overlay envira-gallery-top-right\"><\/div><div class=\"envira-gallery-position-overlay envira-gallery-bottom-left\"><\/div><div class=\"envira-gallery-position-overlay envira-gallery-bottom-right\"><\/div><a class=\"envira-gallery-14299 envira-gallery-link\" href=\"https:\/\/i0.wp.com\/www.pattymiller.at\/wp-content\/uploads\/2025\/07\/Graz-Hauptbahnhof-nachts_MG_4542-Kopie-1.jpg?fit=1968%2C1312&#038;ssl=1\" title=\"Graz Hauptbahnhof nachts_MG_4542 Kopie\" data-caption=\"\" data-envira-item-id=\"14722\" data-envira-retina=\"https:\/\/i0.wp.com\/www.pattymiller.at\/wp-content\/uploads\/2025\/07\/Graz-Hauptbahnhof-nachts_MG_4542-Kopie-1.jpg?fit=1968%2C1312&#038;ssl=1\" data-thumb=\"https:\/\/www.pattymiller.at\/wp-content\/uploads\/2025\/07\/Graz-Hauptbahnhof-nachts_MG_4542-Kopie-1-75x50_c.jpg\" data-title=\"Graz Hauptbahnhof nachts_MG_4542 Kopie\" data-envirabox='14299' itemprop=\"contentUrl\"><img fetchpriority=\"high\" decoding=\"async\" src=\"https:\/\/i0.wp.com\/www.pattymiller.at\/wp-content\/uploads\/2025\/07\/Graz-Hauptbahnhof-nachts_MG_4542-Kopie-1.jpg?fit=1968%2C1312&amp;ssl=1\" alt=\"\" class=\"envira-gallery-image envira-gallery-image-1    envira-lazy\" height=\"2560\" id=\"envira-gallery-image-14722\" srcset=\"data:image\/gif;base64,R0lGODlhAQABAIAAAP\/\/\/\/\/\/\/yH5BAEKAAEALAAAAAABAAEAAAICTAEAOw==\" tabindex=\"-1\" title=\"Graz Hauptbahnhof nachts_MG_4542 Kopie\" width=\"2560\" data-caption=\"\" data-envira-gallery-id=\"14299\" data-envira-index=\"0\" data-envira-item-id=\"14722\" data-envira-src=\"https:\/\/i0.wp.com\/www.pattymiller.at\/wp-content\/uploads\/2025\/07\/Graz-Hauptbahnhof-nachts_MG_4542-Kopie-1.jpg?fit=1968%2C1312&amp;ssl=1\" data-envira-srcset=\"https:\/\/i0.wp.com\/www.pattymiller.at\/wp-content\/uploads\/2025\/07\/Graz-Hauptbahnhof-nachts_MG_4542-Kopie-1.jpg?fit=1968%2C1312&amp;ssl=1 400w, https:\/\/i0.wp.com\/www.pattymiller.at\/wp-content\/uploads\/2025\/07\/Graz-Hauptbahnhof-nachts_MG_4542-Kopie-1.jpg?fit=1968%2C1312&amp;ssl=1 2x\" data-title=\"Graz Hauptbahnhof nachts_MG_4542 Kopie\" itemprop=\"thumbnailUrl\"  draggable=\"false\" onmousedown=\"event.preventDefault()\"  data-envirabox=\"14299\" data-automatic-caption=\"Graz Hauptbahnhof nachts_MG_4542 Kopie\" data-envira-height=\"167\" data-envira-width=\"250\" \/><\/a><\/div><\/div><\/div><\/div><div class=\"envira-gallery-description envira-gallery-description-below\" style=\"padding-bottom: 10px;\"><p>Alle Fotos (c): Patty Miller<\/p>\n<\/div><noscript><img data-recalc-dims=\"1\" src=\"https:\/\/i0.wp.com\/www.pattymiller.at\/wp-content\/uploads\/2025\/07\/Graz-Hauptbahnhof-nachts_MG_4542-Kopie-1.jpg?w=750&#038;ssl=1\" alt='' class='envira_noscript_images ' \/><\/noscript><\/p>\n<hr \/>\n<p>Back to Patty Miller <a href=\"https:\/\/www.pattymiller.at\/\">Startpage<\/a><br \/>\nBack to <a href=\"https:\/\/www.pattymiller.at\/patty-miller-als-fotograf\/\">Patty Miller Fotografie<\/a><\/p>\n","protected":false},"excerpt":{"rendered":"<p>Architektur ist eine Faszination im Zeitraffer der Geschichte. Als K\u00fcnstlerin liebe ich auch ausgefallene und sch\u00f6ne Architektur. Hier eine kleine Auswahl, mehr in K\u00fcrze: Back to Patty Miller Startpage Back to Patty Miller Fotografie<\/p>\n","protected":false},"author":2,"featured_media":0,"parent":0,"menu_order":3,"comment_status":"closed","ping_status":"closed","template":"","meta":{"footnotes":""},"class_list":["post-14305","page","type-page","status-publish","hentry","nodate","item-wrap"],"yoast_head":"<!-- This site is optimized with the Yoast SEO Premium plugin v27.6 (Yoast SEO v27.6) - https:\/\/yoast.com\/product\/yoast-seo-premium-wordpress\/ -->\n<title>Architektur Patty Miller : Patty Miller vocal &amp; Helmut Hussian Fotografie<\/title>\n<meta name=\"description\" content=\"Besuchen sie meine Seite mit baulicher Architektur welche mir im laufe meiner Reiset\u00e4tigkeit besonders aufgefallen ist.\" \/>\n<meta name=\"robots\" content=\"index, follow, max-snippet:-1, max-image-preview:large, max-video-preview:-1\" \/>\n<link rel=\"canonical\" href=\"https:\/\/www.pattymiller.at\/?page_id=14305\" \/>\n<meta property=\"og:locale\" content=\"de_DE\" \/>\n<meta property=\"og:type\" content=\"article\" \/>\n<meta property=\"og:title\" content=\"Architektur Patty Miller\" \/>\n<meta property=\"og:description\" content=\"Besuchen sie meine Seite mit baulicher Architektur welche mir im laufe meiner Reiset\u00e4tigkeit besonders aufgefallen ist.\" \/>\n<meta property=\"og:url\" content=\"https:\/\/www.pattymiller.at\/?page_id=14305\" \/>\n<meta property=\"og:site_name\" content=\"Patty Miller vocal &amp; Helmut Hussian Fotografie\" \/>\n<meta property=\"article:modified_time\" content=\"2026-05-06T20:59:47+00:00\" \/>\n<meta name=\"twitter:card\" content=\"summary_large_image\" \/>\n<meta name=\"twitter:label1\" content=\"Gesch\u00e4tzte Lesezeit\" \/>\n\t<meta name=\"twitter:data1\" content=\"1\u00a0Minute\" \/>\n<script type=\"application\/ld+json\" class=\"yoast-schema-graph\">{\"@context\":\"https:\\\/\\\/schema.org\",\"@graph\":[{\"@type\":\"WebPage\",\"@id\":\"https:\\\/\\\/www.pattymiller.at\\\/?page_id=14305\",\"url\":\"https:\\\/\\\/www.pattymiller.at\\\/?page_id=14305\",\"name\":\"Architektur Patty Miller : Patty Miller vocal &amp; Helmut Hussian Fotografie\",\"isPartOf\":{\"@id\":\"https:\\\/\\\/www.pattymiller.at\\\/#website\"},\"datePublished\":\"2025-07-10T09:05:27+00:00\",\"dateModified\":\"2026-05-06T20:59:47+00:00\",\"description\":\"Besuchen sie meine Seite mit baulicher Architektur welche mir im laufe meiner Reiset\u00e4tigkeit besonders aufgefallen ist.\",\"breadcrumb\":{\"@id\":\"https:\\\/\\\/www.pattymiller.at\\\/?page_id=14305#breadcrumb\"},\"inLanguage\":\"de\",\"potentialAction\":[{\"@type\":\"ReadAction\",\"target\":[\"https:\\\/\\\/www.pattymiller.at\\\/?page_id=14305\"]}]},{\"@type\":\"BreadcrumbList\",\"@id\":\"https:\\\/\\\/www.pattymiller.at\\\/?page_id=14305#breadcrumb\",\"itemListElement\":[{\"@type\":\"ListItem\",\"position\":1,\"name\":\"Startseite\",\"item\":\"https:\\\/\\\/www.pattymiller.at\\\/\"},{\"@type\":\"ListItem\",\"position\":2,\"name\":\"Architektur Patty Miller\"}]},{\"@type\":\"WebSite\",\"@id\":\"https:\\\/\\\/www.pattymiller.at\\\/#website\",\"url\":\"https:\\\/\\\/www.pattymiller.at\\\/\",\"name\":\"Patty Miller vocal &amp; Helmut Hussian Fotografie\",\"description\":\"Unser Weg ist das Ziel - wir arbeiten derzeit daran!\",\"publisher\":{\"@id\":\"https:\\\/\\\/www.pattymiller.at\\\/#\\\/schema\\\/person\\\/1f9bd0a95e4c35fba18a93b2cae5a8f9\"},\"potentialAction\":[{\"@type\":\"SearchAction\",\"target\":{\"@type\":\"EntryPoint\",\"urlTemplate\":\"https:\\\/\\\/www.pattymiller.at\\\/?s={search_term_string}\"},\"query-input\":{\"@type\":\"PropertyValueSpecification\",\"valueRequired\":true,\"valueName\":\"search_term_string\"}}],\"inLanguage\":\"de\"},{\"@type\":[\"Person\",\"Organization\"],\"@id\":\"https:\\\/\\\/www.pattymiller.at\\\/#\\\/schema\\\/person\\\/1f9bd0a95e4c35fba18a93b2cae5a8f9\",\"name\":\"Helmut Hussian\",\"image\":{\"@type\":\"ImageObject\",\"inLanguage\":\"de\",\"@id\":\"https:\\\/\\\/i0.wp.com\\\/www.pattymiller.at\\\/wp-content\\\/uploads\\\/2018\\\/05\\\/cropped-cropped-cropped-cropped-jazzlogo.png?fit=512%2C512&ssl=1\",\"url\":\"https:\\\/\\\/i0.wp.com\\\/www.pattymiller.at\\\/wp-content\\\/uploads\\\/2018\\\/05\\\/cropped-cropped-cropped-cropped-jazzlogo.png?fit=512%2C512&ssl=1\",\"contentUrl\":\"https:\\\/\\\/i0.wp.com\\\/www.pattymiller.at\\\/wp-content\\\/uploads\\\/2018\\\/05\\\/cropped-cropped-cropped-cropped-jazzlogo.png?fit=512%2C512&ssl=1\",\"width\":512,\"height\":512,\"caption\":\"Helmut Hussian\"},\"logo\":{\"@id\":\"https:\\\/\\\/i0.wp.com\\\/www.pattymiller.at\\\/wp-content\\\/uploads\\\/2018\\\/05\\\/cropped-cropped-cropped-cropped-jazzlogo.png?fit=512%2C512&ssl=1\"},\"description\":\"Vieles im Leben ausprobiert, nicht immer das gescheiterte getan. So kam ich zur Musik und zur Fotografie.\",\"sameAs\":[\"http:\\\/\\\/www.pattymiller.at\"],\"knowsLanguage\":[\"Deutsch\"]}]}<\/script>\n<!-- \/ Yoast SEO Premium plugin. -->","yoast_head_json":{"title":"Architektur Patty Miller : Patty Miller vocal &amp; Helmut Hussian Fotografie","description":"Besuchen sie meine Seite mit baulicher Architektur welche mir im laufe meiner Reiset\u00e4tigkeit besonders aufgefallen ist.","robots":{"index":"index","follow":"follow","max-snippet":"max-snippet:-1","max-image-preview":"max-image-preview:large","max-video-preview":"max-video-preview:-1"},"canonical":"https:\/\/www.pattymiller.at\/?page_id=14305","og_locale":"de_DE","og_type":"article","og_title":"Architektur Patty Miller","og_description":"Besuchen sie meine Seite mit baulicher Architektur welche mir im laufe meiner Reiset\u00e4tigkeit besonders aufgefallen ist.","og_url":"https:\/\/www.pattymiller.at\/?page_id=14305","og_site_name":"Patty Miller vocal &amp; Helmut Hussian Fotografie","article_modified_time":"2026-05-06T20:59:47+00:00","twitter_card":"summary_large_image","twitter_misc":{"Gesch\u00e4tzte Lesezeit":"1\u00a0Minute"},"schema":{"@context":"https:\/\/schema.org","@graph":[{"@type":"WebPage","@id":"https:\/\/www.pattymiller.at\/?page_id=14305","url":"https:\/\/www.pattymiller.at\/?page_id=14305","name":"Architektur Patty Miller : Patty Miller vocal &amp; Helmut Hussian Fotografie","isPartOf":{"@id":"https:\/\/www.pattymiller.at\/#website"},"datePublished":"2025-07-10T09:05:27+00:00","dateModified":"2026-05-06T20:59:47+00:00","description":"Besuchen sie meine Seite mit baulicher Architektur welche mir im laufe meiner Reiset\u00e4tigkeit besonders aufgefallen ist.","breadcrumb":{"@id":"https:\/\/www.pattymiller.at\/?page_id=14305#breadcrumb"},"inLanguage":"de","potentialAction":[{"@type":"ReadAction","target":["https:\/\/www.pattymiller.at\/?page_id=14305"]}]},{"@type":"BreadcrumbList","@id":"https:\/\/www.pattymiller.at\/?page_id=14305#breadcrumb","itemListElement":[{"@type":"ListItem","position":1,"name":"Startseite","item":"https:\/\/www.pattymiller.at\/"},{"@type":"ListItem","position":2,"name":"Architektur Patty Miller"}]},{"@type":"WebSite","@id":"https:\/\/www.pattymiller.at\/#website","url":"https:\/\/www.pattymiller.at\/","name":"Patty Miller vocal &amp; Helmut Hussian Fotografie","description":"Unser Weg ist das Ziel - wir arbeiten derzeit daran!","publisher":{"@id":"https:\/\/www.pattymiller.at\/#\/schema\/person\/1f9bd0a95e4c35fba18a93b2cae5a8f9"},"potentialAction":[{"@type":"SearchAction","target":{"@type":"EntryPoint","urlTemplate":"https:\/\/www.pattymiller.at\/?s={search_term_string}"},"query-input":{"@type":"PropertyValueSpecification","valueRequired":true,"valueName":"search_term_string"}}],"inLanguage":"de"},{"@type":["Person","Organization"],"@id":"https:\/\/www.pattymiller.at\/#\/schema\/person\/1f9bd0a95e4c35fba18a93b2cae5a8f9","name":"Helmut Hussian","image":{"@type":"ImageObject","inLanguage":"de","@id":"https:\/\/i0.wp.com\/www.pattymiller.at\/wp-content\/uploads\/2018\/05\/cropped-cropped-cropped-cropped-jazzlogo.png?fit=512%2C512&ssl=1","url":"https:\/\/i0.wp.com\/www.pattymiller.at\/wp-content\/uploads\/2018\/05\/cropped-cropped-cropped-cropped-jazzlogo.png?fit=512%2C512&ssl=1","contentUrl":"https:\/\/i0.wp.com\/www.pattymiller.at\/wp-content\/uploads\/2018\/05\/cropped-cropped-cropped-cropped-jazzlogo.png?fit=512%2C512&ssl=1","width":512,"height":512,"caption":"Helmut Hussian"},"logo":{"@id":"https:\/\/i0.wp.com\/www.pattymiller.at\/wp-content\/uploads\/2018\/05\/cropped-cropped-cropped-cropped-jazzlogo.png?fit=512%2C512&ssl=1"},"description":"Vieles im Leben ausprobiert, nicht immer das gescheiterte getan. So kam ich zur Musik und zur Fotografie.","sameAs":["http:\/\/www.pattymiller.at"],"knowsLanguage":["Deutsch"]}]}},"jetpack_sharing_enabled":true,"_links":{"self":[{"href":"https:\/\/www.pattymiller.at\/index.php?rest_route=\/wp\/v2\/pages\/14305","targetHints":{"allow":["GET"]}}],"collection":[{"href":"https:\/\/www.pattymiller.at\/index.php?rest_route=\/wp\/v2\/pages"}],"about":[{"href":"https:\/\/www.pattymiller.at\/index.php?rest_route=\/wp\/v2\/types\/page"}],"author":[{"embeddable":true,"href":"https:\/\/www.pattymiller.at\/index.php?rest_route=\/wp\/v2\/users\/2"}],"replies":[{"embeddable":true,"href":"https:\/\/www.pattymiller.at\/index.php?rest_route=%2Fwp%2Fv2%2Fcomments&post=14305"}],"version-history":[{"count":14,"href":"https:\/\/www.pattymiller.at\/index.php?rest_route=\/wp\/v2\/pages\/14305\/revisions"}],"predecessor-version":[{"id":15771,"href":"https:\/\/www.pattymiller.at\/index.php?rest_route=\/wp\/v2\/pages\/14305\/revisions\/15771"}],"wp:attachment":[{"href":"https:\/\/www.pattymiller.at\/index.php?rest_route=%2Fwp%2Fv2%2Fmedia&parent=14305"}],"curies":[{"name":"wp","href":"https:\/\/api.w.org\/{rel}","templated":true}]}}