{"id":14432,"date":"2025-07-13T18:45:59","date_gmt":"2025-07-13T16:45:59","guid":{"rendered":"https:\/\/www.pattymiller.at\/?page_id=14432"},"modified":"2026-05-06T23:50:24","modified_gmt":"2026-05-06T21:50:24","slug":"vom-foto-zum-eye-catcher","status":"publish","type":"page","link":"https:\/\/www.pattymiller.at\/?page_id=14432","title":{"rendered":"Vom Foto zum Eye Catcher"},"content":{"rendered":"<p>Ein Foto ist etwas technisches und kann faszinieren.<\/p>\n<p>Nach einem Foto jedoch ein \u00d6lgem\u00e4lde, ein Aquarell, eine Grafik oder etwas anderes zu erstellen, ist ein absoluter Eye-Catcher!<br \/>\nEine kleine Auswahl gibt es bereits hier zu sehen. (Wird laufend \u00a0\u00dcberarbeitet)<br \/>\nGerne k\u00f6nnen Sie mir auch ihr Foto schicken, welches ich als \u00d6lgem\u00e4lde f\u00fcr Sie anfertigen soll.<br \/>\nZeitaufwand etwa ab 3-5 Tage!<br \/>\nEine Vorschau Ihres Wunschmotiv im Format A4 schicke ich gerne zu!<\/p>\n<h4>Die Bug zu Burghausen \/BRD\/BY<br \/>\nAnsicht Luftaufnahme: <img data-recalc-dims=\"1\" fetchpriority=\"high\" decoding=\"async\" class=\"alignnone size-medium\" src=\"https:\/\/i0.wp.com\/www.burg-burghausen.de\/bilder\/burg\/luftaufnahme700.jpg?resize=700%2C316&#038;ssl=1\" alt=\"Burghausaen Luftaufnahme (c): Bayerische Verwaltung der staatlichen Schl\u00f6sser, G\u00e4rten und Seen\" width=\"700\" height=\"316\" \/><\/h4>\n\n\t\t\t\n\t<style type=\"text\/css\">\n\t\t.slider-info-14580.bafg-slider-info .bafg-slider-title {\n\t\t\t\t\t\t\tfont-size:\n\t\t\t\t\t22px\t\t\t\t;\n\t\t\t\n\t\t\t\n\t\t\t\t\t}\n\n\t\t.slider-info-14580.bafg-slider-info .bafg-slider-description {\n\t\t\t\n\t\t\t\n\t\t\t\t\t}\n\t\t\n\t\t\n\t\t.slider-info-14580.bafg-slider-info .bafg_slider_readmore_button {\n\t\t\t\n\t\t\t\n\t\t\t\n\t\t\t\n\t\t\t\n\t\t\ttext-align: center;\n\n\t\t\t\n\t\t\t\n\t\t\t\n\t\t\t\n\t\t\t\t\t}\n\n\t\t.slider-info-14580.bafg-slider-info .bafg_slider_readmore_button:hover {\n\n\t\t\t\n\t\t\t\n\t\t\t\t\t}\n\t<\/style>\n\t\n\t\t\t<div class=\"bafg-twentytwenty-container slider-14580  \"\n\t\t\t\tbafg-orientation=\"horizontal\" bafg-default-offset=\"0.5\"\n\t\t\t\tbafg-before-label=\"Before\"\n\t\t\t\tbafg-after-label=\"After\" bafg-overlay=\"1\"\n\t\t\t\tbafg-move-slider-on-hover=\"\"\n\t\t\t\tbafg-click-to-move=\"\">\n\n\t\t\t\t\t\t\t\t<img data-recalc-dims=\"1\" class=\"skip-lazy\" data-skip-lazy\t\t\t\t\tsrc=\"https:\/\/i0.wp.com\/www.pattymiller.at\/wp-content\/uploads\/2025\/07\/Die-laengste-Burg-der-Welt-_HUS3013.jpg?w=750&#038;ssl=1\" alt=\"Burghausen original Foto\">\n\t\t\t\t<img data-recalc-dims=\"1\" class=\"skip-lazy\" data-skip-lazy\t\t\t\t\tsrc=\"https:\/\/i0.wp.com\/www.pattymiller.at\/wp-content\/uploads\/2025\/07\/Oil-Die-laengste-Burg-der-Welt-_HUS3013.jpg?w=750&#038;ssl=1\" alt=\"Das Gem\u00e4lde der Burg\">\n\n\t\t\t<\/div>\n\n\t\t\t\t<div class=\"bafg-slider-info-wraper\">\n\t\t<div style=\"\" class=\"slider-info-14580 bafg-slider-info\">\n\t\t\t\t\t<\/div>\n\t<\/div>\n\t\n\t\t\t<style type=\"text\/css\">\n\t\t\t\t\t\t\t\t\t\t\t<\/style>\n\t\t\t\n<h4>Die Berg Isel Sprungschanze<\/h4>\n\n\t\t\t\n\t<style type=\"text\/css\">\n\t\t.slider-info-14583.bafg-slider-info .bafg-slider-title {\n\t\t\t\t\t\t\tfont-size:\n\t\t\t\t\t22px\t\t\t\t;\n\t\t\t\n\t\t\t\n\t\t\t\t\t}\n\n\t\t.slider-info-14583.bafg-slider-info .bafg-slider-description {\n\t\t\t\n\t\t\t\n\t\t\t\t\t}\n\t\t\n\t\t\n\t\t.slider-info-14583.bafg-slider-info .bafg_slider_readmore_button {\n\t\t\t\n\t\t\t\n\t\t\t\n\t\t\t\n\t\t\t\n\t\t\ttext-align: center;\n\n\t\t\t\n\t\t\t\n\t\t\t\n\t\t\t\n\t\t\t\t\t}\n\n\t\t.slider-info-14583.bafg-slider-info .bafg_slider_readmore_button:hover {\n\n\t\t\t\n\t\t\t\n\t\t\t\t\t}\n\t<\/style>\n\t\n\t\t\t<div class=\"bafg-twentytwenty-container slider-14583  \"\n\t\t\t\tbafg-orientation=\"horizontal\" bafg-default-offset=\"0.5\"\n\t\t\t\tbafg-before-label=\"Before\"\n\t\t\t\tbafg-after-label=\"After\" bafg-overlay=\"1\"\n\t\t\t\tbafg-move-slider-on-hover=\"\"\n\t\t\t\tbafg-click-to-move=\"\">\n\n\t\t\t\t\t\t\t\t<img data-recalc-dims=\"1\" class=\"skip-lazy\" data-skip-lazy\t\t\t\t\tsrc=\"https:\/\/i0.wp.com\/www.pattymiller.at\/wp-content\/uploads\/2025\/07\/Berg-Isel-Original.jpg?w=750&#038;ssl=1\" alt=\"Das Original Berg Isel Sprungschanze (c) Helmut Hussian\">\n\t\t\t\t<img data-recalc-dims=\"1\" class=\"skip-lazy\" data-skip-lazy\t\t\t\t\tsrc=\"https:\/\/i0.wp.com\/www.pattymiller.at\/wp-content\/uploads\/2025\/07\/Berg-Isel-Orig-Oel.jpg?w=750&#038;ssl=1\" alt=\"Kopien als \u00d6lgem\u00e4lde (c) Helmut Hussian\">\n\n\t\t\t<\/div>\n\n\t\t\t\t<div class=\"bafg-slider-info-wraper\">\n\t\t<div style=\"\" class=\"slider-info-14583 bafg-slider-info\">\n\t\t\t\t\t<\/div>\n\t<\/div>\n\t\n\t\t\t<style type=\"text\/css\">\n\t\t\t\t\t\t\t\t\t\t\t<\/style>\n\t\t\t\n<h4>Sie k\u00f6nnen mir gerne ein Foto f\u00fcr Ihren pers\u00f6nlichen Eye Catcher schicken!<\/h4>\n<p>Email: hehufoto-at-gmail.com<\/p>\n","protected":false},"excerpt":{"rendered":"<p>Ein Foto ist etwas technisches und kann faszinieren. Nach einem Foto jedoch ein \u00d6lgem\u00e4lde, ein Aquarell, eine Grafik oder etwas anderes zu erstellen, ist ein absoluter Eye-Catcher! Eine kleine Auswahl gibt es bereits hier zu sehen. (Wird laufend \u00a0\u00dcberarbeitet) Gerne k\u00f6nnen Sie mir auch ihr Foto schicken, welches ich als \u00d6lgem\u00e4lde f\u00fcr Sie anfertigen soll. &hellip; <\/p>\n<p><a class=\"more-link btn\" href=\"https:\/\/www.pattymiller.at\/?page_id=14432\">Weiterlesen<\/a><\/p>\n","protected":false},"author":2,"featured_media":0,"parent":0,"menu_order":0,"comment_status":"closed","ping_status":"closed","template":"","meta":{"footnotes":""},"class_list":["post-14432","page","type-page","status-publish","hentry","nodate","item-wrap"],"yoast_head":"<!-- This site is optimized with the Yoast SEO Premium plugin v27.6 (Yoast SEO v27.6) - https:\/\/yoast.com\/product\/yoast-seo-premium-wordpress\/ -->\n<title>Ein Bild von einem Foto zu einem Kunstwerk verwandelt<\/title>\n<meta name=\"description\" content=\"Entdecken Sie, wie ein Bild von einem Foto in ein faszinierendes Kunstwerk verwandelt werden kann.\ud83d\ude2f\" \/>\n<meta name=\"robots\" content=\"index, follow, max-snippet:-1, max-image-preview:large, max-video-preview:-1\" \/>\n<link rel=\"canonical\" href=\"https:\/\/www.pattymiller.at\/?page_id=14432\" \/>\n<meta property=\"og:locale\" content=\"de_DE\" \/>\n<meta property=\"og:type\" content=\"article\" \/>\n<meta property=\"og:title\" content=\"Vom Foto zum Eye Catcher\" \/>\n<meta property=\"og:description\" content=\"Entdecken Sie, wie ein Bild von einem Foto in ein faszinierendes Kunstwerk verwandelt werden kann.\ud83d\ude2f\" \/>\n<meta property=\"og:url\" content=\"https:\/\/www.pattymiller.at\/?page_id=14432\" \/>\n<meta property=\"og:site_name\" content=\"Patty Miller vocal &amp; Helmut Hussian Fotografie\" \/>\n<meta property=\"article:modified_time\" content=\"2026-05-06T21:50:24+00:00\" \/>\n<meta property=\"og:image\" content=\"https:\/\/www.burg-burghausen.de\/bilder\/burg\/luftaufnahme700.jpg\" \/>\n<meta name=\"twitter:card\" content=\"summary_large_image\" \/>\n<meta name=\"twitter:label1\" content=\"Gesch\u00e4tzte Lesezeit\" \/>\n\t<meta name=\"twitter:data1\" content=\"1\u00a0Minute\" \/>\n<script type=\"application\/ld+json\" class=\"yoast-schema-graph\">{\"@context\":\"https:\\\/\\\/schema.org\",\"@graph\":[{\"@type\":\"WebPage\",\"@id\":\"https:\\\/\\\/www.pattymiller.at\\\/?page_id=14432\",\"url\":\"https:\\\/\\\/www.pattymiller.at\\\/?page_id=14432\",\"name\":\"Ein Bild von einem Foto zu einem Kunstwerk verwandelt\",\"isPartOf\":{\"@id\":\"https:\\\/\\\/www.pattymiller.at\\\/#website\"},\"primaryImageOfPage\":{\"@id\":\"https:\\\/\\\/www.pattymiller.at\\\/?page_id=14432#primaryimage\"},\"image\":{\"@id\":\"https:\\\/\\\/www.pattymiller.at\\\/?page_id=14432#primaryimage\"},\"thumbnailUrl\":\"https:\\\/\\\/www.burg-burghausen.de\\\/bilder\\\/burg\\\/luftaufnahme700.jpg\",\"datePublished\":\"2025-07-13T16:45:59+00:00\",\"dateModified\":\"2026-05-06T21:50:24+00:00\",\"description\":\"Entdecken Sie, wie ein Bild von einem Foto in ein faszinierendes Kunstwerk verwandelt werden kann.\ud83d\ude2f\",\"breadcrumb\":{\"@id\":\"https:\\\/\\\/www.pattymiller.at\\\/?page_id=14432#breadcrumb\"},\"inLanguage\":\"de\",\"potentialAction\":[{\"@type\":\"ReadAction\",\"target\":[\"https:\\\/\\\/www.pattymiller.at\\\/?page_id=14432\"]}]},{\"@type\":\"ImageObject\",\"inLanguage\":\"de\",\"@id\":\"https:\\\/\\\/www.pattymiller.at\\\/?page_id=14432#primaryimage\",\"url\":\"https:\\\/\\\/www.burg-burghausen.de\\\/bilder\\\/burg\\\/luftaufnahme700.jpg\",\"contentUrl\":\"https:\\\/\\\/www.burg-burghausen.de\\\/bilder\\\/burg\\\/luftaufnahme700.jpg\"},{\"@type\":\"BreadcrumbList\",\"@id\":\"https:\\\/\\\/www.pattymiller.at\\\/?page_id=14432#breadcrumb\",\"itemListElement\":[{\"@type\":\"ListItem\",\"position\":1,\"name\":\"Startseite\",\"item\":\"https:\\\/\\\/www.pattymiller.at\\\/\"},{\"@type\":\"ListItem\",\"position\":2,\"name\":\"Vom Foto zum Eye Catcher\"}]},{\"@type\":\"WebSite\",\"@id\":\"https:\\\/\\\/www.pattymiller.at\\\/#website\",\"url\":\"https:\\\/\\\/www.pattymiller.at\\\/\",\"name\":\"Patty Miller vocal &amp; Helmut Hussian Fotografie\",\"description\":\"Unser Weg ist das Ziel - wir arbeiten derzeit daran!\",\"publisher\":{\"@id\":\"https:\\\/\\\/www.pattymiller.at\\\/#\\\/schema\\\/person\\\/1f9bd0a95e4c35fba18a93b2cae5a8f9\"},\"potentialAction\":[{\"@type\":\"SearchAction\",\"target\":{\"@type\":\"EntryPoint\",\"urlTemplate\":\"https:\\\/\\\/www.pattymiller.at\\\/?s={search_term_string}\"},\"query-input\":{\"@type\":\"PropertyValueSpecification\",\"valueRequired\":true,\"valueName\":\"search_term_string\"}}],\"inLanguage\":\"de\"},{\"@type\":[\"Person\",\"Organization\"],\"@id\":\"https:\\\/\\\/www.pattymiller.at\\\/#\\\/schema\\\/person\\\/1f9bd0a95e4c35fba18a93b2cae5a8f9\",\"name\":\"Helmut Hussian\",\"image\":{\"@type\":\"ImageObject\",\"inLanguage\":\"de\",\"@id\":\"https:\\\/\\\/i0.wp.com\\\/www.pattymiller.at\\\/wp-content\\\/uploads\\\/2018\\\/05\\\/cropped-cropped-cropped-cropped-jazzlogo.png?fit=512%2C512&ssl=1\",\"url\":\"https:\\\/\\\/i0.wp.com\\\/www.pattymiller.at\\\/wp-content\\\/uploads\\\/2018\\\/05\\\/cropped-cropped-cropped-cropped-jazzlogo.png?fit=512%2C512&ssl=1\",\"contentUrl\":\"https:\\\/\\\/i0.wp.com\\\/www.pattymiller.at\\\/wp-content\\\/uploads\\\/2018\\\/05\\\/cropped-cropped-cropped-cropped-jazzlogo.png?fit=512%2C512&ssl=1\",\"width\":512,\"height\":512,\"caption\":\"Helmut Hussian\"},\"logo\":{\"@id\":\"https:\\\/\\\/i0.wp.com\\\/www.pattymiller.at\\\/wp-content\\\/uploads\\\/2018\\\/05\\\/cropped-cropped-cropped-cropped-jazzlogo.png?fit=512%2C512&ssl=1\"},\"description\":\"Vieles im Leben ausprobiert, nicht immer das gescheiterte getan. So kam ich zur Musik und zur Fotografie.\",\"sameAs\":[\"http:\\\/\\\/www.pattymiller.at\"],\"knowsLanguage\":[\"Deutsch\"]}]}<\/script>\n<!-- \/ Yoast SEO Premium plugin. -->","yoast_head_json":{"title":"Ein Bild von einem Foto zu einem Kunstwerk verwandelt","description":"Entdecken Sie, wie ein Bild von einem Foto in ein faszinierendes Kunstwerk verwandelt werden kann.\ud83d\ude2f","robots":{"index":"index","follow":"follow","max-snippet":"max-snippet:-1","max-image-preview":"max-image-preview:large","max-video-preview":"max-video-preview:-1"},"canonical":"https:\/\/www.pattymiller.at\/?page_id=14432","og_locale":"de_DE","og_type":"article","og_title":"Vom Foto zum Eye Catcher","og_description":"Entdecken Sie, wie ein Bild von einem Foto in ein faszinierendes Kunstwerk verwandelt werden kann.\ud83d\ude2f","og_url":"https:\/\/www.pattymiller.at\/?page_id=14432","og_site_name":"Patty Miller vocal &amp; Helmut Hussian Fotografie","article_modified_time":"2026-05-06T21:50:24+00:00","og_image":[{"url":"https:\/\/www.burg-burghausen.de\/bilder\/burg\/luftaufnahme700.jpg","type":"","width":"","height":""}],"twitter_card":"summary_large_image","twitter_misc":{"Gesch\u00e4tzte Lesezeit":"1\u00a0Minute"},"schema":{"@context":"https:\/\/schema.org","@graph":[{"@type":"WebPage","@id":"https:\/\/www.pattymiller.at\/?page_id=14432","url":"https:\/\/www.pattymiller.at\/?page_id=14432","name":"Ein Bild von einem Foto zu einem Kunstwerk verwandelt","isPartOf":{"@id":"https:\/\/www.pattymiller.at\/#website"},"primaryImageOfPage":{"@id":"https:\/\/www.pattymiller.at\/?page_id=14432#primaryimage"},"image":{"@id":"https:\/\/www.pattymiller.at\/?page_id=14432#primaryimage"},"thumbnailUrl":"https:\/\/www.burg-burghausen.de\/bilder\/burg\/luftaufnahme700.jpg","datePublished":"2025-07-13T16:45:59+00:00","dateModified":"2026-05-06T21:50:24+00:00","description":"Entdecken Sie, wie ein Bild von einem Foto in ein faszinierendes Kunstwerk verwandelt werden kann.\ud83d\ude2f","breadcrumb":{"@id":"https:\/\/www.pattymiller.at\/?page_id=14432#breadcrumb"},"inLanguage":"de","potentialAction":[{"@type":"ReadAction","target":["https:\/\/www.pattymiller.at\/?page_id=14432"]}]},{"@type":"ImageObject","inLanguage":"de","@id":"https:\/\/www.pattymiller.at\/?page_id=14432#primaryimage","url":"https:\/\/www.burg-burghausen.de\/bilder\/burg\/luftaufnahme700.jpg","contentUrl":"https:\/\/www.burg-burghausen.de\/bilder\/burg\/luftaufnahme700.jpg"},{"@type":"BreadcrumbList","@id":"https:\/\/www.pattymiller.at\/?page_id=14432#breadcrumb","itemListElement":[{"@type":"ListItem","position":1,"name":"Startseite","item":"https:\/\/www.pattymiller.at\/"},{"@type":"ListItem","position":2,"name":"Vom Foto zum Eye Catcher"}]},{"@type":"WebSite","@id":"https:\/\/www.pattymiller.at\/#website","url":"https:\/\/www.pattymiller.at\/","name":"Patty Miller vocal &amp; Helmut Hussian Fotografie","description":"Unser Weg ist das Ziel - wir arbeiten derzeit daran!","publisher":{"@id":"https:\/\/www.pattymiller.at\/#\/schema\/person\/1f9bd0a95e4c35fba18a93b2cae5a8f9"},"potentialAction":[{"@type":"SearchAction","target":{"@type":"EntryPoint","urlTemplate":"https:\/\/www.pattymiller.at\/?s={search_term_string}"},"query-input":{"@type":"PropertyValueSpecification","valueRequired":true,"valueName":"search_term_string"}}],"inLanguage":"de"},{"@type":["Person","Organization"],"@id":"https:\/\/www.pattymiller.at\/#\/schema\/person\/1f9bd0a95e4c35fba18a93b2cae5a8f9","name":"Helmut Hussian","image":{"@type":"ImageObject","inLanguage":"de","@id":"https:\/\/i0.wp.com\/www.pattymiller.at\/wp-content\/uploads\/2018\/05\/cropped-cropped-cropped-cropped-jazzlogo.png?fit=512%2C512&ssl=1","url":"https:\/\/i0.wp.com\/www.pattymiller.at\/wp-content\/uploads\/2018\/05\/cropped-cropped-cropped-cropped-jazzlogo.png?fit=512%2C512&ssl=1","contentUrl":"https:\/\/i0.wp.com\/www.pattymiller.at\/wp-content\/uploads\/2018\/05\/cropped-cropped-cropped-cropped-jazzlogo.png?fit=512%2C512&ssl=1","width":512,"height":512,"caption":"Helmut Hussian"},"logo":{"@id":"https:\/\/i0.wp.com\/www.pattymiller.at\/wp-content\/uploads\/2018\/05\/cropped-cropped-cropped-cropped-jazzlogo.png?fit=512%2C512&ssl=1"},"description":"Vieles im Leben ausprobiert, nicht immer das gescheiterte getan. So kam ich zur Musik und zur Fotografie.","sameAs":["http:\/\/www.pattymiller.at"],"knowsLanguage":["Deutsch"]}]}},"jetpack_sharing_enabled":true,"_links":{"self":[{"href":"https:\/\/www.pattymiller.at\/index.php?rest_route=\/wp\/v2\/pages\/14432","targetHints":{"allow":["GET"]}}],"collection":[{"href":"https:\/\/www.pattymiller.at\/index.php?rest_route=\/wp\/v2\/pages"}],"about":[{"href":"https:\/\/www.pattymiller.at\/index.php?rest_route=\/wp\/v2\/types\/page"}],"author":[{"embeddable":true,"href":"https:\/\/www.pattymiller.at\/index.php?rest_route=\/wp\/v2\/users\/2"}],"replies":[{"embeddable":true,"href":"https:\/\/www.pattymiller.at\/index.php?rest_route=%2Fwp%2Fv2%2Fcomments&post=14432"}],"version-history":[{"count":31,"href":"https:\/\/www.pattymiller.at\/index.php?rest_route=\/wp\/v2\/pages\/14432\/revisions"}],"predecessor-version":[{"id":15778,"href":"https:\/\/www.pattymiller.at\/index.php?rest_route=\/wp\/v2\/pages\/14432\/revisions\/15778"}],"wp:attachment":[{"href":"https:\/\/www.pattymiller.at\/index.php?rest_route=%2Fwp%2Fv2%2Fmedia&parent=14432"}],"curies":[{"name":"wp","href":"https:\/\/api.w.org\/{rel}","templated":true}]}}