{"id":15435,"date":"2026-03-20T17:35:24","date_gmt":"2026-03-20T16:35:24","guid":{"rendered":"https:\/\/www.pattymiller.at\/?page_id=15435"},"modified":"2026-05-09T15:24:59","modified_gmt":"2026-05-09T13:24:59","slug":"datenschutzerklaerung","status":"publish","type":"page","link":"https:\/\/www.pattymiller.at\/?page_id=15435","title":{"rendered":"Datenschutzerkl\u00e4rung"},"content":{"rendered":"\r\n<h2 class=\"wp-block-heading\">Wer wir sind<\/h2>\r\n\r\n\r\n\r\n<p>Die Adresse unserer Website ist: https:\/\/www.pattymiller.at<br \/>Unter dieser halte ich die musikalischen Erinnerungen f\u00fcr Patty Miller (The Voice) f\u00fcr ihre Fans offen.<br \/>Gleichzeitig zeige ich auch einige Fotoarbeiten von mir und Patty Miller!<\/p>\r\n\r\n\r\n\r\n<h2 class=\"wp-block-heading\">Kommentare<\/h2>\r\n\r\n\r\n\r\n<p>Wenn Besucher Kommentare auf der Website schreiben, sammeln wir die Daten, die im Kommentar-Formular angezeigt werden, au\u00dferdem die IP-Adresse des Besuchers und den User-Agent-String (damit wird der Browser identifiziert), um die Erkennung von Spam zu unterst\u00fctzen.<\/p>\r\n\r\n\r\n\r\n<p>Aus deiner E-Mail-Adresse kann eine anonymisierte Zeichenfolge erstellt (auch Hash genannt) und dem Gravatar-Dienst \u00fcbergeben werden, um zu pr\u00fcfen, ob du diesen benutzt. Die Datenschutzerkl\u00e4rung des Gravatar-Dienstes findest du hier: https:\/\/automattic.com\/privacy\/. Nachdem dein Kommentar freigegeben wurde, ist dein Profilbild \u00f6ffentlich im Kontext deines Kommentars sichtbar.<\/p>\r\n\r\n\r\n\r\n<h2 class=\"wp-block-heading\">Medien<\/h2>\r\n\r\n\r\n\r\n<p>Alle Fotos auf diese Website unterliegen dem Copywright &#8220;(c)&#8221; und d\u00fcrfen nur mit Genehmigung des Autors verwendet werden.<\/p>\r\n\r\n\r\n\r\n<h2 class=\"wp-block-heading\">Cookies<\/h2>\r\n\r\n\r\n\r\n<p>Wir verwenden keine Cookies<\/p>\r\n\r\n\r\n\r\n<h2 class=\"wp-block-heading\">Eingebettete Inhalte von anderen Websites<\/h2>\r\n\r\n\r\n\r\n<p><strong class=\"privacy-policy-tutorial\">Textvorschlag: <\/strong>Beitr\u00e4ge auf dieser Website k\u00f6nnen eingebettete Inhalte beinhalten (z.\u00a0B. Videos, Bilder, Beitr\u00e4ge etc.). Eingebettete Inhalte von anderen Websites verhalten sich exakt so, als ob der Besucher die andere Website besucht h\u00e4tte.<\/p>\r\n\r\n\r\n\r\n<p>Diese Websites k\u00f6nnen Daten \u00fcber dich sammeln, Cookies benutzen, zus\u00e4tzliche Tracking-Dienste von Dritten einbetten und deine Interaktion mit diesem eingebetteten Inhalt aufzeichnen, inklusive deiner Interaktion mit dem eingebetteten Inhalt, falls du ein Konto hast und auf dieser Website angemeldet bist.<\/p>\r\n\r\n\r\n\r\n<h2 class=\"wp-block-heading\">Mit wem wir deine Daten teilen<\/h2>\r\n\r\n\r\n\r\n<p><b>Wir teilen keine Daten!<\/b><\/p>\r\n\r\n\r\n\r\n<h2 class=\"wp-block-heading\">Wie lange wir deine Daten speichern<\/h2>\r\n\r\n\r\n\r\n\r\n\r\n<p>F\u00fcr Benutzer, die sich auf unserer Website registrieren oder uns eine Email schreiben, speichern wir zus\u00e4tzlich die pers\u00f6nlichen Informationen, die sie in ihren Benutzerprofilen angeben. Diese Daten bleiben aber nur im Falle einer weiteren Kommunikation und nur f\u00fcr diese gespeichert!<\/p>\r\n\r\n\r\n\r\n<h2 class=\"wp-block-heading\">Welche Rechte du an deinen Daten hast<\/h2>\r\n\r\n\r\n\r\n<p><b>Du kannst Deiner Email den Passus &#8220;Bitte meine Daten nicht speichern.&#8221; hinzuf\u00fcgen<\/b><\/p>\r\n\r\n\r\n\r\n<h2 class=\"wp-block-heading\">Wohin deine Daten gesendet werden<\/h2>\r\n\r\n\r\n\r\n<p><b>Es nweden keine Daten vwersendet<\/b><\/p>\r\n<p>Stand: April 2026<\/p>\r\n\r\n<p>&nbsp;<\/p>","protected":false},"excerpt":{"rendered":"<p>Wer wir sind Die Adresse unserer Website ist: https:\/\/www.pattymiller.atUnter dieser halte ich die musikalischen Erinnerungen f\u00fcr Patty Miller (The Voice) f\u00fcr ihre Fans offen.Gleichzeitig zeige ich auch einige Fotoarbeiten von mir und Patty Miller! Kommentare Wenn Besucher Kommentare auf der Website schreiben, sammeln wir die Daten, die im Kommentar-Formular angezeigt werden, au\u00dferdem die IP-Adresse des &hellip; <\/p>\n<p><a class=\"more-link btn\" href=\"https:\/\/www.pattymiller.at\/?page_id=15435\">Weiterlesen<\/a><\/p>\n","protected":false},"author":1,"featured_media":0,"parent":0,"menu_order":0,"comment_status":"closed","ping_status":"closed","template":"","meta":{"footnotes":""},"class_list":["post-15435","page","type-page","status-publish","hentry","nodate","item-wrap"],"yoast_head":"<!-- This site is optimized with the Yoast SEO Premium plugin v27.6 (Yoast SEO v27.6) - https:\/\/yoast.com\/product\/yoast-seo-premium-wordpress\/ -->\n<title>Datenschutzerkl\u00e4rung : Patty Miller vocal &amp; Helmut Hussian Fotografie<\/title>\n<meta name=\"robots\" content=\"index, follow, max-snippet:-1, max-image-preview:large, max-video-preview:-1\" \/>\n<link rel=\"canonical\" href=\"https:\/\/www.pattymiller.at\/?page_id=15435\" \/>\n<meta property=\"og:locale\" content=\"de_DE\" \/>\n<meta property=\"og:type\" content=\"article\" \/>\n<meta property=\"og:title\" content=\"Datenschutzerkl\u00e4rung\" \/>\n<meta property=\"og:description\" content=\"Wer wir sind Die Adresse unserer Website ist: https:\/\/www.pattymiller.atUnter dieser halte ich die musikalischen Erinnerungen f\u00fcr Patty Miller (The Voice) f\u00fcr ihre Fans offen.Gleichzeitig zeige ich auch einige Fotoarbeiten von mir und Patty Miller! Kommentare Wenn Besucher Kommentare auf der Website schreiben, sammeln wir die Daten, die im Kommentar-Formular angezeigt werden, au\u00dferdem die IP-Adresse des &hellip; Weiterlesen\" \/>\n<meta property=\"og:url\" content=\"https:\/\/www.pattymiller.at\/?page_id=15435\" \/>\n<meta property=\"og:site_name\" content=\"Patty Miller vocal &amp; Helmut Hussian Fotografie\" \/>\n<meta property=\"article:modified_time\" content=\"2026-05-09T13:24:59+00:00\" \/>\n<meta name=\"twitter:card\" content=\"summary_large_image\" \/>\n<meta name=\"twitter:label1\" content=\"Gesch\u00e4tzte Lesezeit\" \/>\n\t<meta name=\"twitter:data1\" content=\"2\u00a0Minuten\" \/>\n<script type=\"application\/ld+json\" class=\"yoast-schema-graph\">{\"@context\":\"https:\\\/\\\/schema.org\",\"@graph\":[{\"@type\":\"WebPage\",\"@id\":\"https:\\\/\\\/www.pattymiller.at\\\/?page_id=15435\",\"url\":\"https:\\\/\\\/www.pattymiller.at\\\/?page_id=15435\",\"name\":\"Datenschutzerkl\u00e4rung : Patty Miller vocal &amp; Helmut Hussian Fotografie\",\"isPartOf\":{\"@id\":\"https:\\\/\\\/www.pattymiller.at\\\/#website\"},\"datePublished\":\"2026-03-20T16:35:24+00:00\",\"dateModified\":\"2026-05-09T13:24:59+00:00\",\"breadcrumb\":{\"@id\":\"https:\\\/\\\/www.pattymiller.at\\\/?page_id=15435#breadcrumb\"},\"inLanguage\":\"de\",\"potentialAction\":[{\"@type\":\"ReadAction\",\"target\":[\"https:\\\/\\\/www.pattymiller.at\\\/?page_id=15435\"]}]},{\"@type\":\"BreadcrumbList\",\"@id\":\"https:\\\/\\\/www.pattymiller.at\\\/?page_id=15435#breadcrumb\",\"itemListElement\":[{\"@type\":\"ListItem\",\"position\":1,\"name\":\"Startseite\",\"item\":\"https:\\\/\\\/www.pattymiller.at\\\/\"},{\"@type\":\"ListItem\",\"position\":2,\"name\":\"Datenschutzerkl\u00e4rung\"}]},{\"@type\":\"WebSite\",\"@id\":\"https:\\\/\\\/www.pattymiller.at\\\/#website\",\"url\":\"https:\\\/\\\/www.pattymiller.at\\\/\",\"name\":\"Patty Miller vocal &amp; Helmut Hussian Fotografie\",\"description\":\"Unser Weg ist das Ziel - wir arbeiten derzeit daran!\",\"publisher\":{\"@id\":\"https:\\\/\\\/www.pattymiller.at\\\/#\\\/schema\\\/person\\\/1f9bd0a95e4c35fba18a93b2cae5a8f9\"},\"potentialAction\":[{\"@type\":\"SearchAction\",\"target\":{\"@type\":\"EntryPoint\",\"urlTemplate\":\"https:\\\/\\\/www.pattymiller.at\\\/?s={search_term_string}\"},\"query-input\":{\"@type\":\"PropertyValueSpecification\",\"valueRequired\":true,\"valueName\":\"search_term_string\"}}],\"inLanguage\":\"de\"},{\"@type\":[\"Person\",\"Organization\"],\"@id\":\"https:\\\/\\\/www.pattymiller.at\\\/#\\\/schema\\\/person\\\/1f9bd0a95e4c35fba18a93b2cae5a8f9\",\"name\":\"Helmut Hussian\",\"image\":{\"@type\":\"ImageObject\",\"inLanguage\":\"de\",\"@id\":\"https:\\\/\\\/i0.wp.com\\\/www.pattymiller.at\\\/wp-content\\\/uploads\\\/2018\\\/05\\\/cropped-cropped-cropped-cropped-jazzlogo.png?fit=512%2C512&ssl=1\",\"url\":\"https:\\\/\\\/i0.wp.com\\\/www.pattymiller.at\\\/wp-content\\\/uploads\\\/2018\\\/05\\\/cropped-cropped-cropped-cropped-jazzlogo.png?fit=512%2C512&ssl=1\",\"contentUrl\":\"https:\\\/\\\/i0.wp.com\\\/www.pattymiller.at\\\/wp-content\\\/uploads\\\/2018\\\/05\\\/cropped-cropped-cropped-cropped-jazzlogo.png?fit=512%2C512&ssl=1\",\"width\":512,\"height\":512,\"caption\":\"Helmut Hussian\"},\"logo\":{\"@id\":\"https:\\\/\\\/i0.wp.com\\\/www.pattymiller.at\\\/wp-content\\\/uploads\\\/2018\\\/05\\\/cropped-cropped-cropped-cropped-jazzlogo.png?fit=512%2C512&ssl=1\"},\"description\":\"Vieles im Leben ausprobiert, nicht immer das gescheiterte getan. So kam ich zur Musik und zur Fotografie.\",\"sameAs\":[\"http:\\\/\\\/www.pattymiller.at\"],\"knowsLanguage\":[\"Deutsch\"]}]}<\/script>\n<!-- \/ Yoast SEO Premium plugin. -->","yoast_head_json":{"title":"Datenschutzerkl\u00e4rung : Patty Miller vocal &amp; Helmut Hussian Fotografie","robots":{"index":"index","follow":"follow","max-snippet":"max-snippet:-1","max-image-preview":"max-image-preview:large","max-video-preview":"max-video-preview:-1"},"canonical":"https:\/\/www.pattymiller.at\/?page_id=15435","og_locale":"de_DE","og_type":"article","og_title":"Datenschutzerkl\u00e4rung","og_description":"Wer wir sind Die Adresse unserer Website ist: https:\/\/www.pattymiller.atUnter dieser halte ich die musikalischen Erinnerungen f\u00fcr Patty Miller (The Voice) f\u00fcr ihre Fans offen.Gleichzeitig zeige ich auch einige Fotoarbeiten von mir und Patty Miller! Kommentare Wenn Besucher Kommentare auf der Website schreiben, sammeln wir die Daten, die im Kommentar-Formular angezeigt werden, au\u00dferdem die IP-Adresse des &hellip; Weiterlesen","og_url":"https:\/\/www.pattymiller.at\/?page_id=15435","og_site_name":"Patty Miller vocal &amp; Helmut Hussian Fotografie","article_modified_time":"2026-05-09T13:24:59+00:00","twitter_card":"summary_large_image","twitter_misc":{"Gesch\u00e4tzte Lesezeit":"2\u00a0Minuten"},"schema":{"@context":"https:\/\/schema.org","@graph":[{"@type":"WebPage","@id":"https:\/\/www.pattymiller.at\/?page_id=15435","url":"https:\/\/www.pattymiller.at\/?page_id=15435","name":"Datenschutzerkl\u00e4rung : Patty Miller vocal &amp; Helmut Hussian Fotografie","isPartOf":{"@id":"https:\/\/www.pattymiller.at\/#website"},"datePublished":"2026-03-20T16:35:24+00:00","dateModified":"2026-05-09T13:24:59+00:00","breadcrumb":{"@id":"https:\/\/www.pattymiller.at\/?page_id=15435#breadcrumb"},"inLanguage":"de","potentialAction":[{"@type":"ReadAction","target":["https:\/\/www.pattymiller.at\/?page_id=15435"]}]},{"@type":"BreadcrumbList","@id":"https:\/\/www.pattymiller.at\/?page_id=15435#breadcrumb","itemListElement":[{"@type":"ListItem","position":1,"name":"Startseite","item":"https:\/\/www.pattymiller.at\/"},{"@type":"ListItem","position":2,"name":"Datenschutzerkl\u00e4rung"}]},{"@type":"WebSite","@id":"https:\/\/www.pattymiller.at\/#website","url":"https:\/\/www.pattymiller.at\/","name":"Patty Miller vocal &amp; Helmut Hussian Fotografie","description":"Unser Weg ist das Ziel - wir arbeiten derzeit daran!","publisher":{"@id":"https:\/\/www.pattymiller.at\/#\/schema\/person\/1f9bd0a95e4c35fba18a93b2cae5a8f9"},"potentialAction":[{"@type":"SearchAction","target":{"@type":"EntryPoint","urlTemplate":"https:\/\/www.pattymiller.at\/?s={search_term_string}"},"query-input":{"@type":"PropertyValueSpecification","valueRequired":true,"valueName":"search_term_string"}}],"inLanguage":"de"},{"@type":["Person","Organization"],"@id":"https:\/\/www.pattymiller.at\/#\/schema\/person\/1f9bd0a95e4c35fba18a93b2cae5a8f9","name":"Helmut Hussian","image":{"@type":"ImageObject","inLanguage":"de","@id":"https:\/\/i0.wp.com\/www.pattymiller.at\/wp-content\/uploads\/2018\/05\/cropped-cropped-cropped-cropped-jazzlogo.png?fit=512%2C512&ssl=1","url":"https:\/\/i0.wp.com\/www.pattymiller.at\/wp-content\/uploads\/2018\/05\/cropped-cropped-cropped-cropped-jazzlogo.png?fit=512%2C512&ssl=1","contentUrl":"https:\/\/i0.wp.com\/www.pattymiller.at\/wp-content\/uploads\/2018\/05\/cropped-cropped-cropped-cropped-jazzlogo.png?fit=512%2C512&ssl=1","width":512,"height":512,"caption":"Helmut Hussian"},"logo":{"@id":"https:\/\/i0.wp.com\/www.pattymiller.at\/wp-content\/uploads\/2018\/05\/cropped-cropped-cropped-cropped-jazzlogo.png?fit=512%2C512&ssl=1"},"description":"Vieles im Leben ausprobiert, nicht immer das gescheiterte getan. So kam ich zur Musik und zur Fotografie.","sameAs":["http:\/\/www.pattymiller.at"],"knowsLanguage":["Deutsch"]}]}},"jetpack_sharing_enabled":true,"_links":{"self":[{"href":"https:\/\/www.pattymiller.at\/index.php?rest_route=\/wp\/v2\/pages\/15435","targetHints":{"allow":["GET"]}}],"collection":[{"href":"https:\/\/www.pattymiller.at\/index.php?rest_route=\/wp\/v2\/pages"}],"about":[{"href":"https:\/\/www.pattymiller.at\/index.php?rest_route=\/wp\/v2\/types\/page"}],"author":[{"embeddable":true,"href":"https:\/\/www.pattymiller.at\/index.php?rest_route=\/wp\/v2\/users\/1"}],"replies":[{"embeddable":true,"href":"https:\/\/www.pattymiller.at\/index.php?rest_route=%2Fwp%2Fv2%2Fcomments&post=15435"}],"version-history":[{"count":3,"href":"https:\/\/www.pattymiller.at\/index.php?rest_route=\/wp\/v2\/pages\/15435\/revisions"}],"predecessor-version":[{"id":15783,"href":"https:\/\/www.pattymiller.at\/index.php?rest_route=\/wp\/v2\/pages\/15435\/revisions\/15783"}],"wp:attachment":[{"href":"https:\/\/www.pattymiller.at\/index.php?rest_route=%2Fwp%2Fv2%2Fmedia&parent=15435"}],"curies":[{"name":"wp","href":"https:\/\/api.w.org\/{rel}","templated":true}]}}