{"id":15834,"date":"2026-05-13T15:53:36","date_gmt":"2026-05-13T13:53:36","guid":{"rendered":"https:\/\/www.pattymiller.at\/?page_id=15834"},"modified":"2026-05-14T11:01:03","modified_gmt":"2026-05-14T09:01:03","slug":"patty-miller-the-voice","status":"publish","type":"page","link":"https:\/\/www.pattymiller.at\/?page_id=15834","title":{"rendered":"Patty Miller the Voice"},"content":{"rendered":"<h4 class=\"wp-block-heading has-contrast-color has-base-2-background-color has-text-color has-background has-link-color has-large-font-size\">Patty Miller ein durchaus logischer, Werdegang!<\/h4>\r\n<!-- \/wp:post-content -->\r\n\r\n<!-- wp:paragraph {\"fontSize\":\"medium\"} -->\r\n<p class=\"has-medium-font-size\">Geboren in NRW\/BRD, \u00a0dauerte es auch nicht lange und Patty entdeckte den Jazz f\u00fcr sich. Ihr k\u00fcnstlerisch breit gespannter Bogen reicht vom Old-Time-Jazz bis weit in den Pop! <br \/>1991 \u00dcbersiedlung nach \u00d6sterreich<br \/>1996 Gr\u00fcndung der\u00a0 &#8220;<a href=\"https:\/\/www.pattymiller.at\/?page_id=297\">Miss Patty Miller Band<\/a>&#8221; in Wien<br \/>1999 Gr\u00fcndung des Vocal-Studio in 1010 Wien<br \/>2002 Erweiterung mit einem Tonstudio und\u00a0 Einspielung ihrer Eigenkompositionen und Playbacks.<br \/>2003 Gr\u00fcndung einer zweite Band und pr\u00e4sentierte mit dieser &#8211; und in Anlehnung an Tina Turner ein komplettes 2-Stunden Live-Programm unter dem Titel: <a href=\"https:\/\/www.pattymiller.at\/?page_id=1166\"><em>&#8220;Popadrenalin feat.: Patty Miller&#8221;<\/em>\u00a0<\/a> gemischt mit Eigenkompositionen.<br \/>2005 entstand das Gospelprogramm: <a href=\"https:\/\/www.pattymiller.at\/?page_id=1165\"><em>&#8220;In memory Mahalia Jackson&#8221;<\/em><\/a> Zuerst mit klassischer Chorbegleitung bald aber\u00a0 nur noch mit Piano-Begleitung. Der Erfolg gab ihr recht, das Publikum war begeistert. Die Gospelkonzerte wurden zu einem &#8220;Classic-Konzert&#8221; ! Ab 2022 musst Patty ihre Kariere aus gesundheitlichen Gr\u00fcnden beenden und widmet sich seither der Fotografie! <strong>Einmal K\u00fcnstler, immer K\u00fcnstler!<\/strong> Autor: Helmut Hussian <br \/>Ein <a href=\"https:\/\/www.pattymiller.at\/?page_id=15595\">Potpourri<\/a> mit Patty Miller!<\/p>\r\n<!-- \/wp:paragraph -->\r\n\r\n","protected":false},"excerpt":{"rendered":"<p>Patty Miller ein durchaus logischer, Werdegang! Geboren in NRW\/BRD, \u00a0dauerte es auch nicht lange und Patty entdeckte den Jazz f\u00fcr sich. Ihr k\u00fcnstlerisch breit gespannter Bogen reicht vom Old-Time-Jazz bis weit in den Pop! 1991 \u00dcbersiedlung nach \u00d6sterreich1996 Gr\u00fcndung der\u00a0 &#8220;Miss Patty Miller Band&#8221; in Wien1999 Gr\u00fcndung des Vocal-Studio in 1010 Wien2002 Erweiterung mit einem &hellip; <\/p>\n<p><a class=\"more-link btn\" href=\"https:\/\/www.pattymiller.at\/?page_id=15834\">Weiterlesen<\/a><\/p>\n","protected":false},"author":1,"featured_media":0,"parent":0,"menu_order":0,"comment_status":"closed","ping_status":"closed","template":"","meta":{"footnotes":""},"class_list":["post-15834","page","type-page","status-publish","hentry","nodate","item-wrap"],"yoast_head":"<!-- This site is optimized with the Yoast SEO Premium plugin v27.6 (Yoast SEO v27.6) - https:\/\/yoast.com\/product\/yoast-seo-premium-wordpress\/ -->\n<title>Patty Miller the Voice: Die Reise einer K\u00fcnstlerin : Patty Miller vocal &amp; Helmut Hussian Fotografie<\/title>\n<meta name=\"description\" content=\"Genie\u00dfen Sie die musikalische Vielfalt von Patty Miller the voice, die mit ihrem Talent das Publikum immer wieder begeisterte.\" \/>\n<meta name=\"robots\" content=\"index, follow, max-snippet:-1, max-image-preview:large, max-video-preview:-1\" \/>\n<link rel=\"canonical\" href=\"https:\/\/www.pattymiller.at\/?page_id=15834\" \/>\n<meta property=\"og:locale\" content=\"de_DE\" \/>\n<meta property=\"og:type\" content=\"article\" \/>\n<meta property=\"og:title\" content=\"Patty Miller the Voice\" \/>\n<meta property=\"og:description\" content=\"Genie\u00dfen Sie die musikalische Vielfalt von Patty Miller the voice, die mit ihrem Talent das Publikum immer wieder begeisterte.\" \/>\n<meta property=\"og:url\" content=\"https:\/\/www.pattymiller.at\/?page_id=15834\" \/>\n<meta property=\"og:site_name\" content=\"Patty Miller vocal &amp; Helmut Hussian Fotografie\" \/>\n<meta property=\"article:modified_time\" content=\"2026-05-14T09:01:03+00:00\" \/>\n<meta name=\"twitter:card\" content=\"summary_large_image\" \/>\n<meta name=\"twitter:label1\" content=\"Gesch\u00e4tzte Lesezeit\" \/>\n\t<meta name=\"twitter:data1\" content=\"1\u00a0Minute\" \/>\n<script type=\"application\/ld+json\" class=\"yoast-schema-graph\">{\"@context\":\"https:\\\/\\\/schema.org\",\"@graph\":[{\"@type\":\"WebPage\",\"@id\":\"https:\\\/\\\/www.pattymiller.at\\\/?page_id=15834\",\"url\":\"https:\\\/\\\/www.pattymiller.at\\\/?page_id=15834\",\"name\":\"Patty Miller the Voice: Die Reise einer K\u00fcnstlerin : Patty Miller vocal &amp; Helmut Hussian Fotografie\",\"isPartOf\":{\"@id\":\"https:\\\/\\\/www.pattymiller.at\\\/#website\"},\"datePublished\":\"2026-05-13T13:53:36+00:00\",\"dateModified\":\"2026-05-14T09:01:03+00:00\",\"description\":\"Genie\u00dfen Sie die musikalische Vielfalt von Patty Miller the voice, die mit ihrem Talent das Publikum immer wieder begeisterte.\",\"breadcrumb\":{\"@id\":\"https:\\\/\\\/www.pattymiller.at\\\/?page_id=15834#breadcrumb\"},\"inLanguage\":\"de\",\"potentialAction\":[{\"@type\":\"ReadAction\",\"target\":[\"https:\\\/\\\/www.pattymiller.at\\\/?page_id=15834\"]}]},{\"@type\":\"BreadcrumbList\",\"@id\":\"https:\\\/\\\/www.pattymiller.at\\\/?page_id=15834#breadcrumb\",\"itemListElement\":[{\"@type\":\"ListItem\",\"position\":1,\"name\":\"Startseite\",\"item\":\"https:\\\/\\\/www.pattymiller.at\\\/\"},{\"@type\":\"ListItem\",\"position\":2,\"name\":\"Patty Miller the Voice\"}]},{\"@type\":\"WebSite\",\"@id\":\"https:\\\/\\\/www.pattymiller.at\\\/#website\",\"url\":\"https:\\\/\\\/www.pattymiller.at\\\/\",\"name\":\"Patty Miller vocal &amp; Helmut Hussian Fotografie\",\"description\":\"Unser Weg ist das Ziel - wir arbeiten derzeit daran!\",\"publisher\":{\"@id\":\"https:\\\/\\\/www.pattymiller.at\\\/#\\\/schema\\\/person\\\/1f9bd0a95e4c35fba18a93b2cae5a8f9\"},\"potentialAction\":[{\"@type\":\"SearchAction\",\"target\":{\"@type\":\"EntryPoint\",\"urlTemplate\":\"https:\\\/\\\/www.pattymiller.at\\\/?s={search_term_string}\"},\"query-input\":{\"@type\":\"PropertyValueSpecification\",\"valueRequired\":true,\"valueName\":\"search_term_string\"}}],\"inLanguage\":\"de\"},{\"@type\":[\"Person\",\"Organization\"],\"@id\":\"https:\\\/\\\/www.pattymiller.at\\\/#\\\/schema\\\/person\\\/1f9bd0a95e4c35fba18a93b2cae5a8f9\",\"name\":\"Helmut Hussian\",\"image\":{\"@type\":\"ImageObject\",\"inLanguage\":\"de\",\"@id\":\"https:\\\/\\\/i0.wp.com\\\/www.pattymiller.at\\\/wp-content\\\/uploads\\\/2018\\\/05\\\/cropped-cropped-cropped-cropped-jazzlogo.png?fit=512%2C512&ssl=1\",\"url\":\"https:\\\/\\\/i0.wp.com\\\/www.pattymiller.at\\\/wp-content\\\/uploads\\\/2018\\\/05\\\/cropped-cropped-cropped-cropped-jazzlogo.png?fit=512%2C512&ssl=1\",\"contentUrl\":\"https:\\\/\\\/i0.wp.com\\\/www.pattymiller.at\\\/wp-content\\\/uploads\\\/2018\\\/05\\\/cropped-cropped-cropped-cropped-jazzlogo.png?fit=512%2C512&ssl=1\",\"width\":512,\"height\":512,\"caption\":\"Helmut Hussian\"},\"logo\":{\"@id\":\"https:\\\/\\\/i0.wp.com\\\/www.pattymiller.at\\\/wp-content\\\/uploads\\\/2018\\\/05\\\/cropped-cropped-cropped-cropped-jazzlogo.png?fit=512%2C512&ssl=1\"},\"description\":\"Vieles im Leben ausprobiert, nicht immer das gescheiterte getan. So kam ich zur Musik und zur Fotografie.\",\"sameAs\":[\"http:\\\/\\\/www.pattymiller.at\"],\"knowsLanguage\":[\"Deutsch\"]}]}<\/script>\n<!-- \/ Yoast SEO Premium plugin. -->","yoast_head_json":{"title":"Patty Miller the Voice: Die Reise einer K\u00fcnstlerin : Patty Miller vocal &amp; Helmut Hussian Fotografie","description":"Genie\u00dfen Sie die musikalische Vielfalt von Patty Miller the voice, die mit ihrem Talent das Publikum immer wieder begeisterte.","robots":{"index":"index","follow":"follow","max-snippet":"max-snippet:-1","max-image-preview":"max-image-preview:large","max-video-preview":"max-video-preview:-1"},"canonical":"https:\/\/www.pattymiller.at\/?page_id=15834","og_locale":"de_DE","og_type":"article","og_title":"Patty Miller the Voice","og_description":"Genie\u00dfen Sie die musikalische Vielfalt von Patty Miller the voice, die mit ihrem Talent das Publikum immer wieder begeisterte.","og_url":"https:\/\/www.pattymiller.at\/?page_id=15834","og_site_name":"Patty Miller vocal &amp; Helmut Hussian Fotografie","article_modified_time":"2026-05-14T09:01:03+00:00","twitter_card":"summary_large_image","twitter_misc":{"Gesch\u00e4tzte Lesezeit":"1\u00a0Minute"},"schema":{"@context":"https:\/\/schema.org","@graph":[{"@type":"WebPage","@id":"https:\/\/www.pattymiller.at\/?page_id=15834","url":"https:\/\/www.pattymiller.at\/?page_id=15834","name":"Patty Miller the Voice: Die Reise einer K\u00fcnstlerin : Patty Miller vocal &amp; Helmut Hussian Fotografie","isPartOf":{"@id":"https:\/\/www.pattymiller.at\/#website"},"datePublished":"2026-05-13T13:53:36+00:00","dateModified":"2026-05-14T09:01:03+00:00","description":"Genie\u00dfen Sie die musikalische Vielfalt von Patty Miller the voice, die mit ihrem Talent das Publikum immer wieder begeisterte.","breadcrumb":{"@id":"https:\/\/www.pattymiller.at\/?page_id=15834#breadcrumb"},"inLanguage":"de","potentialAction":[{"@type":"ReadAction","target":["https:\/\/www.pattymiller.at\/?page_id=15834"]}]},{"@type":"BreadcrumbList","@id":"https:\/\/www.pattymiller.at\/?page_id=15834#breadcrumb","itemListElement":[{"@type":"ListItem","position":1,"name":"Startseite","item":"https:\/\/www.pattymiller.at\/"},{"@type":"ListItem","position":2,"name":"Patty Miller the Voice"}]},{"@type":"WebSite","@id":"https:\/\/www.pattymiller.at\/#website","url":"https:\/\/www.pattymiller.at\/","name":"Patty Miller vocal &amp; Helmut Hussian Fotografie","description":"Unser Weg ist das Ziel - wir arbeiten derzeit daran!","publisher":{"@id":"https:\/\/www.pattymiller.at\/#\/schema\/person\/1f9bd0a95e4c35fba18a93b2cae5a8f9"},"potentialAction":[{"@type":"SearchAction","target":{"@type":"EntryPoint","urlTemplate":"https:\/\/www.pattymiller.at\/?s={search_term_string}"},"query-input":{"@type":"PropertyValueSpecification","valueRequired":true,"valueName":"search_term_string"}}],"inLanguage":"de"},{"@type":["Person","Organization"],"@id":"https:\/\/www.pattymiller.at\/#\/schema\/person\/1f9bd0a95e4c35fba18a93b2cae5a8f9","name":"Helmut Hussian","image":{"@type":"ImageObject","inLanguage":"de","@id":"https:\/\/i0.wp.com\/www.pattymiller.at\/wp-content\/uploads\/2018\/05\/cropped-cropped-cropped-cropped-jazzlogo.png?fit=512%2C512&ssl=1","url":"https:\/\/i0.wp.com\/www.pattymiller.at\/wp-content\/uploads\/2018\/05\/cropped-cropped-cropped-cropped-jazzlogo.png?fit=512%2C512&ssl=1","contentUrl":"https:\/\/i0.wp.com\/www.pattymiller.at\/wp-content\/uploads\/2018\/05\/cropped-cropped-cropped-cropped-jazzlogo.png?fit=512%2C512&ssl=1","width":512,"height":512,"caption":"Helmut Hussian"},"logo":{"@id":"https:\/\/i0.wp.com\/www.pattymiller.at\/wp-content\/uploads\/2018\/05\/cropped-cropped-cropped-cropped-jazzlogo.png?fit=512%2C512&ssl=1"},"description":"Vieles im Leben ausprobiert, nicht immer das gescheiterte getan. So kam ich zur Musik und zur Fotografie.","sameAs":["http:\/\/www.pattymiller.at"],"knowsLanguage":["Deutsch"]}]}},"jetpack_sharing_enabled":true,"_links":{"self":[{"href":"https:\/\/www.pattymiller.at\/index.php?rest_route=\/wp\/v2\/pages\/15834","targetHints":{"allow":["GET"]}}],"collection":[{"href":"https:\/\/www.pattymiller.at\/index.php?rest_route=\/wp\/v2\/pages"}],"about":[{"href":"https:\/\/www.pattymiller.at\/index.php?rest_route=\/wp\/v2\/types\/page"}],"author":[{"embeddable":true,"href":"https:\/\/www.pattymiller.at\/index.php?rest_route=\/wp\/v2\/users\/1"}],"replies":[{"embeddable":true,"href":"https:\/\/www.pattymiller.at\/index.php?rest_route=%2Fwp%2Fv2%2Fcomments&post=15834"}],"version-history":[{"count":11,"href":"https:\/\/www.pattymiller.at\/index.php?rest_route=\/wp\/v2\/pages\/15834\/revisions"}],"predecessor-version":[{"id":15875,"href":"https:\/\/www.pattymiller.at\/index.php?rest_route=\/wp\/v2\/pages\/15834\/revisions\/15875"}],"wp:attachment":[{"href":"https:\/\/www.pattymiller.at\/index.php?rest_route=%2Fwp%2Fv2%2Fmedia&parent=15834"}],"curies":[{"name":"wp","href":"https:\/\/api.w.org\/{rel}","templated":true}]}}