{"id":2443,"date":"2026-03-20T17:35:27","date_gmt":"2026-03-20T16:35:27","guid":{"rendered":"http:\/\/www.pattymiller.at\/?page_id=2443"},"modified":"2026-05-02T15:35:22","modified_gmt":"2026-05-02T13:35:22","slug":"fotografie-helmut-hussian","status":"publish","type":"page","link":"https:\/\/www.pattymiller.at\/?page_id=2443","title":{"rendered":"Mein fotografischer Weg"},"content":{"rendered":"<div class=\"wp-block-image\">\r\n<figure class=\"alignleft\"><a href=\"https:\/\/i0.wp.com\/www.pattymiller.at\/wp-content\/uploads\/2026\/01\/HelmutfuerHPmono2.jpg?ssl=1\"><img data-recalc-dims=\"1\" decoding=\"async\" width=\"150\" height=\"150\" class=\"wp-image-14931\" src=\"https:\/\/i0.wp.com\/www.pattymiller.at\/wp-content\/uploads\/2026\/01\/HelmutfuerHPmono2.jpg?resize=150%2C150&#038;ssl=1\" alt=\"Helmut Hussian\" srcset=\"https:\/\/i0.wp.com\/www.pattymiller.at\/wp-content\/uploads\/2026\/01\/HelmutfuerHPmono2.jpg?resize=150%2C150&amp;ssl=1 150w, https:\/\/i0.wp.com\/www.pattymiller.at\/wp-content\/uploads\/2026\/01\/HelmutfuerHPmono2.jpg?zoom=2&amp;resize=150%2C150&amp;ssl=1 300w, https:\/\/i0.wp.com\/www.pattymiller.at\/wp-content\/uploads\/2026\/01\/HelmutfuerHPmono2.jpg?zoom=3&amp;resize=150%2C150&amp;ssl=1 450w\" sizes=\"(max-width: 150px) 100vw, 150px\" \/><\/a>\r\n<figcaption class=\"wp-element-caption\">Helmut Hussian<\/figcaption>\r\n<\/figure>\r\n<\/div>\r\n\r\n\r\n<p class=\"has-text-align-left\"><strong>Mein fotografischer Weg:<\/strong><em><strong><br \/><\/strong><\/em><\/p>\r\n\r\n\r\n\r\n<p class=\"has-text-align-left\"><em><strong>\u00dcber mich<\/strong><\/em><br \/>Mein Name ist Helmut Hussian und mein Geburts-, und Wohnort ist Wien.<br \/>Die Fotografie ist seit Jahrzehnten mein Hobby da es v\u00e4terlicherseits zu Erlernen verhindert wurde. Mein Wunsch eine Lehre als Fotograf wurde leider im Keim erstickt.<br \/>Nach meiner Pensionierung betreibe ich die Fotografie mit Blickrichtung auf &#8220;Semi-Profi&#8221; und als Kleinunternehmer.<br \/>F\u00fcr mich ist das Fotografieren keine Endstation sondern eine Faszination.<br \/>Die Ausarbeitung und der Ausdruck der Fotos ist die zweite Faszination!<\/p>\r\n\r\n\r\n\r\n\r\n\r\n<h4 class=\"wp-block-heading\">Mein fotografischer Weg begann 1954<span style=\"font-family: inherit;\">:<\/span><\/h4>\r\n\r\n\r\n\r\n<p>Mein erstes Foto entstand 1954 mit einer Agfa \u201cBOX-Tengor\u201d meiner Mutter, auf der B\u00fcrgeralm bei einer Wallfahrt nach Mariazell.<br \/>Dieses Unget\u00fcm besitze ich noch immer!<br \/>Die Fotos kamen gut an und mein Firmpate schenkte mir bald darauf meine erste eigene Kamera, eine Eumig und diese begleitete mich \u00fcber viele Jahre hinweg, bis meine Kinder zur Welt kamen.\u00a0<\/p>\r\n\r\n\r\n\r\n<p>Fotografie ist f\u00fcr mich das ideale Ausdrucksmittel, um vergangenes auch k\u00fcnftig bewahren zu k\u00f6nnen! Handyfotos, damit fotografiere ich auch selten, haben leider sehr oft ein nur kurzes Ablaufdatum und verschwinden dann irgendwo im Nirvana des www. Diese Aufzubereiten, zu \u00dcberarbeiten \u00a0und der Nachwelt zu Erhalten ist eines meiner Bestrebungen. F\u00fcr interessierte bearbeite ich auch gerne beigestellte Smartphones-Fotos.<\/p>\r\n\r\n\r\n\r\n<p>Ein Foto 1:1 zu zeigen ist mit jedem Handy m\u00f6glich.<br \/>Mein Foto Equipment kostet einige Smartphones, der plausibele Grund warum ich eine digitale Kamera verwende, zeigt sich bereits beim Print der Fotos (auch bei einer Gr\u00f6\u00dfe von bis zu DIN A0) auf Papier oder Alu-Dibond.\u00a0<\/p>\r\n\r\n\r\n\r\n<p><strong>\u00dcbrigens:<\/strong><br \/>F\u00fcr analoge Fotografen bietet <a href=\"https:\/\/grabherr-photography.com\">Karl Grabherr<\/a> einen Kurs zum Entwickeln der eigenen Fotos an!<\/p>\r\n\r\n\r\n\r\n<h4 class=\"wp-block-heading\">Dokumentationen (beruflich bedingte):<\/h4>\r\n\r\n\r\n\r\n<p>Ein weiterer Weg in der Fotografie war in mein Beruf als Techniker.<br \/>Meine Arbeit verlangte fast immer fotografische Dokumentationen. Diese konnte ich dann idealerweise bei meinen div. arbeitstechnischen Dia-Vortr\u00e4gen einbauen.<\/p>\r\n\r\n\r\n\r\n<h4 class=\"wp-block-heading\">Rund um die Fotografie:<\/h4>\r\n\r\n\r\n\r\n<p>Um mein fotografisches Wissen und K\u00f6nnen zu erweitern, entschloss ich mich, einem \u00a0<a href=\"https:\/\/ersiees-fotoclub.at\/joomla\/\">Fotoklub<\/a> beizutreten.<br \/>In diesem konnte ich viel Neues entdecken und mich auch in zahlreichen Klubeigenen Workshops weiterbilden. Dies empfehle ich jedem fotobegeisterten oder Anf\u00e4ngern in der Fotografie.<\/p>\r\n\r\n\r\n\r\n<p>Nach meiner Schulter OP gab es Probleme, meine schwere (damals noch) \u00a0Canon Ausr\u00fcstung einen ganzen Tag lang mit mir zu tragen. \u00dcber \u00a0<a href=\"https:\/\/grabherr-photography.com\/\">Karl Grabherr<\/a> lernte ich damals die Fotomarke <a href=\"https:\/\/explore.omsystem.com\/at\/de\/\">Olympus<\/a> kennen. Diese Kamera war vor allem leichter.<\/p>\r\n\r\n\r\n\r\n<p>F\u00fcr Olympus Fotografen hat <a href=\"https:\/\/grabherr-photography.com\">Karl Grabherr<\/a> auch eine wunderbare <br \/>&#8220;<a href=\"https:\/\/training.grabherr-photography.com\/\">Self-learning page<\/a>&#8221; aber auch andere \u00a0tolle Angebote f\u00fcr Fotografen geschaffen!<\/p>\r\n\r\n\r\n\r\n<h4 class=\"wp-block-heading ww-h4 mb-3 font-semibold\">Lieblingsmotive und Hobbys:<\/h4>\r\n\r\n\r\n\r\n<p>Eigentlich habe ich kein ausgesprochenes Lieblingsmotiv!<br \/>Ich fotografiere mit sehr viel Intuition, oft ungeplant, das richtige Licht\/die richtige Stimmung, Farben, grafische Elemente u.s.w. spielen dabei eine gro\u00dfe Rolle. Aber auch Zufall, Absurdit\u00e4ten, Humor, allt\u00e4gliche (Hopplas) Situationen reizen mich.<br \/>Auch arbeite ich gerne als Zweitfotograf bei Hochzeiten oder anderes. Hier ist der gebuchte Profi-Fotograf die Bezugsperson und ich habe die M\u00f6glichkeit dabei ein z.B. total entspanntes Hochzeitspaar, zu fotografieren!<br \/>Eine weitere und f\u00fcr mich interessante Sparte ist die Theater und Konzert Fotografie geworden.<\/p>\r\n\r\n\r\n\r\n<h4 class=\"wp-block-heading\">Neu ab 2024<\/h4>\r\n\r\n\r\n\r\n<p>Fotob\u00fccher und Fotokalender<br \/>etwas anders als das gew\u00f6hnliche!<br \/>Auch Kleinserien ab 1 bis xx St\u00fcck als Werbung f\u00fcr Firmen sind m\u00f6glich!<br \/>Auch nur Bildbearbeitungen von anderen Fotografen!<br \/>Anfragen bitte hier unter: hehufoto(at)gmail.com<br \/>&#8212;<br \/><a href=\"https:\/\/www.pattymiller.at\">Zur\u00fcck\/Back to Home Patty Mil<\/a><\/p>\r\n","protected":false},"excerpt":{"rendered":"<p>Mein fotografischer Weg: \u00dcber michMein Name ist Helmut Hussian und mein Geburts-, und Wohnort ist Wien.Die Fotografie ist seit Jahrzehnten mein Hobby da es v\u00e4terlicherseits zu Erlernen verhindert wurde. Mein Wunsch eine Lehre als Fotograf wurde leider im Keim erstickt.Nach meiner Pensionierung betreibe ich die Fotografie mit Blickrichtung auf &#8220;Semi-Profi&#8221; und als Kleinunternehmer.F\u00fcr mich ist &hellip; <\/p>\n<p><a class=\"more-link btn\" href=\"https:\/\/www.pattymiller.at\/?page_id=2443\">Weiterlesen<\/a><\/p>\n","protected":false},"author":2,"featured_media":0,"parent":0,"menu_order":0,"comment_status":"closed","ping_status":"closed","template":"","meta":{"footnotes":""},"class_list":["post-2443","page","type-page","status-publish","hentry","nodate","item-wrap"],"yoast_head":"<!-- This site is optimized with the Yoast SEO Premium plugin v27.6 (Yoast SEO v27.6) - https:\/\/yoast.com\/product\/yoast-seo-premium-wordpress\/ -->\n<title>\u00dcber mich, mein fotografischer Weg<\/title>\n<meta name=\"description\" content=\"\u00dcber Helmut Hussian und seinem fotografischen Weg. Entdecken Sie seine Fotografien sowie ihre Ausdrucksm\u00f6glichkeiten.\" \/>\n<meta name=\"robots\" content=\"index, follow, max-snippet:-1, max-image-preview:large, max-video-preview:-1\" \/>\n<link rel=\"canonical\" href=\"https:\/\/www.pattymiller.at\/?page_id=2443\" \/>\n<meta property=\"og:locale\" content=\"de_DE\" \/>\n<meta property=\"og:type\" content=\"article\" \/>\n<meta property=\"og:title\" content=\"Mein fotografischer Weg\" \/>\n<meta property=\"og:description\" content=\"\u00dcber Helmut Hussian und seinem fotografischen Weg. Entdecken Sie seine Fotografien sowie ihre Ausdrucksm\u00f6glichkeiten.\" \/>\n<meta property=\"og:url\" content=\"https:\/\/www.pattymiller.at\/?page_id=2443\" \/>\n<meta property=\"og:site_name\" content=\"Patty Miller vocal &amp; Helmut Hussian Fotografie\" \/>\n<meta property=\"article:modified_time\" content=\"2026-05-02T13:35:22+00:00\" \/>\n<meta property=\"og:image\" content=\"https:\/\/www.pattymiller.at\/wp-content\/uploads\/2026\/01\/HelmutfuerHPmono2-150x150.jpg\" \/>\n<meta name=\"twitter:card\" content=\"summary_large_image\" \/>\n<meta name=\"twitter:label1\" content=\"Gesch\u00e4tzte Lesezeit\" \/>\n\t<meta name=\"twitter:data1\" content=\"4\u00a0Minuten\" \/>\n<script type=\"application\/ld+json\" class=\"yoast-schema-graph\">{\"@context\":\"https:\\\/\\\/schema.org\",\"@graph\":[{\"@type\":[\"Article\",\"Report\"],\"@id\":\"https:\\\/\\\/www.pattymiller.at\\\/?page_id=2443#article\",\"isPartOf\":{\"@id\":\"https:\\\/\\\/www.pattymiller.at\\\/?page_id=2443\"},\"author\":{\"name\":\"Helmut Hussian\",\"@id\":\"https:\\\/\\\/www.pattymiller.at\\\/#\\\/schema\\\/person\\\/2b569c9d086aeb5b818c521830ba5776\"},\"headline\":\"Mein fotografischer Weg\",\"datePublished\":\"2026-03-20T16:35:27+00:00\",\"dateModified\":\"2026-05-02T13:35:22+00:00\",\"mainEntityOfPage\":{\"@id\":\"https:\\\/\\\/www.pattymiller.at\\\/?page_id=2443\"},\"wordCount\":548,\"publisher\":{\"@id\":\"https:\\\/\\\/www.pattymiller.at\\\/#\\\/schema\\\/person\\\/1f9bd0a95e4c35fba18a93b2cae5a8f9\"},\"image\":{\"@id\":\"https:\\\/\\\/www.pattymiller.at\\\/?page_id=2443#primaryimage\"},\"thumbnailUrl\":\"https:\\\/\\\/www.pattymiller.at\\\/wp-content\\\/uploads\\\/2026\\\/01\\\/HelmutfuerHPmono2-150x150.jpg\",\"inLanguage\":\"de\"},{\"@type\":\"WebPage\",\"@id\":\"https:\\\/\\\/www.pattymiller.at\\\/?page_id=2443\",\"url\":\"https:\\\/\\\/www.pattymiller.at\\\/?page_id=2443\",\"name\":\"\u00dcber mich, mein fotografischer Weg\",\"isPartOf\":{\"@id\":\"https:\\\/\\\/www.pattymiller.at\\\/#website\"},\"primaryImageOfPage\":{\"@id\":\"https:\\\/\\\/www.pattymiller.at\\\/?page_id=2443#primaryimage\"},\"image\":{\"@id\":\"https:\\\/\\\/www.pattymiller.at\\\/?page_id=2443#primaryimage\"},\"thumbnailUrl\":\"https:\\\/\\\/www.pattymiller.at\\\/wp-content\\\/uploads\\\/2026\\\/01\\\/HelmutfuerHPmono2-150x150.jpg\",\"datePublished\":\"2026-03-20T16:35:27+00:00\",\"dateModified\":\"2026-05-02T13:35:22+00:00\",\"description\":\"\u00dcber Helmut Hussian und seinem fotografischen Weg. Entdecken Sie seine Fotografien sowie ihre Ausdrucksm\u00f6glichkeiten.\",\"breadcrumb\":{\"@id\":\"https:\\\/\\\/www.pattymiller.at\\\/?page_id=2443#breadcrumb\"},\"inLanguage\":\"de\",\"potentialAction\":[{\"@type\":\"ReadAction\",\"target\":[\"https:\\\/\\\/www.pattymiller.at\\\/?page_id=2443\"]}]},{\"@type\":\"ImageObject\",\"inLanguage\":\"de\",\"@id\":\"https:\\\/\\\/www.pattymiller.at\\\/?page_id=2443#primaryimage\",\"url\":\"https:\\\/\\\/i0.wp.com\\\/www.pattymiller.at\\\/wp-content\\\/uploads\\\/2026\\\/01\\\/HelmutfuerHPmono2.jpg?fit=810%2C1080&ssl=1\",\"contentUrl\":\"https:\\\/\\\/i0.wp.com\\\/www.pattymiller.at\\\/wp-content\\\/uploads\\\/2026\\\/01\\\/HelmutfuerHPmono2.jpg?fit=810%2C1080&ssl=1\",\"width\":810,\"height\":1080,\"caption\":\"Fotograf\"},{\"@type\":\"BreadcrumbList\",\"@id\":\"https:\\\/\\\/www.pattymiller.at\\\/?page_id=2443#breadcrumb\",\"itemListElement\":[{\"@type\":\"ListItem\",\"position\":1,\"name\":\"Startseite\",\"item\":\"https:\\\/\\\/www.pattymiller.at\\\/\"},{\"@type\":\"ListItem\",\"position\":2,\"name\":\"Mein fotografischer Weg\"}]},{\"@type\":\"WebSite\",\"@id\":\"https:\\\/\\\/www.pattymiller.at\\\/#website\",\"url\":\"https:\\\/\\\/www.pattymiller.at\\\/\",\"name\":\"Patty Miller vocal &amp; Helmut Hussian Fotografie\",\"description\":\"Unser Weg ist das Ziel - wir arbeiten derzeit daran!\",\"publisher\":{\"@id\":\"https:\\\/\\\/www.pattymiller.at\\\/#\\\/schema\\\/person\\\/1f9bd0a95e4c35fba18a93b2cae5a8f9\"},\"potentialAction\":[{\"@type\":\"SearchAction\",\"target\":{\"@type\":\"EntryPoint\",\"urlTemplate\":\"https:\\\/\\\/www.pattymiller.at\\\/?s={search_term_string}\"},\"query-input\":{\"@type\":\"PropertyValueSpecification\",\"valueRequired\":true,\"valueName\":\"search_term_string\"}}],\"inLanguage\":\"de\"},{\"@type\":[\"Person\",\"Organization\"],\"@id\":\"https:\\\/\\\/www.pattymiller.at\\\/#\\\/schema\\\/person\\\/1f9bd0a95e4c35fba18a93b2cae5a8f9\",\"name\":\"Helmut Hussian\",\"image\":{\"@type\":\"ImageObject\",\"inLanguage\":\"de\",\"@id\":\"https:\\\/\\\/i0.wp.com\\\/www.pattymiller.at\\\/wp-content\\\/uploads\\\/2018\\\/05\\\/cropped-cropped-cropped-cropped-jazzlogo.png?fit=512%2C512&ssl=1\",\"url\":\"https:\\\/\\\/i0.wp.com\\\/www.pattymiller.at\\\/wp-content\\\/uploads\\\/2018\\\/05\\\/cropped-cropped-cropped-cropped-jazzlogo.png?fit=512%2C512&ssl=1\",\"contentUrl\":\"https:\\\/\\\/i0.wp.com\\\/www.pattymiller.at\\\/wp-content\\\/uploads\\\/2018\\\/05\\\/cropped-cropped-cropped-cropped-jazzlogo.png?fit=512%2C512&ssl=1\",\"width\":512,\"height\":512,\"caption\":\"Helmut Hussian\"},\"logo\":{\"@id\":\"https:\\\/\\\/i0.wp.com\\\/www.pattymiller.at\\\/wp-content\\\/uploads\\\/2018\\\/05\\\/cropped-cropped-cropped-cropped-jazzlogo.png?fit=512%2C512&ssl=1\"},\"description\":\"Vieles im Leben ausprobiert, nicht immer das gescheiterte getan. So kam ich zur Musik und zur Fotografie.\",\"sameAs\":[\"http:\\\/\\\/www.pattymiller.at\"],\"knowsLanguage\":[\"Deutsch\"]},{\"@type\":\"Person\",\"@id\":\"https:\\\/\\\/www.pattymiller.at\\\/#\\\/schema\\\/person\\\/2b569c9d086aeb5b818c521830ba5776\",\"name\":\"Helmut Hussian\",\"description\":\"Vieles im Leben falsch gemacht, endlich bin ich hier gelandet!\",\"sameAs\":[\"http:\\\/\\\/www.pattymiller.at\",\"https:\\\/\\\/www.facebook.com\\\/profile.php?id=100068707299265\",\"https:\\\/\\\/www.instagram.com\\\/hussian.helmut\\\/\"],\"knowsAbout\":[\"Tischlerei\",\"Betontechnologie\",\"Tontechnik\",\"Fotografie\"],\"knowsLanguage\":[\"Deutsch\"],\"url\":\"https:\\\/\\\/www.pattymiller.at\\\/?author=2\"}]}<\/script>\n<!-- \/ Yoast SEO Premium plugin. -->","yoast_head_json":{"title":"\u00dcber mich, mein fotografischer Weg","description":"\u00dcber Helmut Hussian und seinem fotografischen Weg. Entdecken Sie seine Fotografien sowie ihre Ausdrucksm\u00f6glichkeiten.","robots":{"index":"index","follow":"follow","max-snippet":"max-snippet:-1","max-image-preview":"max-image-preview:large","max-video-preview":"max-video-preview:-1"},"canonical":"https:\/\/www.pattymiller.at\/?page_id=2443","og_locale":"de_DE","og_type":"article","og_title":"Mein fotografischer Weg","og_description":"\u00dcber Helmut Hussian und seinem fotografischen Weg. Entdecken Sie seine Fotografien sowie ihre Ausdrucksm\u00f6glichkeiten.","og_url":"https:\/\/www.pattymiller.at\/?page_id=2443","og_site_name":"Patty Miller vocal &amp; Helmut Hussian Fotografie","article_modified_time":"2026-05-02T13:35:22+00:00","og_image":[{"url":"https:\/\/www.pattymiller.at\/wp-content\/uploads\/2026\/01\/HelmutfuerHPmono2-150x150.jpg","type":"","width":"","height":""}],"twitter_card":"summary_large_image","twitter_misc":{"Gesch\u00e4tzte Lesezeit":"4\u00a0Minuten"},"schema":{"@context":"https:\/\/schema.org","@graph":[{"@type":["Article","Report"],"@id":"https:\/\/www.pattymiller.at\/?page_id=2443#article","isPartOf":{"@id":"https:\/\/www.pattymiller.at\/?page_id=2443"},"author":{"name":"Helmut Hussian","@id":"https:\/\/www.pattymiller.at\/#\/schema\/person\/2b569c9d086aeb5b818c521830ba5776"},"headline":"Mein fotografischer Weg","datePublished":"2026-03-20T16:35:27+00:00","dateModified":"2026-05-02T13:35:22+00:00","mainEntityOfPage":{"@id":"https:\/\/www.pattymiller.at\/?page_id=2443"},"wordCount":548,"publisher":{"@id":"https:\/\/www.pattymiller.at\/#\/schema\/person\/1f9bd0a95e4c35fba18a93b2cae5a8f9"},"image":{"@id":"https:\/\/www.pattymiller.at\/?page_id=2443#primaryimage"},"thumbnailUrl":"https:\/\/www.pattymiller.at\/wp-content\/uploads\/2026\/01\/HelmutfuerHPmono2-150x150.jpg","inLanguage":"de"},{"@type":"WebPage","@id":"https:\/\/www.pattymiller.at\/?page_id=2443","url":"https:\/\/www.pattymiller.at\/?page_id=2443","name":"\u00dcber mich, mein fotografischer Weg","isPartOf":{"@id":"https:\/\/www.pattymiller.at\/#website"},"primaryImageOfPage":{"@id":"https:\/\/www.pattymiller.at\/?page_id=2443#primaryimage"},"image":{"@id":"https:\/\/www.pattymiller.at\/?page_id=2443#primaryimage"},"thumbnailUrl":"https:\/\/www.pattymiller.at\/wp-content\/uploads\/2026\/01\/HelmutfuerHPmono2-150x150.jpg","datePublished":"2026-03-20T16:35:27+00:00","dateModified":"2026-05-02T13:35:22+00:00","description":"\u00dcber Helmut Hussian und seinem fotografischen Weg. Entdecken Sie seine Fotografien sowie ihre Ausdrucksm\u00f6glichkeiten.","breadcrumb":{"@id":"https:\/\/www.pattymiller.at\/?page_id=2443#breadcrumb"},"inLanguage":"de","potentialAction":[{"@type":"ReadAction","target":["https:\/\/www.pattymiller.at\/?page_id=2443"]}]},{"@type":"ImageObject","inLanguage":"de","@id":"https:\/\/www.pattymiller.at\/?page_id=2443#primaryimage","url":"https:\/\/i0.wp.com\/www.pattymiller.at\/wp-content\/uploads\/2026\/01\/HelmutfuerHPmono2.jpg?fit=810%2C1080&ssl=1","contentUrl":"https:\/\/i0.wp.com\/www.pattymiller.at\/wp-content\/uploads\/2026\/01\/HelmutfuerHPmono2.jpg?fit=810%2C1080&ssl=1","width":810,"height":1080,"caption":"Fotograf"},{"@type":"BreadcrumbList","@id":"https:\/\/www.pattymiller.at\/?page_id=2443#breadcrumb","itemListElement":[{"@type":"ListItem","position":1,"name":"Startseite","item":"https:\/\/www.pattymiller.at\/"},{"@type":"ListItem","position":2,"name":"Mein fotografischer Weg"}]},{"@type":"WebSite","@id":"https:\/\/www.pattymiller.at\/#website","url":"https:\/\/www.pattymiller.at\/","name":"Patty Miller vocal &amp; Helmut Hussian Fotografie","description":"Unser Weg ist das Ziel - wir arbeiten derzeit daran!","publisher":{"@id":"https:\/\/www.pattymiller.at\/#\/schema\/person\/1f9bd0a95e4c35fba18a93b2cae5a8f9"},"potentialAction":[{"@type":"SearchAction","target":{"@type":"EntryPoint","urlTemplate":"https:\/\/www.pattymiller.at\/?s={search_term_string}"},"query-input":{"@type":"PropertyValueSpecification","valueRequired":true,"valueName":"search_term_string"}}],"inLanguage":"de"},{"@type":["Person","Organization"],"@id":"https:\/\/www.pattymiller.at\/#\/schema\/person\/1f9bd0a95e4c35fba18a93b2cae5a8f9","name":"Helmut Hussian","image":{"@type":"ImageObject","inLanguage":"de","@id":"https:\/\/i0.wp.com\/www.pattymiller.at\/wp-content\/uploads\/2018\/05\/cropped-cropped-cropped-cropped-jazzlogo.png?fit=512%2C512&ssl=1","url":"https:\/\/i0.wp.com\/www.pattymiller.at\/wp-content\/uploads\/2018\/05\/cropped-cropped-cropped-cropped-jazzlogo.png?fit=512%2C512&ssl=1","contentUrl":"https:\/\/i0.wp.com\/www.pattymiller.at\/wp-content\/uploads\/2018\/05\/cropped-cropped-cropped-cropped-jazzlogo.png?fit=512%2C512&ssl=1","width":512,"height":512,"caption":"Helmut Hussian"},"logo":{"@id":"https:\/\/i0.wp.com\/www.pattymiller.at\/wp-content\/uploads\/2018\/05\/cropped-cropped-cropped-cropped-jazzlogo.png?fit=512%2C512&ssl=1"},"description":"Vieles im Leben ausprobiert, nicht immer das gescheiterte getan. So kam ich zur Musik und zur Fotografie.","sameAs":["http:\/\/www.pattymiller.at"],"knowsLanguage":["Deutsch"]},{"@type":"Person","@id":"https:\/\/www.pattymiller.at\/#\/schema\/person\/2b569c9d086aeb5b818c521830ba5776","name":"Helmut Hussian","description":"Vieles im Leben falsch gemacht, endlich bin ich hier gelandet!","sameAs":["http:\/\/www.pattymiller.at","https:\/\/www.facebook.com\/profile.php?id=100068707299265","https:\/\/www.instagram.com\/hussian.helmut\/"],"knowsAbout":["Tischlerei","Betontechnologie","Tontechnik","Fotografie"],"knowsLanguage":["Deutsch"],"url":"https:\/\/www.pattymiller.at\/?author=2"}]}},"jetpack_sharing_enabled":true,"_links":{"self":[{"href":"https:\/\/www.pattymiller.at\/index.php?rest_route=\/wp\/v2\/pages\/2443","targetHints":{"allow":["GET"]}}],"collection":[{"href":"https:\/\/www.pattymiller.at\/index.php?rest_route=\/wp\/v2\/pages"}],"about":[{"href":"https:\/\/www.pattymiller.at\/index.php?rest_route=\/wp\/v2\/types\/page"}],"author":[{"embeddable":true,"href":"https:\/\/www.pattymiller.at\/index.php?rest_route=\/wp\/v2\/users\/2"}],"replies":[{"embeddable":true,"href":"https:\/\/www.pattymiller.at\/index.php?rest_route=%2Fwp%2Fv2%2Fcomments&post=2443"}],"version-history":[{"count":362,"href":"https:\/\/www.pattymiller.at\/index.php?rest_route=\/wp\/v2\/pages\/2443\/revisions"}],"predecessor-version":[{"id":15614,"href":"https:\/\/www.pattymiller.at\/index.php?rest_route=\/wp\/v2\/pages\/2443\/revisions\/15614"}],"wp:attachment":[{"href":"https:\/\/www.pattymiller.at\/index.php?rest_route=%2Fwp%2Fv2%2Fmedia&parent=2443"}],"curies":[{"name":"wp","href":"https:\/\/api.w.org\/{rel}","templated":true}]}}